{"id":10395,"date":"2022-07-19T15:52:38","date_gmt":"2022-07-19T15:52:38","guid":{"rendered":"http:\/\/ecclesiae.de\/blog\/?page_id=10395"},"modified":"2022-07-19T15:52:38","modified_gmt":"2022-07-19T15:52:38","slug":"altes-gebet-zum-heiligen-josef","status":"publish","type":"page","link":"https:\/\/ecclesiae.de\/blog\/?page_id=10395","title":{"rendered":"Altes Gebet zum heiligen Josef"},"content":{"rendered":"\n<p>Heiliger Josef, blick vom Himmel<br>auf Dein armes Pflegekind,<br>dass im schn\u00f6den Weltget\u00fcmmel<br>nicht die wahre Br\u00fccke find.<br>M\u00f6chte so gerne heilig werden,<br>doch Du kennst mein b\u00f6ses Herz,<br>siehst wie K\u00e4mpfe und Beschwerden<br>mir bereiten manchen Schmerz.<br>Heut erw\u00e4hl ich Dich zum Vater<br>Und zum Lehrer, F\u00fchrer, Freund,<br>denn Du Heiliger bist ein Rater,<br>der es redlich mit mir meint.<br>O Sankt Josef, meine Seele<br>ist gar arm und elend dran,<br>sieh doch, wie ich t\u00e4glich fehle,<br>wie ich gar nicht voran kann.<br>Viele, viele fromme Seelen<br>Sagen, dass wir Dich verehrt.<br>Sicher darauf k\u00f6nnte z\u00e4hlen,<br>dass ihm alles wird gew\u00e4hrt.<br>Darum lass mich heute eilen,<br>an Dein v\u00e4terliches Herz,<br>um Dir treulich mitzuteilen,<br>bester Vater meinen Schmerz.<br>Du, ein Vorbild frommer Einfalt,<br>Zimmermann von Nazareth,<br>tu\u2019 in mir den Stolz doch Einhalt,<br>sieh, wie meine Seele fehlt.<br>M\u00f6chte die Demut von Dir lernen,<br>Demut, Einfalt, Kindes Sinn,<br>m\u00f6chte mich selbst von Dir entfernen,<br>doch die Selbstsucht rei\u00dft mich hin.<br>M\u00f6chte gerne beten lernen,<br>beten nach des Heilands Sinn.<br>M\u00f6chte vom Tod schon mich entfernen,<br>streben nur nach oben hin.<br>Doch mein Herz ist gar so fl\u00fcchtig,<br>weilt bald hier und ruht bald dort<br>und wei\u00df doch, dass alles richtig,<br>dass der Herr allein sein Hort.<br>Komme heiliger Pflegevater,<br>h\u00f6re mitleidvoll mich an,<br>sei mir doch ein treuer Rater,<br>auf des Himmels steiler Bahn.<br>Lass mich von Dir beten lernen,<br>beten ohne unterlass,<br>mich vom Heiland nie entfernen<br>und ihn lieben ohne Ma\u00df.<br>Ja, die heilige Gottesliebe,<br>die so ganz Dein Herz durchgl\u00fcht,<br>heilige auch meine Triebe,<br>meine Seele, mein Gem\u00fct.<br><br>Gott allein sei meine Freunde,<br>Gotte allein sei all mein Gl\u00fcck,<br>Gott allein in Schmerz und Leiden,<br>Gott in jedem Augenblick.<br>Und die Liebe zu dem n\u00e4chsten<br>heiligen Vater \u00fcbt ich gern.<br>O, sie war in Dir am regsten,<br>denn Du lerntest sie vom Herrn.<br>Sahst die in Maria gl\u00fchen,<br>Deiner reinen heiligen Braut.<br>O, wie m\u00e4chtig m\u00fcsst es ziehen,<br>wenn man solches Beispiel schaut.<br>Drum St. Josef bittend, kniend,<br>jetzt Dein Pflegekind, vor Dir,<br>von der Lieb in Dir gl\u00fcht,<br>sende heut ein F\u00fcnklein mir,<br>dass ich alle Menschen liebe,<br>weil der Herr sie innig liebt.<br>Das ich keinen je betr\u00fcge,<br>weil mein Gott sonst wird betr\u00fcbt.<br>O, lass mich doch nie es wagen,<br>irgendeinem weh zu tun,<br>was mir dann mein Heiland sagen,<br>kann den Zorn er lassen ruhn?<br>Nein, kein W\u00f6rtchen, kein Gedanke<br>St\u00f6rt den seligen Verein.<br>Dieser Vorsatz niemals wanke,<br>lass uns gute Kinder sein-<br>Und der Tugend sch\u00f6nste Zierde,<br>heilige Reinheit schm\u00fcckte Dich.<br>O mit hei\u00dfester Begierde,<br>sehnt meine Selle sich.<br>Diese Tugend zu empfangen,<br>durch die, bester Vater mein,<br>Du kannst von dem Herrn erlangen,<br>dass ich lebe keusch und rein.<br>Heiliger Josef schau vom Himmel,<br>auf Dein Kind, dass Dir vertraut,<br>rei\u00df mich los vom Weltget\u00fcmmel,<br>wo man nichts als S\u00fcnde schaut.<br>Heilig, heilig m\u00f6chte ich werden,<br>sprich f\u00fcr mich ein wirksam Wort.<br>O St. Josef, sei auf Erden,<br>stets mein Vater und mein Hort.<br>Endlich dann, in jener Stunde,<br>wo mein Leben neiget sich,<br>Vater, lass aus Deinem Munde,<br>Trostesworte h\u00f6ren mich.<br>Komm mit Jesus und Maria,<br>in der letzten gr\u00f6\u00dften Not.<br>Sei mit Jesus und Maria,<br>Hilfe mir und Trost im Tod.<br>Amen.<br>Q: unbekannt<\/p>\n","protected":false},"excerpt":{"rendered":"<p>Heiliger Josef, blick vom Himmelauf Dein armes Pflegekind,dass im schn\u00f6den Weltget\u00fcmmelnicht die wahre Br\u00fccke find.M\u00f6chte so gerne heilig werden,doch Du kennst mein b\u00f6ses Herz,siehst wie K\u00e4mpfe und Beschwerdenmir bereiten manchen Schmerz.Heut erw\u00e4hl ich Dich zum VaterUnd zum Lehrer, F\u00fchrer, Freund,denn &hellip; <a href=\"https:\/\/ecclesiae.de\/blog\/?page_id=10395\">Weiterlesen <span class=\"meta-nav\">&rarr;<\/span><\/a><\/p>\n","protected":false},"author":3,"featured_media":0,"parent":10388,"menu_order":0,"comment_status":"closed","ping_status":"closed","template":"","meta":{"footnotes":""},"class_list":["post-10395","page","type-page","status-publish","hentry"],"_links":{"self":[{"href":"https:\/\/ecclesiae.de\/blog\/index.php?rest_route=\/wp\/v2\/pages\/10395","targetHints":{"allow":["GET"]}}],"collection":[{"href":"https:\/\/ecclesiae.de\/blog\/index.php?rest_route=\/wp\/v2\/pages"}],"about":[{"href":"https:\/\/ecclesiae.de\/blog\/index.php?rest_route=\/wp\/v2\/types\/page"}],"author":[{"embeddable":true,"href":"https:\/\/ecclesiae.de\/blog\/index.php?rest_route=\/wp\/v2\/users\/3"}],"replies":[{"embeddable":true,"href":"https:\/\/ecclesiae.de\/blog\/index.php?rest_route=%2Fwp%2Fv2%2Fcomments&post=10395"}],"version-history":[{"count":1,"href":"https:\/\/ecclesiae.de\/blog\/index.php?rest_route=\/wp\/v2\/pages\/10395\/revisions"}],"predecessor-version":[{"id":10396,"href":"https:\/\/ecclesiae.de\/blog\/index.php?rest_route=\/wp\/v2\/pages\/10395\/revisions\/10396"}],"up":[{"embeddable":true,"href":"https:\/\/ecclesiae.de\/blog\/index.php?rest_route=\/wp\/v2\/pages\/10388"}],"wp:attachment":[{"href":"https:\/\/ecclesiae.de\/blog\/index.php?rest_route=%2Fwp%2Fv2%2Fmedia&parent=10395"}],"curies":[{"name":"wp","href":"https:\/\/api.w.org\/{rel}","templated":true}]}}