{"id":10398,"date":"2022-07-19T15:55:41","date_gmt":"2022-07-19T15:55:41","guid":{"rendered":"http:\/\/ecclesiae.de\/blog\/?page_id=10398"},"modified":"2022-07-19T15:55:41","modified_gmt":"2022-07-19T15:55:41","slug":"zum-festtag-des-heiligen-josef","status":"publish","type":"page","link":"https:\/\/ecclesiae.de\/blog\/?page_id=10398","title":{"rendered":"Zum Festtag des heiligen Josef"},"content":{"rendered":"\n<p>Sei von mir zu dieser Stunde tausendmal gegr\u00fc\u00dft und von ganzem Herzen geehrt und gepriesen. &nbsp;<br>Dich preisen die Engel im Himmel und dich loben die Menschen auf Erden,<br>weil dich die allerheiligste Dreifaltigkeit zu solcher W\u00fcrde erhoben,<br>da\u00df du an dem menschlichen Heile mitgewirkt hast.<br><strong>Ich bringe dir darum heute an deinem Festage meine Gl\u00fcckw\u00fcnsche dar.<\/strong><br>Ich empfehle mich heute in deinem Schutz und F\u00fcrbitte.<br>Zum angenehmsten Bande der &nbsp;Liebe opfere ich dir das s\u00fc\u00dfeste Herz Jesu,<br>und mit demselben lege ich dir auch mein unw\u00fcrdiges s\u00fcndiges Herz zu F\u00fc\u00dfen.<br>Oh was f\u00fcr ein strenges, bu\u00dffertiges Leben hast du gef\u00fchrt, und wie hast du deinen Leib mit schwerer Arbeit,<br>stetem Abbruche und langem Wachen so sehr abgeh\u00e4rmt!<br>O wie warst du mit so vielen Tugenden geziert und mit so unbeschreiblichen g\u00f6ttlichen Gnaden bereichert!<br>Wie warst du so geduldig, so sanftm\u00fctig, so eifrig, so and\u00e4chtig, so keusch, so freundlich, so trostvoll und mitleidig gegen alle Betr\u00fcbten,<br>und wie treu und flei\u00dfig im Dienste und in der Sorge f\u00fcr Jesus und Maria!<br>O wie war dein Herz von der Welt so ganz abgel\u00f6st und ohne Unterla\u00df zu Gott erhoben.<br>O wenn ich nur einige wenige von deinen vielen Tugenden h\u00e4tte<br>Oh allerliebster Joseph! Ich bitte dich durch die gro\u00dfe Ehre,<br>welche dir Gott erzeigt hat, da\u00df er dich vor allen Menschenkindern zum Pflegevater seines Sohnes auserw\u00e4hlt und sich gew\u00fcrdigt hat,<br>denselben in deinem Schutz und Schirm zu geben. Nimm mich und meine Lieben auch unter deinen Schutz und Schirm.<br>Erwirb mit eine wahre Liebe und ein rechtes Zutrauen zu Christus und einen wahren Eifer, ihm bis an mein Ende treulich zu dienen.<br>In Vereinigung mit jener Liebe, mit welcher dir Gott der Vater seinen Sohn anbefohlen hat,<br>empfehle, vertraue und \u00fcbergebe ich dir meinen Leib und meine Seele samt allem was ich bin und habe, was ich kann und vermag.<br>Sorge f\u00fcr mich, wie du dich f\u00fcr Jesus und Maria gesorgt hast!<br>Sei mein treuer F\u00fcrbitter bei Gott und stehe mir bei in allen N\u00f6ten.<br>Alsdann komm mit Jesus und Maria zu mir und besch\u00fctze mich wider alle Gewalt des b\u00f6sen Feindes.<br>Begleite meine Seele zur Seligkeit, so will ich dich da mit allen Heiligen in Ewigkeit loben und preisen. Amen.<br>Q. gek\u00fcrzt und leicht g\u00e4ndert aus &nbsp;&#8211; Leben und Leiden Jesu Christi v. P. Martin v. Cochem<br><br>Gegr\u00fc\u00dfet seist du, Hl. Joseph, voll der Gnade, der Herr ist mit dir,<br>du bist gebenedeit unter den M\u00e4nnern, und gebenedeit ist Jesus, dein Pflegesohn.<br><br>Hl. Joseph, N\u00e4hrvater Jesu Christi und wahrer Br\u00e4utigam der allerseligsten Jungfrau Maria,<br>bitte f\u00fcr uns S\u00fcnder jetzt und in der Stunde unseres Todes. Amen<\/p>\n","protected":false},"excerpt":{"rendered":"<p>Sei von mir zu dieser Stunde tausendmal gegr\u00fc\u00dft und von ganzem Herzen geehrt und gepriesen. &nbsp;Dich preisen die Engel im Himmel und dich loben die Menschen auf Erden,weil dich die allerheiligste Dreifaltigkeit zu solcher W\u00fcrde erhoben,da\u00df du an dem menschlichen &hellip; <a href=\"https:\/\/ecclesiae.de\/blog\/?page_id=10398\">Weiterlesen <span class=\"meta-nav\">&rarr;<\/span><\/a><\/p>\n","protected":false},"author":3,"featured_media":0,"parent":10388,"menu_order":5,"comment_status":"closed","ping_status":"closed","template":"","meta":{"footnotes":""},"class_list":["post-10398","page","type-page","status-publish","hentry"],"_links":{"self":[{"href":"https:\/\/ecclesiae.de\/blog\/index.php?rest_route=\/wp\/v2\/pages\/10398","targetHints":{"allow":["GET"]}}],"collection":[{"href":"https:\/\/ecclesiae.de\/blog\/index.php?rest_route=\/wp\/v2\/pages"}],"about":[{"href":"https:\/\/ecclesiae.de\/blog\/index.php?rest_route=\/wp\/v2\/types\/page"}],"author":[{"embeddable":true,"href":"https:\/\/ecclesiae.de\/blog\/index.php?rest_route=\/wp\/v2\/users\/3"}],"replies":[{"embeddable":true,"href":"https:\/\/ecclesiae.de\/blog\/index.php?rest_route=%2Fwp%2Fv2%2Fcomments&post=10398"}],"version-history":[{"count":1,"href":"https:\/\/ecclesiae.de\/blog\/index.php?rest_route=\/wp\/v2\/pages\/10398\/revisions"}],"predecessor-version":[{"id":10399,"href":"https:\/\/ecclesiae.de\/blog\/index.php?rest_route=\/wp\/v2\/pages\/10398\/revisions\/10399"}],"up":[{"embeddable":true,"href":"https:\/\/ecclesiae.de\/blog\/index.php?rest_route=\/wp\/v2\/pages\/10388"}],"wp:attachment":[{"href":"https:\/\/ecclesiae.de\/blog\/index.php?rest_route=%2Fwp%2Fv2%2Fmedia&parent=10398"}],"curies":[{"name":"wp","href":"https:\/\/api.w.org\/{rel}","templated":true}]}}