{"id":10402,"date":"2022-07-19T16:02:04","date_gmt":"2022-07-19T16:02:04","guid":{"rendered":"http:\/\/ecclesiae.de\/blog\/?page_id=10402"},"modified":"2022-07-19T16:02:04","modified_gmt":"2022-07-19T16:02:04","slug":"gebete-zum-heiligen-josef","status":"publish","type":"page","link":"https:\/\/ecclesiae.de\/blog\/?page_id=10402","title":{"rendered":"Gebete zum heiligen Josef"},"content":{"rendered":"\n<p><strong>Gru\u00df:<\/strong><br>Gegr\u00fc\u00dft seiest du heiliger Josef, N\u00e4hrvater Christi und Br\u00e4utigam Mariens, reich an Gnade. der Herr sei mit dir. Du bist gebenedeit unter den M\u00e4nnern der Erde und gebenedeit ist Jesus, der Sohn der allerreinsten Jungfrau Maria.<br><br><strong>Lobpreis:<\/strong><br>Heiliger Josef gepriesen sei dein Name! Gott gab dir, dem Besch\u00fctzer Christi und Gemahl Mariens, den herrlichen Namen, der bedeutet: Wachstum, \u00dcberflu\u00df, Damit sollte kundgetan werden, wie \u00fcberreich deine Seele mit himmlischen Gunstbezeugungen ausgestattet war. Welch ununterbrochener Gnadensstrom ergie\u00dft sich in deine Seele, seit du das Haupt der Heiligen Familie geworden bist! Nach der seligsten Jungfrau bist du das vollendeteste Meisterwerk Gottes.<br>Hingabe:<br>Glorreicher Patriarch, ich opfere mich dir auf und erw\u00e4hle dich heute zu meinem besonderen Besch\u00fctzer und F\u00fcrsprecher bei Gott. Zu dir rufe und flehe ich, du m\u00f6gest mich als Pflegekind annehmen und mir einen lebendigen Glauben, ein festes Vertrauen und eine inbr\u00fcnstige Liebe zu Gott erwirken, sowie gro\u00dfe Geduld in Widerw\u00e4rtigkeiten, tiefe Reue \u00fcber meine S\u00fcnden, ein aufrichtiges Bekenntnis derselben im hl. Bu\u00dfsakrament und vollkommene Bekehrung. Erlange mir gro\u00dfe Reinheit des Herzens, Leibes und Geistes und eine innige Liebe zum geistlichen Leben. Dir weihe ich mich an deinem heutigen Festtag und empfehle dir alle, die deinen herrlichen Namen tragen.<br>Bitte:<br>Liebreicher hl. Josef, breite dienen sch\u00fctzenden Mantel \u00fcber mich und gew\u00e4hre mir von Herrn, an deinem Festtag, die Gnade\u2026.!<br>Mit der hl. Theresia von Avila bitte ich dich darum und danke dir daf\u00fcr. Hilf mir, deinen Anvertrauten auf Erden und vor allem der geistlichen und weltlichen Obrigkeit, in jeder Lebenslage, die Ehre Gottes zu suchen. Steh allen bei in Not und Gefahr, in Betr\u00fcbnis und Versuchung und besonders in der Stunde des Todes Amen.<br><br>Aus dem Buch verehrt den Heiligen Josef<br>von Isenegger\/Holb\u00f6ck<\/p>\n\n\n\n<p>O heiliger Vater Josef! Sieh, in meinem Anliegen komme ich, dein unw\u00fcrdiges Pflegekind, zu Dir.<br>Ich setze auf Deine v\u00e4terliche Hilfe mein g\u00e4nzliches Vertrauen.<br>Lass Dir das Heil meiner Seele und meines Leibes anbefohlen sein!<br>Ich \u00fcbergebe Dir all meine innerlichen und \u00e4u\u00dferlichen Anliegen.<br>Lasse mich, bitte, nicht ungetr\u00f6stet von Dir gehen!<br>Lehr mich nach Deinem Beispiel meinen Willen mit dem g\u00f6ttlichen jederzeit vereinen und jedes Kreuz geduldig tragen!<br>Erbitte mir die Reinheit des Herzens, des Gewissens und des Leibes und alle notwendigen Tugenden!<br>Steh mir armen S\u00fcnder bei in meinem letzten Streit, auf dass ich einmal mit Dir und allen Auserw\u00e4hlten Gott ewig lieben und loben m\u00f6ge! Amen.<br><br><em>Aus: Sankt Josef auch Dein Helfer v. A.M. Weigl<\/em><\/p>\n","protected":false},"excerpt":{"rendered":"<p>Gru\u00df:Gegr\u00fc\u00dft seiest du heiliger Josef, N\u00e4hrvater Christi und Br\u00e4utigam Mariens, reich an Gnade. der Herr sei mit dir. Du bist gebenedeit unter den M\u00e4nnern der Erde und gebenedeit ist Jesus, der Sohn der allerreinsten Jungfrau Maria. Lobpreis:Heiliger Josef gepriesen sei &hellip; <a href=\"https:\/\/ecclesiae.de\/blog\/?page_id=10402\">Weiterlesen <span class=\"meta-nav\">&rarr;<\/span><\/a><\/p>\n","protected":false},"author":3,"featured_media":0,"parent":10388,"menu_order":0,"comment_status":"closed","ping_status":"closed","template":"","meta":{"footnotes":""},"class_list":["post-10402","page","type-page","status-publish","hentry"],"_links":{"self":[{"href":"https:\/\/ecclesiae.de\/blog\/index.php?rest_route=\/wp\/v2\/pages\/10402","targetHints":{"allow":["GET"]}}],"collection":[{"href":"https:\/\/ecclesiae.de\/blog\/index.php?rest_route=\/wp\/v2\/pages"}],"about":[{"href":"https:\/\/ecclesiae.de\/blog\/index.php?rest_route=\/wp\/v2\/types\/page"}],"author":[{"embeddable":true,"href":"https:\/\/ecclesiae.de\/blog\/index.php?rest_route=\/wp\/v2\/users\/3"}],"replies":[{"embeddable":true,"href":"https:\/\/ecclesiae.de\/blog\/index.php?rest_route=%2Fwp%2Fv2%2Fcomments&post=10402"}],"version-history":[{"count":1,"href":"https:\/\/ecclesiae.de\/blog\/index.php?rest_route=\/wp\/v2\/pages\/10402\/revisions"}],"predecessor-version":[{"id":10403,"href":"https:\/\/ecclesiae.de\/blog\/index.php?rest_route=\/wp\/v2\/pages\/10402\/revisions\/10403"}],"up":[{"embeddable":true,"href":"https:\/\/ecclesiae.de\/blog\/index.php?rest_route=\/wp\/v2\/pages\/10388"}],"wp:attachment":[{"href":"https:\/\/ecclesiae.de\/blog\/index.php?rest_route=%2Fwp%2Fv2%2Fmedia&parent=10402"}],"curies":[{"name":"wp","href":"https:\/\/api.w.org\/{rel}","templated":true}]}}