{"id":10406,"date":"2022-07-19T16:15:13","date_gmt":"2022-07-19T16:15:13","guid":{"rendered":"http:\/\/ecclesiae.de\/blog\/?page_id=10406"},"modified":"2022-07-19T16:15:13","modified_gmt":"2022-07-19T16:15:13","slug":"hl-josef","status":"publish","type":"page","link":"https:\/\/ecclesiae.de\/blog\/?page_id=10406","title":{"rendered":"Hl. Josef"},"content":{"rendered":"\n<p>In schweren Anliegen bete man ihn wenigstens an neun Tagen hintereinander. Er wird wie der gew\u00f6hnliche Rosenkranz gebetet:<br><br>1. Jesus, der Du den heiligen Josef zum Br\u00e4utigam der reinsten Jungfrau Maria erw\u00e4hlt hast.<br><br>2. Jesus, der Du den heiligen Josef als N\u00e4hrvater geliebt hast.<br><br>3. Jesus, der Du dem heiligen Josef gehorsam gewesen bist.<br><br>4. Jesus, der Du mit dem heiligen Josef gebetet und gearbeitet hast.<br><br>5. Jesus, der Du uns den heiligen Josef zum Schutzpatron der Kirche geschenkt hast<br><br>Imprimatur: Regensburg, 13.3. 1977<br><br><br><br>Rosenkranz zum hl. Josef!<br><br>1. Heiliger Josef, du gro\u00dfer Anwalt beim lieben Gott, bitte f\u00fcr uns.<br><br>2. Heiliger Josef, du Vorbild der Demut und des Gehorsams, bitte f\u00fcr uns.<br><br>3. Heiliger Josef, du keuscher Besch\u00fctzer der allerreinsten Jungfrau Maria, besch\u00fctze auch uns.<br><br>4. Heiliger Josef, du m\u00e4chtiger Helfer in Not und Bedr\u00e4ngnis, bitte f\u00fcr uns und f\u00fcr alle Gottgeweihten.<br><br>5. Heiliger Josef, stehe uns und allen Menschen bei im Leben und im Sterben.<br><br><br>&#8222;Kind, wenn du mich im Herzen Mariens mit allen Engeln und Heiligen anbetest, dann sollst du es ganz besonders mit meinem N\u00e4hrvater tun.<br>Er war der erste, der mich im Herzen Mariens angebetet hat.&#8220;<br><br>Jesus zu Mutter Vogl &#8211; 12.1.1937<br><br>&#8222;Ich erinnere mich nicht bis zum heutigen Tag, ihn je um etwas gebeten zu haben, das er mir nicht gew\u00e4hrt hat.&#8220;<br>hl. Theresia v. Avila<br><br>Heiliger Josef, gib uns deinen Segen &#8211; Rosenkranz!<br><br>1. Heiliger Josef, \u00fcber alle Heiligen erhoben &#8211; gib uns deinen Segen.<br>2. Heiliger Josef, am Throne Gottes &#8211; gib uns deinen Segen.<br>3. Heiliger Josef, den das ewige Wort als seinen Vater ehrt &#8211; gib uns deinen Segen.<br>4. Heiliger Josef, den die K\u00f6nigin des Himmels ihren Br\u00e4utigam nennt &#8211; gib uns deinen Segen.<br>5. Heiliger Josef, du unser aller Schutzpatron &#8211; gib uns deinen Segen.<br><br>Schenk uns den gro\u00dfen Segen, der dir von der allerheiligsten Dreifaltigkeit zuteil wurde.<br>Heiliger Josef, segne uns im Namen des Vaters und des Sohnes und des Heiligen Geistes. Amen.<\/p>\n","protected":false},"excerpt":{"rendered":"<p>In schweren Anliegen bete man ihn wenigstens an neun Tagen hintereinander. Er wird wie der gew\u00f6hnliche Rosenkranz gebetet: 1. Jesus, der Du den heiligen Josef zum Br\u00e4utigam der reinsten Jungfrau Maria erw\u00e4hlt hast. 2. Jesus, der Du den heiligen Josef &hellip; <a href=\"https:\/\/ecclesiae.de\/blog\/?page_id=10406\">Weiterlesen <span class=\"meta-nav\">&rarr;<\/span><\/a><\/p>\n","protected":false},"author":3,"featured_media":0,"parent":10364,"menu_order":0,"comment_status":"closed","ping_status":"closed","template":"","meta":{"footnotes":""},"class_list":["post-10406","page","type-page","status-publish","hentry"],"_links":{"self":[{"href":"https:\/\/ecclesiae.de\/blog\/index.php?rest_route=\/wp\/v2\/pages\/10406","targetHints":{"allow":["GET"]}}],"collection":[{"href":"https:\/\/ecclesiae.de\/blog\/index.php?rest_route=\/wp\/v2\/pages"}],"about":[{"href":"https:\/\/ecclesiae.de\/blog\/index.php?rest_route=\/wp\/v2\/types\/page"}],"author":[{"embeddable":true,"href":"https:\/\/ecclesiae.de\/blog\/index.php?rest_route=\/wp\/v2\/users\/3"}],"replies":[{"embeddable":true,"href":"https:\/\/ecclesiae.de\/blog\/index.php?rest_route=%2Fwp%2Fv2%2Fcomments&post=10406"}],"version-history":[{"count":1,"href":"https:\/\/ecclesiae.de\/blog\/index.php?rest_route=\/wp\/v2\/pages\/10406\/revisions"}],"predecessor-version":[{"id":10407,"href":"https:\/\/ecclesiae.de\/blog\/index.php?rest_route=\/wp\/v2\/pages\/10406\/revisions\/10407"}],"up":[{"embeddable":true,"href":"https:\/\/ecclesiae.de\/blog\/index.php?rest_route=\/wp\/v2\/pages\/10364"}],"wp:attachment":[{"href":"https:\/\/ecclesiae.de\/blog\/index.php?rest_route=%2Fwp%2Fv2%2Fmedia&parent=10406"}],"curies":[{"name":"wp","href":"https:\/\/api.w.org\/{rel}","templated":true}]}}