{"id":10408,"date":"2022-07-20T07:35:48","date_gmt":"2022-07-20T07:35:48","guid":{"rendered":"http:\/\/ecclesiae.de\/blog\/?page_id=10408"},"modified":"2022-07-20T07:36:05","modified_gmt":"2022-07-20T07:36:05","slug":"alte-novene-zum-hl-josef","status":"publish","type":"page","link":"https:\/\/ecclesiae.de\/blog\/?page_id=10408","title":{"rendered":"Alte Novene zum hl. Josef"},"content":{"rendered":"\n<p>Dieses Gebet soll Angaben zufolge fast 2000 Jahre alt sein.<br>Es wurde 50 Jahre nach Christus das erste Mal gefunden, so wird sich erz\u00e4hlt.<br><br>Im Jahr 1505 wurde es vom Papst an Kaiser Karl geschickt; als er in den Krieg zog.<br>Der Beter, der das Gebet zum Heiligen Josef (aus als Novene zum Heiligen Josef) betet,<br>auf den sollen reiche Gnaden, Segen und auch Schutz herabkommen.<br>Freilich soll das Gebet niemals als &#8222;Zauberformel&#8220; gesehen werden.<br>Wie bei allen anderen Gebeten auch ist es Gott, der die Gnaden nach seiner g\u00f6ttlichen Vorsehung verteilt.<br>Sicher darf man sich aber sein, dass das ehrliche Gebet IMMER geh\u00f6rt und nach Gottes Willen<br>zum Heil der betenden Seele auch erh\u00f6rt wird.<br>Den Segen kann man sich also (wenn man die Novene zum Heiligen Josef in rechter Gesinnung betet) tats\u00e4chlich erbeten.<br>Eine Gebetserh\u00f6rung herabbeschw\u00f6ren, das kann man aber nicht \u2013 und sollte man auch gar nicht beabsichtigen,<br>denn wie bei allen Gebeten, gilt auch f\u00fcr die Novenen in aussichtslosen F\u00e4llen:<br>&#8222;Dein, nicht mein Wille geschehe!&#8220; Gott wei\u00df besser, was f\u00fcr die betende Seele und f\u00fcr dessen Mitmenschen f\u00fcr das ewige Heil gut ist.<br><br>Zahlreichen Berichten zufolge soll die Novene zum Heiligen Josef in fast allen F\u00e4llen erh\u00f6rt worden sein.<br><br>Novene zum Heiligen Josef \u2013 Novene Heiliger Josef<br>(als Novene wird dieses Gebet an 9 aufeinanderfolgenden (oder auch in einem anderen Rhythmus) gebetet:<br><br>O heiliger Josef, dessen Schutz so gro\u00df, so stark und so sicher vor dem Thron Gottes ist, ich \u00fcbergebe Dir alle meine Interessen und W\u00fcnsche.<br>O heiliger Josef, stehe mir durch Deine m\u00e4chtige F\u00fcrsprache bei und erlange mir von Deinem G\u00f6ttlichen Sohn<br>alle geistigen Segnungen durch Jesus Christus, unseren Herrn; nachdem wir hier unten deine Himmlische Macht angerufen haben,<br>m\u00f6chte ich dem liebevollsten aller V\u00e4ter meinen Dank und meine Huldigung bringen.<br><br>O heiliger Josef, ich werde niemals m\u00fcde zu betrachten, wie du das schlafende Jesuskind in deinen Armen h\u00e4ltst.<br>Ich wage es nicht, mich zu n\u00e4hern, w\u00e4hrend es an deinem Herzen ruht.<br>Dr\u00fccke es in meinem Namen und k\u00fcsse sein feines Haupt von mir und bitte Es, mir diesen Kuss zur\u00fcckzugeben,<br>wenn ich meinen letzten Atemzug aushauche.<br>Heiliger Josef, Patron der Sterbenden, bitte f\u00fcr uns. Amen.<br>Mir freundlicher Erlaubnis von Pressearbeiten Simone Meier<\/p>\n","protected":false},"excerpt":{"rendered":"<p>Dieses Gebet soll Angaben zufolge fast 2000 Jahre alt sein.Es wurde 50 Jahre nach Christus das erste Mal gefunden, so wird sich erz\u00e4hlt. Im Jahr 1505 wurde es vom Papst an Kaiser Karl geschickt; als er in den Krieg zog.Der &hellip; <a href=\"https:\/\/ecclesiae.de\/blog\/?page_id=10408\">Weiterlesen <span class=\"meta-nav\">&rarr;<\/span><\/a><\/p>\n","protected":false},"author":3,"featured_media":0,"parent":10370,"menu_order":0,"comment_status":"closed","ping_status":"closed","template":"","meta":{"footnotes":""},"class_list":["post-10408","page","type-page","status-publish","hentry"],"_links":{"self":[{"href":"https:\/\/ecclesiae.de\/blog\/index.php?rest_route=\/wp\/v2\/pages\/10408","targetHints":{"allow":["GET"]}}],"collection":[{"href":"https:\/\/ecclesiae.de\/blog\/index.php?rest_route=\/wp\/v2\/pages"}],"about":[{"href":"https:\/\/ecclesiae.de\/blog\/index.php?rest_route=\/wp\/v2\/types\/page"}],"author":[{"embeddable":true,"href":"https:\/\/ecclesiae.de\/blog\/index.php?rest_route=\/wp\/v2\/users\/3"}],"replies":[{"embeddable":true,"href":"https:\/\/ecclesiae.de\/blog\/index.php?rest_route=%2Fwp%2Fv2%2Fcomments&post=10408"}],"version-history":[{"count":2,"href":"https:\/\/ecclesiae.de\/blog\/index.php?rest_route=\/wp\/v2\/pages\/10408\/revisions"}],"predecessor-version":[{"id":10411,"href":"https:\/\/ecclesiae.de\/blog\/index.php?rest_route=\/wp\/v2\/pages\/10408\/revisions\/10411"}],"up":[{"embeddable":true,"href":"https:\/\/ecclesiae.de\/blog\/index.php?rest_route=\/wp\/v2\/pages\/10370"}],"wp:attachment":[{"href":"https:\/\/ecclesiae.de\/blog\/index.php?rest_route=%2Fwp%2Fv2%2Fmedia&parent=10408"}],"curies":[{"name":"wp","href":"https:\/\/api.w.org\/{rel}","templated":true}]}}