{"id":10412,"date":"2022-07-20T07:38:54","date_gmt":"2022-07-20T07:38:54","guid":{"rendered":"http:\/\/ecclesiae.de\/blog\/?page_id=10412"},"modified":"2026-03-31T08:51:59","modified_gmt":"2026-03-31T06:51:59","slug":"das-goldene-vaterunser","status":"publish","type":"page","link":"https:\/\/ecclesiae.de\/blog\/?page_id=10412","title":{"rendered":"Das goldene Vaterunser"},"content":{"rendered":"\n<div class=\"wp-block-media-text is-stacked-on-mobile\"><figure class=\"wp-block-media-text__media\"><img loading=\"lazy\" decoding=\"async\" width=\"779\" height=\"1024\" src=\"https:\/\/ecclesiae.de\/blog\/wp-content\/uploads\/2026\/03\/Pater-Noster-779x1024.jpg\" alt=\"\" class=\"wp-image-14226 size-full\" srcset=\"https:\/\/ecclesiae.de\/blog\/wp-content\/uploads\/2026\/03\/Pater-Noster-779x1024.jpg 779w, https:\/\/ecclesiae.de\/blog\/wp-content\/uploads\/2026\/03\/Pater-Noster-228x300.jpg 228w, https:\/\/ecclesiae.de\/blog\/wp-content\/uploads\/2026\/03\/Pater-Noster-768x1010.jpg 768w, https:\/\/ecclesiae.de\/blog\/wp-content\/uploads\/2026\/03\/Pater-Noster.jpg 1151w\" sizes=\"auto, (max-width: 779px) 100vw, 779px\" \/><\/figure><div class=\"wp-block-media-text__content\">\n<p>Als Jesus von seiner Mutter ging<br>und die gro\u00dfe heilige Woche anfing<br>da hatte Maria viel Herzeleid<br>und sie fragte den Sohn mit Traurigkeit:<br><br>Ach Sohn Du lieber Jesu mein,<br>was wirst du am heiligen Palmsonntag sein?<br>Am heiligen Palmsonntag werd ich ein K\u00f6nig sein,<br>da wird man mir Kleider und Palmen streun.<\/p>\n<\/div><\/div>\n\n\n\n<p>Ach Sohn Du lieber Jesu mein,<br>was wirst Du am heiligen Montag sein?<br>Am heiligen Montag bin ich ein trauriger Wandersmann,<br>der nirgends ein Obdach finden kann!<br><br>Ach Sohn Du lieber Jesu mein,<br>was wirst Du am heiligen Dienstag sein?<br>Am heiligen Dienstag bin ich der Welt ein Prophet,<br>verk\u00fcnde wie Himmel und Erde vergeht.<br><br>Ach Sohn Du lieber Jesu mein,<br>was wirst Du am heiligen Mittwoch sein?<br>Am heiligen Mittwoch bin ich gar arm und gering,<br>verkauft um 30 Silberling.<br><br>Ach Sohn Du lieber Jesu mein,<br>was wirst Du am heiligen Donnerstag sein?<br>Am heiligen Donnerstag bin ich im Speisesaal,<br>das Opferlamm beim Abendmahl.<br><br>Ach Sohn Du lieber Jesu mein,<br>was wirst Du am heiligen Karfreitag sein<br>ach liebste Mutter mein,<br>da werd ich ans Kreuz geschlagen sein.<br>Drei N\u00e4gel, die gehen durch H\u00e4nd und F\u00fc\u00df,<br>verzag nicht Mutter, das End ist s\u00fc\u00df.<br><br>Ach Sohn Du lieber Jesu mein,<br>was wirst Du am heiligen Karsamstag sein?<br>am heiligen Karsamstag bin ich ein Weizenkorn,<br>das in der Erde wird neu geborn.<br><br>Ach Sohn Du lieber Jesu mein,<br>was wirst Du am heiligen Ostertag sein?<br>Am Sonntag freu Dich o Mutter mein,<br>da werd ich vom Tod erstanden sein,<br>dann trag ich das Kreuz mit der Fahn in der Hand,<br>dann siehst Du mich wieder im Glorienstand.<br><br>Und wer das \u201egoldene Vaterunser\u201c beten kann<br>und in der Karwoche alle Tage dreimal spricht<br>und nicht vergisst,<br>den wird Gott retten seine Seele<br>und noch 77 Seelen aus der Pein erl\u00f6sen.<br>Dieses \u201eGoldene Vaterunser\u201c hat f\u00fcr 100 Jahre Ablass.<\/p>\n","protected":false},"excerpt":{"rendered":"<p>Als Jesus von seiner Mutter gingund die gro\u00dfe heilige Woche anfingda hatte Maria viel Herzeleidund sie fragte den Sohn mit Traurigkeit: Ach Sohn Du lieber Jesu mein,was wirst du am heiligen Palmsonntag sein?Am heiligen Palmsonntag werd ich ein K\u00f6nig sein,da &hellip; <a href=\"https:\/\/ecclesiae.de\/blog\/?page_id=10412\">Weiterlesen <span class=\"meta-nav\">&rarr;<\/span><\/a><\/p>\n","protected":false},"author":3,"featured_media":0,"parent":10545,"menu_order":0,"comment_status":"closed","ping_status":"closed","template":"","meta":{"footnotes":""},"class_list":["post-10412","page","type-page","status-publish","hentry"],"_links":{"self":[{"href":"https:\/\/ecclesiae.de\/blog\/index.php?rest_route=\/wp\/v2\/pages\/10412","targetHints":{"allow":["GET"]}}],"collection":[{"href":"https:\/\/ecclesiae.de\/blog\/index.php?rest_route=\/wp\/v2\/pages"}],"about":[{"href":"https:\/\/ecclesiae.de\/blog\/index.php?rest_route=\/wp\/v2\/types\/page"}],"author":[{"embeddable":true,"href":"https:\/\/ecclesiae.de\/blog\/index.php?rest_route=\/wp\/v2\/users\/3"}],"replies":[{"embeddable":true,"href":"https:\/\/ecclesiae.de\/blog\/index.php?rest_route=%2Fwp%2Fv2%2Fcomments&post=10412"}],"version-history":[{"count":3,"href":"https:\/\/ecclesiae.de\/blog\/index.php?rest_route=\/wp\/v2\/pages\/10412\/revisions"}],"predecessor-version":[{"id":14228,"href":"https:\/\/ecclesiae.de\/blog\/index.php?rest_route=\/wp\/v2\/pages\/10412\/revisions\/14228"}],"up":[{"embeddable":true,"href":"https:\/\/ecclesiae.de\/blog\/index.php?rest_route=\/wp\/v2\/pages\/10545"}],"wp:attachment":[{"href":"https:\/\/ecclesiae.de\/blog\/index.php?rest_route=%2Fwp%2Fv2%2Fmedia&parent=10412"}],"curies":[{"name":"wp","href":"https:\/\/api.w.org\/{rel}","templated":true}]}}