{"id":10414,"date":"2022-07-20T07:42:25","date_gmt":"2022-07-20T07:42:25","guid":{"rendered":"http:\/\/ecclesiae.de\/blog\/?page_id=10414"},"modified":"2022-07-22T12:28:51","modified_gmt":"2022-07-22T12:28:51","slug":"das-sieben-schloss-gebet","status":"publish","type":"page","link":"https:\/\/ecclesiae.de\/blog\/?page_id=10414","title":{"rendered":"Das Sieben Schloss-Gebet"},"content":{"rendered":"\n<figure class=\"wp-block-table\"><table><tbody><tr><td><br><br><strong>Mit dem 1. Juli beginnt der Monat, dem Kostbaren Blute Jesu Christi geweiht. Der 1. ist Festtag des Kostbaren Blutes&#8230; unsere Gemeinschaft beten stellvertretend f\u00fcr alle Mitglieder, die Familie und unsere Leser und H\u00f6rer die Monatsgebete zu Ehren des Kostbaren Blutes. Am 1. sollte man sich weihen &#8230; mindest einmal diesen Monat zur Hl. Beichte gehen. Es gibt auch Gnadenorte, z.B. Bad Rotalben &#8230; und viele andere Stelle in Deutschland und Nachbarl\u00e4ndern wo das kostbare Blut Jesu Christi verehrt wird.<br><br>Wir laden ein, besonders das anliegende Gebet zu beten &#8230; Es lohnt sich, nicht nur f\u00fcr Dich, sondern f\u00fcr viele Seelen. Bete es in den Anliegen Mariens, f\u00fcr die Seelen die es jetzt dringenst brauchen &#8230;<br><br>Unendlich ewiges Vergelts GOTT!!!<\/strong>  <strong><br><\/strong><strong>Ein gro\u00dfer S\u00fcnder war todkrank. T\u00e4glich kam zu ihm ein frommer Mann und betete f\u00fcr ihn die Sieben-Schloss-Versiegelungs-Gebete. Als dieser S\u00fcnder nun dem Sterben nahe war, sah ein Einsiedler viele Teufel bei ihm vorbeifahren, die ihm sagten, sie fahren zu einer Seele, die ihr Eigentum ist, um sie f\u00fcr die H\u00f6lle abzuholen. Als sie aber ohne diese Seele wieder bei dem Einsiedler vorbei kamen, fragte er sie: Wo ist denn diese Seele, die ihr f\u00fcr die H\u00f6lle abholen wolltet? Da antworteten sie ganz voller Zorn: Sie ist versiegelt mit den Sieben Schl\u00f6ssern des allheiligen Gottes und darum konnten wir dieser Seele nichts anhaben. Ein Schloss allein h\u00e4tte schon gen\u00fcgt.<br><br>Bemerkung<\/strong>: Dieses kraftvolle Gebet kann nat\u00fcrlich auch f\u00fcr andere Menschen verrichtet werden. An Stelle der Worte: &#8230;Meine arme und s\u00fcndige Seele&#8230; betet man: &#8230;F\u00fcr die arme und s\u00fcndige Seele von&#8230;N.N.<br><br>O allheiliger und allgegenw\u00e4rtiger Gott. Ich armer und s\u00fcndiger Mensch empfehle, verschlie\u00dfe und versiegele jetzt und auf ewig meine arme und s\u00fcndige Seele in die Kraft und Gnaden der heiligen Sakramente und in die priesterliche Konsekrationen, welche auf dem ganzen katholischen Erdkreis verrichtet werden \u2013 Amen.<br><br>O allheiliger und allgegenw\u00e4rtiger Gott. Ich armer und s\u00fcndiger Mensch empfehle, verschlie\u00dfe und versiegele jetzt und auf ewig meine arme und s\u00fcndige Seele in die F\u00fcrbitte und Verdienste der allerseligsten Jungfrau und Gottesmutter Maria und aller Heiligen, sowie auch in die Abl\u00e4sse und Gnaden, die auf der ganzen Welt ausgeteilt und verdient werden \u2013 Amen.<br><br>O allheiliger und allgegenw\u00e4rtiger Gott. Ich armer und s\u00fcndiger Mensch empfehle, verschlie\u00dfe und versiegele jetzt und auf ewig meine arme und s\u00fcndige Seele in den Schutz deiner allerheiligsten Dreifaltigkeit und in die Kraft deiner unendlichen Barmherzigkeit \u2013 Amen.<br><br>O allheiliger und allgegenw\u00e4rtiger Gott. Ich armer und s\u00fcndiger Mensch empfehle, verschlie\u00dfe und versiegele jetzt und auf ewig meine arme und s\u00fcndige Seelein die Kraft und Bewahrung deiner ewigen Gottheit und in die Verdienste deiner heiligsten Menschheit \u2013 Amen.<br><br>O allheiliger und allgegenw\u00e4rtiger Gott. Ich armer und s\u00fcndiger Mensch empfehle, verschlie\u00dfe und versiegele jetzt und auf ewig meine arme und s\u00fcndige Seele in die unendlichen Verdienste deines g\u00f6ttlichen Lebens, Leidens, Sterbens und in die Kraft deines kostbaren Blutes \u2013 Amen.<br><br>O allheiliger und allgegenw\u00e4rtiger Gott. Ich armer und s\u00fcndiger Mensch empfehle, verschlie\u00dfe und versiegele jetzt und auf ewig meine arme und s\u00fcndige Seele in dein gebenedeites Herz und in die Tiefe deiner heiligen f\u00fcnf Wunden \u2013 Amen.<br><br>O allheiliger und allgegenw\u00e4rtiger Gott. Ich armer und s\u00fcndiger Mensch empfehle, verschlie\u00dfe und versiegele jetzt und auf ewig meine arme und s\u00fcndige Seelein die Beschirmung deines heiligen Kreuzes, das durch deine Gottheit und die Menschheit am heiligen Karfreitag geheiligt und mit deinem kostbaren Blut besprengt worden ist \u2013 Amen.<\/td><\/tr><tr><td><\/td><\/tr><\/tbody><\/table><\/figure>\n","protected":false},"excerpt":{"rendered":"<p>Mit dem 1. Juli beginnt der Monat, dem Kostbaren Blute Jesu Christi geweiht. Der 1. ist Festtag des Kostbaren Blutes&#8230; unsere Gemeinschaft beten stellvertretend f\u00fcr alle Mitglieder, die Familie und unsere Leser und H\u00f6rer die Monatsgebete zu Ehren des Kostbaren &hellip; <a href=\"https:\/\/ecclesiae.de\/blog\/?page_id=10414\">Weiterlesen <span class=\"meta-nav\">&rarr;<\/span><\/a><\/p>\n","protected":false},"author":3,"featured_media":0,"parent":10545,"menu_order":0,"comment_status":"closed","ping_status":"closed","template":"","meta":{"footnotes":""},"class_list":["post-10414","page","type-page","status-publish","hentry"],"_links":{"self":[{"href":"https:\/\/ecclesiae.de\/blog\/index.php?rest_route=\/wp\/v2\/pages\/10414","targetHints":{"allow":["GET"]}}],"collection":[{"href":"https:\/\/ecclesiae.de\/blog\/index.php?rest_route=\/wp\/v2\/pages"}],"about":[{"href":"https:\/\/ecclesiae.de\/blog\/index.php?rest_route=\/wp\/v2\/types\/page"}],"author":[{"embeddable":true,"href":"https:\/\/ecclesiae.de\/blog\/index.php?rest_route=\/wp\/v2\/users\/3"}],"replies":[{"embeddable":true,"href":"https:\/\/ecclesiae.de\/blog\/index.php?rest_route=%2Fwp%2Fv2%2Fcomments&post=10414"}],"version-history":[{"count":1,"href":"https:\/\/ecclesiae.de\/blog\/index.php?rest_route=\/wp\/v2\/pages\/10414\/revisions"}],"predecessor-version":[{"id":10415,"href":"https:\/\/ecclesiae.de\/blog\/index.php?rest_route=\/wp\/v2\/pages\/10414\/revisions\/10415"}],"up":[{"embeddable":true,"href":"https:\/\/ecclesiae.de\/blog\/index.php?rest_route=\/wp\/v2\/pages\/10545"}],"wp:attachment":[{"href":"https:\/\/ecclesiae.de\/blog\/index.php?rest_route=%2Fwp%2Fv2%2Fmedia&parent=10414"}],"curies":[{"name":"wp","href":"https:\/\/api.w.org\/{rel}","templated":true}]}}