{"id":10425,"date":"2022-07-20T13:49:59","date_gmt":"2022-07-20T13:49:59","guid":{"rendered":"http:\/\/ecclesiae.de\/blog\/?page_id=10425"},"modified":"2022-07-22T12:29:48","modified_gmt":"2022-07-22T12:29:48","slug":"zu-den-hl-aposteln","status":"publish","type":"page","link":"https:\/\/ecclesiae.de\/blog\/?page_id=10425","title":{"rendered":"Zu den Hl. Aposteln"},"content":{"rendered":"\n<figure class=\"wp-block-table\"><table><tbody><tr><td><br>O ihr lieben heiligen Apostel und J\u00fcnger Christi, die ihr mit ihm auf Erden herumgewandert und seinem heiligen Leben treulich nachgefolgt seid,<br>ich gr\u00fc\u00dfe und ehre euch alle zusammen und w\u00fcnsche euch Gl\u00fcck und Heil zu allen Gnaden, die ihr auf Erden von Gott empfangen habt.<br>O ihr lieben heiligen Apostel und J\u00fcnger Christi, welch gro\u00dfe Gnade hat euch Christus erwiesen,<br>dass er euch zu seinen J\u00fcngern auserw\u00e4hlt und zu so gro\u00dfen Heiligen gemacht hat!<br>Gedenket, was f\u00fcr unaussprechliche Freuden ihr hattet, als ihr zum erstenmal erkanntet, dass Jesus der lang versprochene Messias und der wahre eingeborene Sohn Gottes sei.<br>O ihr lieben M\u00e4nner, was f\u00fcr gro\u00dfen Trost empfinget ihr aus seinen freundlichen Umgange und aus seinen heilsamen Lehren und Ermahnungen!<br>Durch sein heiliges Beispiel angetrieben, habt ihr in der Liebe Gottes so sehr zugenommen, dass ihr mit Freuden der Welt entsagt, all das Eurige verlassen, in stetem Fasten und Bu\u00dfwerken euch ge\u00fcbt,<br>ganze N\u00e4chte im Gebete zugebracht, alle Schmach und Verfolgung mit Geduld ertragen, barfu\u00df und ohne Geld die Erde durchwandert und ein so strenges Leben gef\u00fchrt habt,<br>dass sich alle Welt sich dar\u00fcber verwundern mu\u00df.<br>O wie viele St\u00e4dte und Flecken habt ihr durchwandert!<br>Wie viele Juden und Heiden habt ihr bekehrt, wie viele heidnische Tempel und G\u00f6tzen zerst\u00f6rt,<br>wie viele Spott und Verfolgungen, wie viele Banden und Gef\u00e4ngnisse, wie viele Martern und Peinen habt ihr erduldet!<br>Endlich was f\u00fcr einen schmerzlichen, schm\u00e4hlichen und bittern Tod habt ihr ausgestanden, und wie reichlich habt ihr euer unschuldiges Blut um Christi und unseres Heiles willen vergossen!<br>An dieses alles erinnere ich euch und bitte euch, ihr wollet mir Gnade erwerben,<br>dass ich in meinem Stande Gott treulich diene und eurem heiligen Leben, soviel wie m\u00f6glich ist, nachfolge.<br>O ihr lieben heiligen Apostel und J\u00fcnger Jesu Christi!<br>Ich bitte euch durch die gro\u00dfe Liebe, die ihr zu Gott getragen und durch das strenge Leben, das ihr auf Erden gef\u00fchrt habt;<br>entz\u00fcndet mein Herz in der Liebe Gottes und vertreibt von mir die sch\u00e4dliche Tr\u00e4gheit &nbsp;in seinem Dienste.<br>Denn ich bin gar so lau und kalt in der Andacht und verrichte meine geistlich \u00dcbungen und Gebete gar so zerstreut und nachl\u00e4ssig.<br>Ich bin auch so unvollkommen, dass ich mit Grund f\u00fcrchten muss, ich m\u00f6chte als ein unfruchtbarer Baum umgehauen und ins Feuer geworfen werden.<br>Darum wollet ihr mir helfen, dass ich aus diesem gef\u00e4hrlichen Zustande heraus komme, und wollet mir wahren Eifer und inbr\u00fcnstige Begierde, Gott u dienen, erwerben.<br>Wenn ich dann einmal vor Gottes Gericht erscheinen werde, so wollet ihr gleichsam als Beisitzer des g\u00f6ttlichen Gerichtes mir ein gn\u00e4diges Urteil erlangen und durch Aufopferung eurer Verdienste mir zur ewigen Seligkeit verhelfen. Amen.<br>Aus dem Buch: Leben und Leiden Jesu Christi von Martin von Cochem 1873<\/td><\/tr><\/tbody><\/table><\/figure>\n","protected":false},"excerpt":{"rendered":"<p>O ihr lieben heiligen Apostel und J\u00fcnger Christi, die ihr mit ihm auf Erden herumgewandert und seinem heiligen Leben treulich nachgefolgt seid,ich gr\u00fc\u00dfe und ehre euch alle zusammen und w\u00fcnsche euch Gl\u00fcck und Heil zu allen Gnaden, die ihr auf &hellip; <a href=\"https:\/\/ecclesiae.de\/blog\/?page_id=10425\">Weiterlesen <span class=\"meta-nav\">&rarr;<\/span><\/a><\/p>\n","protected":false},"author":3,"featured_media":0,"parent":10545,"menu_order":0,"comment_status":"closed","ping_status":"closed","template":"","meta":{"footnotes":""},"class_list":["post-10425","page","type-page","status-publish","hentry"],"_links":{"self":[{"href":"https:\/\/ecclesiae.de\/blog\/index.php?rest_route=\/wp\/v2\/pages\/10425","targetHints":{"allow":["GET"]}}],"collection":[{"href":"https:\/\/ecclesiae.de\/blog\/index.php?rest_route=\/wp\/v2\/pages"}],"about":[{"href":"https:\/\/ecclesiae.de\/blog\/index.php?rest_route=\/wp\/v2\/types\/page"}],"author":[{"embeddable":true,"href":"https:\/\/ecclesiae.de\/blog\/index.php?rest_route=\/wp\/v2\/users\/3"}],"replies":[{"embeddable":true,"href":"https:\/\/ecclesiae.de\/blog\/index.php?rest_route=%2Fwp%2Fv2%2Fcomments&post=10425"}],"version-history":[{"count":2,"href":"https:\/\/ecclesiae.de\/blog\/index.php?rest_route=\/wp\/v2\/pages\/10425\/revisions"}],"predecessor-version":[{"id":10547,"href":"https:\/\/ecclesiae.de\/blog\/index.php?rest_route=\/wp\/v2\/pages\/10425\/revisions\/10547"}],"up":[{"embeddable":true,"href":"https:\/\/ecclesiae.de\/blog\/index.php?rest_route=\/wp\/v2\/pages\/10545"}],"wp:attachment":[{"href":"https:\/\/ecclesiae.de\/blog\/index.php?rest_route=%2Fwp%2Fv2%2Fmedia&parent=10425"}],"curies":[{"name":"wp","href":"https:\/\/api.w.org\/{rel}","templated":true}]}}