{"id":10427,"date":"2022-07-20T13:51:30","date_gmt":"2022-07-20T13:51:30","guid":{"rendered":"http:\/\/ecclesiae.de\/blog\/?page_id=10427"},"modified":"2022-07-20T13:51:30","modified_gmt":"2022-07-20T13:51:30","slug":"weihe-des-heimatortes","status":"publish","type":"page","link":"https:\/\/ecclesiae.de\/blog\/?page_id=10427","title":{"rendered":"Weihe des Heimatortes"},"content":{"rendered":"\n<p>Deinem Heiligsten Herzen, lieber Heiland weihen und \u00fcbergeben wir heute den ganzen Ort: Name<br><br>und bitten Dich innig:<br><br>Du m\u00f6gest alle Menschen, die hier leben im Glauben wachsen lassen, in der Hoffnung st\u00e4rken und in der Liebe entz\u00fcnden.<br>Mache sie alle zu Werkzeugen Deines Friedens und zu Zeugen f\u00fcr Dein Reich.<br>Schenke Ihnen auf die F\u00fchrsprache der allerseligsten Jungfrau Maria, des heiligen Joseph und des heiligen Antonius von Padua die F\u00fclle der Gnaden.<br>Heilige Mutter Gottes, la\u00df diesen Ort ganz besonders auch Dir geweiht sein. Du K\u00f6nigin des Friedens \u2013 bitte f\u00fcr uns.<br>Es segne und beh\u00fcte den ganzen Ort, seine Bewohner, die Felder, Wiesen, Seen, Berge und W\u00e4lder, die Tiere und uns selbst:<br>Der Dreifaltige Gott, + + +<br>der Vater, der Sohn und der Heilige Geist, Amen.<br>Gelobt sei Jesus Christus in Ewigkeit Amen.<br>Maria mit dem Kinde lieb uns allen Deinen Segen gib.<br>Quelle: unbekannt<\/p>\n","protected":false},"excerpt":{"rendered":"<p>Deinem Heiligsten Herzen, lieber Heiland weihen und \u00fcbergeben wir heute den ganzen Ort: Name und bitten Dich innig: Du m\u00f6gest alle Menschen, die hier leben im Glauben wachsen lassen, in der Hoffnung st\u00e4rken und in der Liebe entz\u00fcnden.Mache sie alle &hellip; <a href=\"https:\/\/ecclesiae.de\/blog\/?page_id=10427\">Weiterlesen <span class=\"meta-nav\">&rarr;<\/span><\/a><\/p>\n","protected":false},"author":3,"featured_media":0,"parent":10378,"menu_order":0,"comment_status":"closed","ping_status":"closed","template":"","meta":{"footnotes":""},"class_list":["post-10427","page","type-page","status-publish","hentry"],"_links":{"self":[{"href":"https:\/\/ecclesiae.de\/blog\/index.php?rest_route=\/wp\/v2\/pages\/10427","targetHints":{"allow":["GET"]}}],"collection":[{"href":"https:\/\/ecclesiae.de\/blog\/index.php?rest_route=\/wp\/v2\/pages"}],"about":[{"href":"https:\/\/ecclesiae.de\/blog\/index.php?rest_route=\/wp\/v2\/types\/page"}],"author":[{"embeddable":true,"href":"https:\/\/ecclesiae.de\/blog\/index.php?rest_route=\/wp\/v2\/users\/3"}],"replies":[{"embeddable":true,"href":"https:\/\/ecclesiae.de\/blog\/index.php?rest_route=%2Fwp%2Fv2%2Fcomments&post=10427"}],"version-history":[{"count":1,"href":"https:\/\/ecclesiae.de\/blog\/index.php?rest_route=\/wp\/v2\/pages\/10427\/revisions"}],"predecessor-version":[{"id":10428,"href":"https:\/\/ecclesiae.de\/blog\/index.php?rest_route=\/wp\/v2\/pages\/10427\/revisions\/10428"}],"up":[{"embeddable":true,"href":"https:\/\/ecclesiae.de\/blog\/index.php?rest_route=\/wp\/v2\/pages\/10378"}],"wp:attachment":[{"href":"https:\/\/ecclesiae.de\/blog\/index.php?rest_route=%2Fwp%2Fv2%2Fmedia&parent=10427"}],"curies":[{"name":"wp","href":"https:\/\/api.w.org\/{rel}","templated":true}]}}