{"id":10429,"date":"2022-07-20T13:52:49","date_gmt":"2022-07-20T13:52:49","guid":{"rendered":"http:\/\/ecclesiae.de\/blog\/?page_id=10429"},"modified":"2022-07-20T13:52:49","modified_gmt":"2022-07-20T13:52:49","slug":"weihe-an-den-heiligen-geist","status":"publish","type":"page","link":"https:\/\/ecclesiae.de\/blog\/?page_id=10429","title":{"rendered":"Weihe an den Heiligen Geist"},"content":{"rendered":"\n<p>In Gegenwart des Himmels und der Erde, die voll von Deiner Herrlichkeit sind, &nbsp;<br>und in Anbetung vor Deiner g\u00f6ttlichen Majest\u00e4t opfern wir uns heute mit Leib und Seele Dir auf, &nbsp;<br>Gott ewiger Geist! &nbsp;<br>Leite unsere Gedanken, dass wir stets Deine Stimme vernehmen und Deinen sanften Eingebungen folgen. &nbsp;<br>Gib uns die Gnade, &nbsp;o Heiliger Geist, Geist des Vaters und des Sohnes, immer und \u00fcberall sagen zu k\u00f6nnen: &nbsp;<br>&#8222;Herr, sprich, Dein Diener h\u00f6rt!&#8220; &nbsp;<br>O Geist der Weisheit! &nbsp;<br>Leite unsere Gedanken, Worte und Werke von jetzt an bis zur Stunde unseres Todes. &nbsp;<br>O Geist des Verstandes! Erleuchte und lehre uns! &nbsp;<br>O Geist des Rates! Rate uns, dass wir erkennen, was Dir gef\u00e4llig ist! &nbsp;<br>O Geist der St\u00e4rke! St\u00e4rke unsere Schwachheit! &nbsp;<br>O Geist der Wissenschaft! Verscheuche unsere Unwissenheit! &nbsp;<br>O Geist der Fr\u00f6mmigkeit! Gib uns die Gnade, auf dem guten Wege auszuharren! &nbsp;<br>O Geist der Furcht! Erl\u00f6se uns von jedem \u00dcbel! &nbsp;<br>O ewige Liebe! Lass uns Dich lieben, wie Dich der Vater von Ewigkeit her liebt und der Sohn im Vater. &nbsp;<br>Gib uns die Kraft und die Gnade, immer und \u00fcberall in Friede und Freude, mit Geduld und Milde, G\u00fcte und Treue zu handeln. &nbsp;<br>Gib, dass die himmlischen Fr\u00fcchte der M\u00e4\u00dfigkeit, der Enthaltsamkeit und Reinheit den Tempel schm\u00fccken, den Du auserw\u00e4hlt hast zu Deiner Wohnung. &nbsp;<br>O Geist der Heiligkeit, m\u00f6ge die wirkende Kraft Deiner Gnade unseren irdischen Lebenswandel heiligen und zu ewigen Freuden uns hinleiten. &nbsp;<br>Heiliger Geist, f\u00fchre alle V\u00f6lker zu Deiner Wahrheit! &nbsp;<br>Erf\u00fclle die Glaubensboten mit Licht und St\u00e4rke, wie Du die Apostel am Pfingstfeste erf\u00fcllt hast. &nbsp;<br>Gie\u00dfe den Geist der Liebe allen Christenherzen ein, &nbsp;<br>damit sie ein Herz und eine Seele seien! &nbsp;<br>Heiliger Geist, erbarme Dich auch der armen V\u00f6lker, &nbsp;<br>die noch in der Nacht des Heidentums und im Schatten des Todes schmachten!<br>&nbsp;<br>&nbsp;<br><br>&nbsp;<br>O Geist wie Sturm und Feuer &nbsp;<br>&nbsp;<br>und doch wie Tau so mild, &nbsp;<br>&nbsp;<br>o komm in meine Seele, &nbsp;<br>&nbsp;<br>vollende Du mein Bild. &nbsp;<br>&nbsp;<br>Und schenke Deine Fr\u00fcchte, &nbsp;<br>&nbsp;<br>die sieben Gaben, mir &nbsp;<br>&nbsp;<br>o komm, o Geist der Liebe, &nbsp;<br>&nbsp;<br>ich sehne mich nach Dir! &nbsp;<br>&nbsp;<br>Drei Ave Maria&#8230;.<\/p>\n","protected":false},"excerpt":{"rendered":"<p>In Gegenwart des Himmels und der Erde, die voll von Deiner Herrlichkeit sind, &nbsp;und in Anbetung vor Deiner g\u00f6ttlichen Majest\u00e4t opfern wir uns heute mit Leib und Seele Dir auf, &nbsp;Gott ewiger Geist! &nbsp;Leite unsere Gedanken, dass wir stets Deine &hellip; <a href=\"https:\/\/ecclesiae.de\/blog\/?page_id=10429\">Weiterlesen <span class=\"meta-nav\">&rarr;<\/span><\/a><\/p>\n","protected":false},"author":3,"featured_media":0,"parent":10378,"menu_order":0,"comment_status":"closed","ping_status":"closed","template":"","meta":{"footnotes":""},"class_list":["post-10429","page","type-page","status-publish","hentry"],"_links":{"self":[{"href":"https:\/\/ecclesiae.de\/blog\/index.php?rest_route=\/wp\/v2\/pages\/10429","targetHints":{"allow":["GET"]}}],"collection":[{"href":"https:\/\/ecclesiae.de\/blog\/index.php?rest_route=\/wp\/v2\/pages"}],"about":[{"href":"https:\/\/ecclesiae.de\/blog\/index.php?rest_route=\/wp\/v2\/types\/page"}],"author":[{"embeddable":true,"href":"https:\/\/ecclesiae.de\/blog\/index.php?rest_route=\/wp\/v2\/users\/3"}],"replies":[{"embeddable":true,"href":"https:\/\/ecclesiae.de\/blog\/index.php?rest_route=%2Fwp%2Fv2%2Fcomments&post=10429"}],"version-history":[{"count":1,"href":"https:\/\/ecclesiae.de\/blog\/index.php?rest_route=\/wp\/v2\/pages\/10429\/revisions"}],"predecessor-version":[{"id":10430,"href":"https:\/\/ecclesiae.de\/blog\/index.php?rest_route=\/wp\/v2\/pages\/10429\/revisions\/10430"}],"up":[{"embeddable":true,"href":"https:\/\/ecclesiae.de\/blog\/index.php?rest_route=\/wp\/v2\/pages\/10378"}],"wp:attachment":[{"href":"https:\/\/ecclesiae.de\/blog\/index.php?rest_route=%2Fwp%2Fv2%2Fmedia&parent=10429"}],"curies":[{"name":"wp","href":"https:\/\/api.w.org\/{rel}","templated":true}]}}