{"id":10431,"date":"2022-07-20T13:54:01","date_gmt":"2022-07-20T13:54:01","guid":{"rendered":"http:\/\/ecclesiae.de\/blog\/?page_id=10431"},"modified":"2022-07-20T13:54:01","modified_gmt":"2022-07-20T13:54:01","slug":"weihe-an-die-heilige-familie","status":"publish","type":"page","link":"https:\/\/ecclesiae.de\/blog\/?page_id=10431","title":{"rendered":"Weihe an die Heilige Familie"},"content":{"rendered":"\n<p><br>O Jesus, unser liebensw\u00fcrdiger Erl\u00f6ser!<br>Du bist vom Himmel gesandt worden, um die Welt durch deine Lehre und dein Beispiel zu erleuchten.<br>Du hast den gr\u00f6\u00dften Teil deines irdischen Lebens im Hause zu Nazareth, gehorsam gegen Maria und Joseph, zubringen wollen.<br>So hast du jene Familie geheiligt, die das Vorbild aller christlichen Familien sein sollte.<br>Nimm gn\u00e4dig auch unsere Familien auf, welche sich dir g\u00e4nzlich weihen.<br>Besch\u00fctze und bewahre sie, festige sie in der heiligen Furcht Gottes, im Frieden, in der Eintracht und christlichen Liebe,<br>damit sie dem Vorbild deiner heiligen Familie \u00e4hnlich seinen und damit alle ihre Glieder der ewigen Seligkeit teilhaftig werden.<br>O Maria, liebreichste Mutter Jesu Christi und auch unsere Mutter, bewirke durch deine G\u00fcte und Milde,<br>dass Jesus diese unsere Weihe annehmen und uns seinen Segen und seine Gnade verleihen m\u00f6ge! \u2013<br>Heiliger Josef, Besch\u00fctzer Jesu und Mari\u00e4!<br>Komm uns in allen N\u00f6ten des Leibes und der Seele durch deine F\u00fcrbitte zu Hilfe,<br>damit wir zugleich mit dir und der seligsten Jungfrau Maria dem g\u00f6ttlichen Erl\u00f6ser Jesus Christus ewig Lob und Dank darbringen k\u00f6nnen.<br>Amen.\u00a0 \u00a0(500 Tage Abla\u00df)<br>Aus einem alten Gotteslob<\/p>\n","protected":false},"excerpt":{"rendered":"<p>O Jesus, unser liebensw\u00fcrdiger Erl\u00f6ser!Du bist vom Himmel gesandt worden, um die Welt durch deine Lehre und dein Beispiel zu erleuchten.Du hast den gr\u00f6\u00dften Teil deines irdischen Lebens im Hause zu Nazareth, gehorsam gegen Maria und Joseph, zubringen wollen.So hast &hellip; <a href=\"https:\/\/ecclesiae.de\/blog\/?page_id=10431\">Weiterlesen <span class=\"meta-nav\">&rarr;<\/span><\/a><\/p>\n","protected":false},"author":3,"featured_media":0,"parent":10378,"menu_order":0,"comment_status":"closed","ping_status":"closed","template":"","meta":{"footnotes":""},"class_list":["post-10431","page","type-page","status-publish","hentry"],"_links":{"self":[{"href":"https:\/\/ecclesiae.de\/blog\/index.php?rest_route=\/wp\/v2\/pages\/10431","targetHints":{"allow":["GET"]}}],"collection":[{"href":"https:\/\/ecclesiae.de\/blog\/index.php?rest_route=\/wp\/v2\/pages"}],"about":[{"href":"https:\/\/ecclesiae.de\/blog\/index.php?rest_route=\/wp\/v2\/types\/page"}],"author":[{"embeddable":true,"href":"https:\/\/ecclesiae.de\/blog\/index.php?rest_route=\/wp\/v2\/users\/3"}],"replies":[{"embeddable":true,"href":"https:\/\/ecclesiae.de\/blog\/index.php?rest_route=%2Fwp%2Fv2%2Fcomments&post=10431"}],"version-history":[{"count":1,"href":"https:\/\/ecclesiae.de\/blog\/index.php?rest_route=\/wp\/v2\/pages\/10431\/revisions"}],"predecessor-version":[{"id":10432,"href":"https:\/\/ecclesiae.de\/blog\/index.php?rest_route=\/wp\/v2\/pages\/10431\/revisions\/10432"}],"up":[{"embeddable":true,"href":"https:\/\/ecclesiae.de\/blog\/index.php?rest_route=\/wp\/v2\/pages\/10378"}],"wp:attachment":[{"href":"https:\/\/ecclesiae.de\/blog\/index.php?rest_route=%2Fwp%2Fv2%2Fmedia&parent=10431"}],"curies":[{"name":"wp","href":"https:\/\/api.w.org\/{rel}","templated":true}]}}