{"id":10433,"date":"2022-07-20T13:55:11","date_gmt":"2022-07-20T13:55:11","guid":{"rendered":"http:\/\/ecclesiae.de\/blog\/?page_id=10433"},"modified":"2022-07-20T13:55:11","modified_gmt":"2022-07-20T13:55:11","slug":"weihe-an-das-heilige-herz-jesu","status":"publish","type":"page","link":"https:\/\/ecclesiae.de\/blog\/?page_id=10433","title":{"rendered":"Weihe an das Heilige Herz Jesu"},"content":{"rendered":"\n<p>O mein Gott, mit lebendigem Glauben und tiefster Ehrfurcht bete ich Dich an<br>und danke Dir f\u00fcr alle Gnaden, die ich von Deiner freigebigen G\u00fcte empfangen habe,<br>besonders f\u00fcr die Gnade der Erschaffung, der Erl\u00f6sung und Erhaltung, f\u00fcr das Gl\u00fcck des wahren heiligen Glaubens,<br>und dass Du mich diese Nacht vor einem pl\u00f6tzlichen Tode bewahrt hast.<br>O heiligstes Herz, ich schenke und weihe mich Dir ganz:<br>mein Herz,<br>mein Ged\u00e4chtnis,<br>meinen Verstand und<br>meinen Willen,<br>damit alles, was ich tun und leiden werde, aus Liebe zu Dir geschehe und zu Deiner Ehre gereiche;<br>damit ich Dich liebe durch alles, was ich sehen und h\u00f6ren werde;<br>damit alle meine Worte ebenso viele Akte der Anbetung, der Liebe und Lobpreisung seien<br>gegen Deine h\u00f6chste Majest\u00e4t, alle Bewegungen meiner Lippen ebenso viele Akte der Reue \u00fcber die S\u00fcnden, die ich begangen,<br>und \u00fcber die Unterlassungen des Guten, welche ich verschuldet habe.<br>O Herz der Liebe, m\u00f6chte ich Dich so oft an mich ziehen k\u00f6nnen, als ich die Luft einatme,<br>und dich dem ewigen Vater aufopfern, so oft ich sie wieder ausatme, zum Dank f\u00fcr alle seine Wohltaten!<br><br>Im Vertrauen auf Deine unendliche Barmherzigkeit mache ich auch die Meinung, alle heiligen Abl\u00e4sse zu gewinnen,<br>deren ich heute teilhaft werden kann, und bitte Dich, sie zum Heil meiner Seele gereichen zu lassen.<br>Auch vereinige ich mich mit allen Gebeten, guten Werken und heiligen Absichten der leidenden, streitenden und triumphierenden Kirche.<br><br>Indem ich so mein ganzes Wesen den Anordnungen Deines heiligsten Willens \u00fcberlasse,<br>bitte ich Dich um Deinen heiligen Segen, o mein Gott.<br><br>Sei gegr\u00fc\u00dft, o meine liebensw\u00fcrdige Herrin, w\u00fcrdige Mutter meines Gottes, ich verehre dich von ganzem Herzen<br>und weihe dir meine Freiheit, indem ich dich bitte, die Lenkerin meiner Schritte, die Beherrscherin meines Lebens<br>und die Regel all meiner Absichten, W\u00fcnsche und Handlungen zu sein.<br>Sei du auch, o heiligste Jungfrau, mein Stern auf dem Meere dieses Leben, der sichere Hafen meines Heiles und meiner Ewigkeit,<br>und mit deinem Schutz und Segen, o s\u00fc\u00dfe Zuflucht der S\u00fcnder, verleihe mir die Gnade, wie du zu leben und zu sterben.<br><br>Heiliger Schutzengel und ihr, meine heiligen Patrone, seid gegr\u00fc\u00dft!<br>Verleihet mir, ich bitte euch, euren m\u00e4chtigen Schutz und Beistand. Amen.<br><br>Vater unser&#8230;; Gegr\u00fc\u00dft seist du Maria&#8230;; Ehre sei dem Vater&#8230;; Der Engel des Herrn&#8230;;<br>(Heilige Margareta Maria Alacoque)<\/p>\n","protected":false},"excerpt":{"rendered":"<p>O mein Gott, mit lebendigem Glauben und tiefster Ehrfurcht bete ich Dich anund danke Dir f\u00fcr alle Gnaden, die ich von Deiner freigebigen G\u00fcte empfangen habe,besonders f\u00fcr die Gnade der Erschaffung, der Erl\u00f6sung und Erhaltung, f\u00fcr das Gl\u00fcck des wahren &hellip; <a href=\"https:\/\/ecclesiae.de\/blog\/?page_id=10433\">Weiterlesen <span class=\"meta-nav\">&rarr;<\/span><\/a><\/p>\n","protected":false},"author":3,"featured_media":0,"parent":10378,"menu_order":0,"comment_status":"closed","ping_status":"closed","template":"","meta":{"footnotes":""},"class_list":["post-10433","page","type-page","status-publish","hentry"],"_links":{"self":[{"href":"https:\/\/ecclesiae.de\/blog\/index.php?rest_route=\/wp\/v2\/pages\/10433","targetHints":{"allow":["GET"]}}],"collection":[{"href":"https:\/\/ecclesiae.de\/blog\/index.php?rest_route=\/wp\/v2\/pages"}],"about":[{"href":"https:\/\/ecclesiae.de\/blog\/index.php?rest_route=\/wp\/v2\/types\/page"}],"author":[{"embeddable":true,"href":"https:\/\/ecclesiae.de\/blog\/index.php?rest_route=\/wp\/v2\/users\/3"}],"replies":[{"embeddable":true,"href":"https:\/\/ecclesiae.de\/blog\/index.php?rest_route=%2Fwp%2Fv2%2Fcomments&post=10433"}],"version-history":[{"count":1,"href":"https:\/\/ecclesiae.de\/blog\/index.php?rest_route=\/wp\/v2\/pages\/10433\/revisions"}],"predecessor-version":[{"id":10434,"href":"https:\/\/ecclesiae.de\/blog\/index.php?rest_route=\/wp\/v2\/pages\/10433\/revisions\/10434"}],"up":[{"embeddable":true,"href":"https:\/\/ecclesiae.de\/blog\/index.php?rest_route=\/wp\/v2\/pages\/10378"}],"wp:attachment":[{"href":"https:\/\/ecclesiae.de\/blog\/index.php?rest_route=%2Fwp%2Fv2%2Fmedia&parent=10433"}],"curies":[{"name":"wp","href":"https:\/\/api.w.org\/{rel}","templated":true}]}}