{"id":10437,"date":"2022-07-20T13:57:58","date_gmt":"2022-07-20T13:57:58","guid":{"rendered":"http:\/\/ecclesiae.de\/blog\/?page_id=10437"},"modified":"2022-07-20T13:57:58","modified_gmt":"2022-07-20T13:57:58","slug":"rosenkranz-zu-ehren-der-allerheiligsten-dreifaltigkeit","status":"publish","type":"page","link":"https:\/\/ecclesiae.de\/blog\/?page_id=10437","title":{"rendered":"Rosenkranz zu Ehren der Allerheiligsten Dreifaltigkeit"},"content":{"rendered":"\n<p><br><br>Im Namen des Vaters und des Sohnes und des Heiligen Geistes. Amen.<br>V. Herr, \u00f6ffne meine Lippen.<br>R. Und mein Mund wird Dein Lob verk\u00fcnden.<br>V. Gott, merk auf meine Hilfe.<br>R. Herr, eile, mir zu helfen. (500 Tage Ablass jedesmal.)<br>V. Ehre sei dem Vater und dem Sohne und dem Heiligen Geiste.<br>R. Wie es war im Anfang, so auch jetzt und allezeit und in Ewigkeit. Amen.<br><br>Erstes Gesetzlein.<br><br>V. Heiliger Gott, heiliger starker, heiliger unsterblicher Gott.<br>R. Erbarme Dich unser. (500 Tage Ablass jedesmal.)<br>Vater unser, der Du bist in dem Himmel, geheiligt werde Dein Name;<br>zukomme uns Dein Reich;<br>Dein Wille geschehe wie im Himmel also auch auf Erden.<br>Gib uns heute unser t\u00e4gliches Brot<br>und vergib uns unsere Schuld, wie auch wir vergeben unseren Schuldigern;<br>und f\u00fchre uns nicht in Versuchung,<br>sondern erl\u00f6se uns von dem \u00dcbel. Amen.<br><br>Hierauf wird neunmal gebetet:<br>V. Dir sei Lob, Dir Ehre, Dir Danksagung in Ewigkeit, o heiligste Dreifaltigkeit. (500 Tage Ablass jedesmal.)<br>R. Heilig, heilig, heilig ist der Herr Gott der Heerscharen. Himmel und Erde sind Deiner Herrlichkeit voll. (500 Tage Ablass jedesmal.)<br>Nach dem neunten Male:<br>V. Ehre sei dem Vater und dem Sohne und dem Heiligen Geiste.<br>R. Wie es war im Anfang, so auch jetzt und allezeit und in Ewigkeit. Amen.<br><br>Das zweite und dritte Gesetzlein<br><br>wird genau so gebetet wie das erste, indem man anf\u00e4ngt:<br>Heiliger Gott, heiliger starker, heiliger unsterblicher Gott. Erbarme Dich unser usw.<br><br>Nachdem das dritte Gesetzlein beendet ist, betet man:<br>Dich Gott, den ungeborenen Vater, Dich, den eingeborenen Sohn,<br>Dich, den Heiligen Geist, den Tr\u00f6ster, heilige und ungeteilte Dreifaltigkeit,<br>bekennen, loben und preisen wir aus ganzem Herzen und Munde. (500 Tage Ablass jedesmal.)<br>V. Lasst uns preisen den Vater und den Sohn mit dem Heiligen Geiste.<br>R. Lasst uns Ihn loben und hocherheben in Ewigkeit.<br><br>Lasst uns beten:<br>Allm\u00e4chtiger, ewiger Gott, Du hast Deinen Dienern die Gnade verliehen,<br>im Bekenntnis des wahren Gaubens die Herrlichkeit der ewigen Dreifaltigkeit zu erkennen<br>und in der Macht der Majest\u00e4t die Einheit anzubeten; nun bitten wir Dich, lass uns kraft dieses unersch\u00fctterlichen Glaubens<br>sets vor allem Unheil gesichert sein.<br>Durch Christus, unseren Herrn. Amen. (5 Jahre Ablass jedesmal.)<br>Befreie uns, rette uns, belebe uns, o heiligste Dreifaltigkeit!<br><br>Der Orden der Allerheiligsten Dreifaltigkeit, auch Trinitarierorden genannt,<br>gegr\u00fcndet vom hl. Johannes von Matha und hl. Felix von Valois, von Papst Innozenz III.<br>best\u00e4tigt im Jahre 1198, hat die ehrenvolle Aufgabe, die Verehrung der Allerheiligsten Dreifaltigkeit zu pflegen.<br>Seit Jahrhunderten schon ist es eine fromme \u00dcbung in den Kl\u00f6stern des Trinitarierordens,<br>t\u00e4glich ein eigenes Gebet zu Ehren der Allerheiligsten Dreifaltigkeit zu verrichten,<br>den Rosenkranz der Allerheiligsten Dreifaltigkeit.<br>Man nennt dieses Gebet auch das englische Trisagion oder den englischen Rosenkranz.<br>Es leitet seinen Ursprung her von der ber\u00fchmten Vision des Propheten Isaias, der die Majest\u00e4t Gottes schaute<br>und die Seraphim vor dem Throne Gottes unaufh\u00f6rlich rufen h\u00f6rte:<br>&#8222;Heilig, heilig, heilig ist der Herr, Gott der Heerscharen; Himmel und Erde sind Deiner Herrlichkeit voll.&#8220;<br>Der Dreifaltigkeitsrosenkranz besteht aus verschiedenen Lobspr\u00fcchen und Dankgebeten, die mit reichen Abl\u00e4ssen versehen sind.<br>Zum Beten des Dreifaltigkeitsrosenkranzes ben\u00fctzt man gew\u00f6hnlich eine Perlenschnur<br>wie beim Marianischen Rosenkranz, jedoch hat der Dreifaltigkeitsrosenkranz nur 3 Gesetzlein und jedes Gesetzlein nur 9 Perlen.<br><br>Zur Gewinnung de Abl\u00e4sse ist diese Perlenschnur aber nicht notwendig.<br>Die Abl\u00e4sse sind angegeben nach dem r\u00f6mischen Ablassbuch &#8222;Ausgabe 1950&#8220;.<br><br>Wer den Dreifaltigkeitsrosenkranz oft und and\u00e4chtig betet, der bringt dem dreifaltigen Gott die schuldige Anbetung dar,<br>erlangt Abwendung bestehender oder drohender \u00dcbel und Nachlassung der S\u00fcnden f\u00fcr sich und die armen Seelen im Fegfeuer.<br>Der Dreifaltigkeitsrosenkranz wird mit Erfolg gebetet bei gro\u00dfen Heimsuchungen Gottes,<br>z.B. bei Gewitter, Hagelschlag, St\u00fcrmen, \u00dcberschwemmungen, Erdbeben, seuchenartigen Krankheiten.<br>Im letzten Weltkrieg betete man ihn auch gerne in den Luftschutzkellern w\u00e4hrend der Fliegerangriffe.<br><br>Mit Druckerlaubnis des Erzbisch\u00f6flichen Ordinariates Wien vom 4. VI. 1958,<\/p>\n","protected":false},"excerpt":{"rendered":"<p>Im Namen des Vaters und des Sohnes und des Heiligen Geistes. Amen.V. Herr, \u00f6ffne meine Lippen.R. Und mein Mund wird Dein Lob verk\u00fcnden.V. Gott, merk auf meine Hilfe.R. Herr, eile, mir zu helfen. (500 Tage Ablass jedesmal.)V. Ehre sei dem &hellip; <a href=\"https:\/\/ecclesiae.de\/blog\/?page_id=10437\">Weiterlesen <span class=\"meta-nav\">&rarr;<\/span><\/a><\/p>\n","protected":false},"author":3,"featured_media":0,"parent":10364,"menu_order":0,"comment_status":"closed","ping_status":"closed","template":"","meta":{"footnotes":""},"class_list":["post-10437","page","type-page","status-publish","hentry"],"_links":{"self":[{"href":"https:\/\/ecclesiae.de\/blog\/index.php?rest_route=\/wp\/v2\/pages\/10437","targetHints":{"allow":["GET"]}}],"collection":[{"href":"https:\/\/ecclesiae.de\/blog\/index.php?rest_route=\/wp\/v2\/pages"}],"about":[{"href":"https:\/\/ecclesiae.de\/blog\/index.php?rest_route=\/wp\/v2\/types\/page"}],"author":[{"embeddable":true,"href":"https:\/\/ecclesiae.de\/blog\/index.php?rest_route=\/wp\/v2\/users\/3"}],"replies":[{"embeddable":true,"href":"https:\/\/ecclesiae.de\/blog\/index.php?rest_route=%2Fwp%2Fv2%2Fcomments&post=10437"}],"version-history":[{"count":1,"href":"https:\/\/ecclesiae.de\/blog\/index.php?rest_route=\/wp\/v2\/pages\/10437\/revisions"}],"predecessor-version":[{"id":10438,"href":"https:\/\/ecclesiae.de\/blog\/index.php?rest_route=\/wp\/v2\/pages\/10437\/revisions\/10438"}],"up":[{"embeddable":true,"href":"https:\/\/ecclesiae.de\/blog\/index.php?rest_route=\/wp\/v2\/pages\/10364"}],"wp:attachment":[{"href":"https:\/\/ecclesiae.de\/blog\/index.php?rest_route=%2Fwp%2Fv2%2Fmedia&parent=10437"}],"curies":[{"name":"wp","href":"https:\/\/api.w.org\/{rel}","templated":true}]}}