{"id":10443,"date":"2022-07-20T14:01:24","date_gmt":"2022-07-20T14:01:24","guid":{"rendered":"http:\/\/ecclesiae.de\/blog\/?page_id=10443"},"modified":"2022-07-20T14:01:24","modified_gmt":"2022-07-20T14:01:24","slug":"rosenkranz-fuer-die-ungeborenen-kinder-und-ihre-eltern","status":"publish","type":"page","link":"https:\/\/ecclesiae.de\/blog\/?page_id=10443","title":{"rendered":"Rosenkranz f\u00fcr die ungeborenen Kinder und ihre Eltern"},"content":{"rendered":"\n<p><br><br>Credo Ich glaube an den einen Gott. (Nach jedem Satz singen alle: Credo, credo. Amen.)<br>Ich glaube an den allm\u00e4chtigen Vater, Sch\u00f6pfer des Himmels und der Erde, aller sichtbaren und unsichtbaren Dinge.<br>Ich glaube an den einen Herrn Jesus Christus, Gottes eingeborenen Sohn.<br>Ich glaube, dass Er geboren ist aus dem Vater vor aller Zeit, Gott vom Gott, Licht vom Licht, wahrer Gott vom wahren Gott.<br>Ich glaube, dass Er gezeugt ist, nicht geschaffen, eines Wesens mit dem Vater.<br>Ich glaube, dass durch Ihn alles geschaffen ist.<br>Ich glaube, dass Er f\u00fcr uns Menschen vom Himmel herabgestiegen ist.<br>Ich glaube, dass Er Fleisch angenommen hat durch den Heiligen Geist aus Maria, der Jungfrau, und Mensch geworden ist.<br>Ich glaube, dass Er auch f\u00fcr uns gekreuzigt wurde, unter Pontius Pilatus den Tod erlitten hat und begraben wurde.<br>Ich glaube, dass Er am dritten Tag auferstanden ist, gem\u00e4ss der Schrift.<br>Ich glaube, dass Er in den Himmel aufgefahren ist und zur Rechten des Vaters sitzt.<br>Ich glaube, dass Er wiederkommen wird in Herrlichkeit, Gericht zu halten \u00fcber Lebende und T ote.<br>Ich glaube, dass seines Reiches kein Ende sein wird.<br>Ich glaube an den Heiligen Geist, den Herrn und Lebensspender, der vom Vater und vom Sohne ausgeht.<br>Ich glaube, dass Er mit dem Vater und dem Sohne zugleich angebetet und verherrlicht wird.<br>Ich glaube, dass Er gesprochen hat durch die Propheten.<br>Ich glaube an die eine, heilige, katholische und apostolische Kirche.<br>Ich bekenne die eine Taufe zur Vergebung der S\u00fcnden.<br>Ich erwarte die Auferstehung der Toten und das Leben der zuk\u00fcnftigen Welt.<br><br>Ehre sei dem Vater, lateinisch:<br>Gloria Patri, et Filio, et Spir\u00edtui Sancto, sicut erat in princ\u00edpio et nunc et semper, et in s\u00e1ecula saecul\u00f3rum. Amen.<br>Vaterunser, lateinisch:<br>Pater noster, qui es in caelis, sanctific\u00e9tur nomen tuum, adv\u00e9niat regnum tuum, fiat vol\u00fantas tua, sicut in caelo et in terra.<br>Panem nostrum quotidi\u00e1num da nobis hodie, et dim\u00edtte nobis d\u00e9bita nostra, sicut et nos dim\u00edttimus debit\u00f3ribus nostris, et ne nos ind\u00facas in tentati\u00f3nem, sed l\u00edbera nos a malo. Amen.<br><br><strong>1. Zehner<\/strong><br>Zum Pater noster:<br>Die Bewahrung der Sch\u00f6pfung beginnt beim un- geborenen Menschen. \u2013 Gott, lass uns in Deinem Geist die Sch\u00f6pfung heilig halten!<br>Zu den Ave Maria:<br>1. \u00a0 \u00a0 \u00a0Maria, du hast dein Leben Gott geweiht. \u2013 St\u00e4rke in uns den Willen, gottgef\u00e4llig zu leben.<br>2. \u00a0 \u00a0 \u00a0Maria, du bist in Keuschheit reif geworden. \u2013 Gib der Jugend den Wunsch nach Reinheit.<br>3. \u00a0 \u00a0 \u00a0Maria, du bist immer jungfr\u00e4ulich geblieben. \u2013 Schenk\u2019 den Jugendlichen Kraft zur Enthaltsamkeit.<br>4. \u00a0 \u00a0 \u00a0Maria, deine Gottesliebe stand \u00fcber allem. \u2013 Lenke den Blick der Verliebten auf Gott.<br>5. \u00a0 \u00a0 \u00a0Maria, du hast deine Lust nicht im Verg\u00e4nglichen gesucht. \u2013 Hilf uns, die Leidenschaften zu beherrschen.<br>6. \u00a0 \u00a0 \u00a0Maria, du hast deinen Leib nie befleckt. \u2013 Bewahre uns davor, die Sexualit\u00e4t zu missbrau- chen.<br>7. \u00a0 \u00a0 \u00a0Maria, du hast in aller Bescheidenheit gelebt. \u2013 Lass uns auf den verderblichen Luxus ver- zichten.<br>8. \u00a0 \u00a0 \u00a0Maria, nach dem Willen Gottes hast du dich verm\u00e4hlt. \u2013 Schenk\u2019 der Ehe ihr Ansehen bei uns zur\u00fcck.<br>9. \u00a0 \u00a0 \u00a0Maria, du hast zum Engel JA gesagt. \u2013 Gib allen M\u00fcttern den Mut, ebenfalls JA zu sagen.<br>10. Maria, dein Sohn war von Gott geschenkt. \u2013 Lass alle Menschen einsehen, dass jedes Kind ein Gottesgeschenk ist.<br>Zum Gloria Patri:<br>Dreifaltiger Gott, Dir schulden wir Rechenschaft f\u00fcr unser Tun und Lassen.<br><br><strong>2. Zehner<\/strong><br>Zum Pater noster:<br>Jedes Kind ist ein Abbild des Gottessohnes. \u2013 Vater, halte die Menschen davon ab, dieses hei- lige Abbild zu zerst\u00f6ren!<br>Zu den Ave Maria:<br>1. \u00a0 \u00a0 \u00a0Maria, Jesus war dein ganzes Gl\u00fcck. \u2013 Halte die Menschen davon ab, Kinder wie ein Un- gl\u00fcck zu verh\u00fcten.<br>2. \u00a0 \u00a0 \u00a0Maria, Jesus war in deinem Schoss von Anfang an Gott und Mensch. \u2013 Vernichte die L\u00fcge, dass der Embryo noch kein Mensch sei.<br>3. \u00a0 \u00a0 \u00a0Maria, schon vor der Geburt hast du Jesus deine m\u00fctterliche F\u00fcrsorge geschenkt. \u2013<br>\u00a0 \u00a0\u00a0 \u00a0\u00a0 Entferne von den schwangeren Frauen jedes Medikament, das ihr Kind t\u00f6ten k\u00f6nnte.<br>4. \u00a0 \u00a0 \u00a0Maria, auch zu deiner Zeit gab es Abtreibungen. \u2013 Erinnere die \u00c4rzte an ihre heilige Pflicht, das Leben zu f\u00f6rdern<br>\u00a0 \u00a0\u00a0 \u00a0\u00a0 und nicht zu zerst\u00f6ren.<br>5. \u00a0 \u00a0 \u00a0Maria, es schmerzte dich, auf deinen Wegen lieblosen M\u00fcttern zu begegnen. \u2013<br>\u00a0 \u00a0\u00a0 \u00a0\u00a0 Gib ein Herz jenen Schwangeren, die ihr Kind leichtfertig wegwerfen wollen.<br>6. \u00a0 \u00a0 \u00a0Maria, auch als Schwangere vor einer ungewissen Zukunft hattest du volles Gottver- trauen. \u2013<br>\u00a0 \u00a0\u00a0 \u00a0\u00a0 Entreiss\u2019 aus den verzagten Mutterherzen den Gedanken an die Abtreibung.<br>7. \u00a0 \u00a0 \u00a0Maria, lange Zeit konntest du dein Geheimnis mit niemandem teilen. \u2013<br>\u00a0 \u00a0\u00a0 \u00a0\u00a0 Begleite die Erwar- tenden, die allein gelassen sind.<br>8. \u00a0 \u00a0 \u00a0Maria, in all deinen Notlagen hast du die Hoffnung nie verloren. \u2013<br>\u00a0 \u00a0\u00a0 \u00a0\u00a0 Lindere die Not jener, die in der Schwangerschaft verzweifeln.<br>9. \u00a0 \u00a0 \u00a0Maria, du hast alles f\u00fcr den ungeborenen Heiland getan. \u2013<br>\u00a0 \u00a0\u00a0 \u00a0\u00a0 Besch\u00fctze das Leben der Kinder im Mutterschoss.<br>10.\u00a0 \u00a0 Maria, du warst bereit, dein Leben f\u00fcr das Leben Jesu zu geben. \u2013<br>\u00a0 \u00a0\u00a0 \u00a0\u00a0 Mach\u2019 aus den M\u00fcttern L\u00f6winnen, die f\u00fcr ihre Kinder k\u00e4mpfen.<br><br>Zum Gloria Patri:<br>Gott, Du erschaffst jeden einzelnen Menschen. Wir d\u00fcrfen ihn nicht der t\u00f6dlichen Selektion un- terwerfen.<br><br><strong>3. Zehner<\/strong><br>Zum Pater noster:<br>Jede Empf\u00e4ngnis ist gottgegeben. \u2013 Du Spender allen Lebens, hilf allen Eltern beten: \u201eDein Wille geschehe!\u201c<br>Zu den Ave Maria:<br>1. \u00a0 \u00a0 \u00a0Maria, du hast den ungeborenen Jesus von Herzen geliebt. \u2013<br>\u00a0 \u00a0\u00a0 \u00a0\u00a0 Lehr\u2019 die M\u00fctter, ihr ungebo- renes Kind ebenso zu lieben.<br>2. \u00a0 \u00a0 \u00a0Maria, du hast Jesus \u00fcber die Berge getragen. \u2013<br>\u00a0 \u00a0\u00a0 \u00a0\u00a0 Hilf den werdenden M\u00fcttern, die Berge der Schwierigkeiten zu \u00fcberwinden.<br>3. \u00a0 \u00a0 \u00a0Maria, du hast deiner schwangeren Cousine in ihrer Notlage geholfen. \u2013<br>\u00a0 \u00a0\u00a0 \u00a0\u00a0 Hilf auch heute den vielen Schwangeren in Not.<br>4. \u00a0 \u00a0 \u00a0Maria, du hast dich mit Elisabeth \u00fcber die Erwartung eurer Kinder gefreut. \u2013<br>\u00a0 \u00a0\u00a0 \u00a0\u00a0 Schenk\u2019 uns Freude \u00fcber jedes Kind unter dem Mutterherzen.<br>5. \u00a0 \u00a0 \u00a0Maria, du wurdest liebevoll von Josef unterst\u00fctzt. \u2013 Ber\u00fchre auch die Herzen der V\u00e4ter.<br>6. \u00a0 \u00a0 \u00a0Maria, du hast Josef feinf\u00fchlig an der Erwartung Jesu teilnehmen lassen. \u2013<br>\u00a0 \u00a0\u00a0 \u00a0\u00a0 Hilf den V\u00e4- tern, ein Liebesband zu ihrem ungeborenen Kind zu kn\u00fcpfen.<br>7. \u00a0 \u00a0 \u00a0Maria, du hast Jesus im Stall zu Bethlehem geboren. \u2013 Wir erbitten f\u00fcr alle M\u00fctter und Kinder eine gl\u00fcckliche Geburt.<br>8. \u00a0 \u00a0 \u00a0Maria, du hast Jesus das irdische Leben geschenkt, damit er das ewige erringe. \u2013<br>\u00a0 \u00a0\u00a0 \u00a0\u00a0 F\u00fchre die Kinder zur Taufe f\u00fcr das ewige Leben.<br>9. \u00a0 \u00a0 \u00a0Maria, du hast mit Josef und Jesus eine heilige Familie gebildet. \u2013 Gib uns den rechten Familiensinn.<br>10.\u00a0 \u00a0 Maria, du bist mit Josef in guten und schlechten Tagen zusammen geblieben. \u2013<br>\u00a0 \u00a0\u00a0 \u00a0\u00a0 St\u00e4rke un- sere Ehen zum Wohl der Kinder.<br><br>Zum Gloria Patri:<br>Gott der Liebe, lass uns Liebe schenken \u2013 Geborenen wie Ungeborenen.<br><br><strong>4. Zehner<\/strong><br>Zum Pater noster:<br>Auch f\u00fcr die S\u00fcnde der Abtreibung gibt es eine Vergebung. \u2013 Barmherziger Gott, schenke allen schuldigen Herzen aufrichtige Reue!<br>Zu den Ave Maria:<br>1. \u00a0 \u00a0 \u00a0Maria, du hast Jesus zu einem Leben des Leidens geboren. \u2013 Lass auch behinderte Kin- der gerne willkommen sein.<br>2. \u00a0 \u00a0 \u00a0Maria, wir wollen nicht, dass auch nur ein Kind Opfer des Egoismus wird. \u2013<br>\u00a0 \u00a0\u00a0 \u00a0\u00a0 St\u00e4rke in den Herzen die Achtung vor dem Leben.<br>3. \u00a0 \u00a0 \u00a0Maria, du zeigst uns, dass ein Kind nur Gott allein geopfert werden darf. \u2013<br>\u00a0 \u00a0\u00a0 \u00a0\u00a0 Hilf den Eltern, alle irdischen Interessen zur\u00fcckzustellen.<br>4. \u00a0 \u00a0 \u00a0Maria, du bist dem Ruf Gottes aus freiem Willen bis unter das Kreuz gefolgt. \u2013<br>\u00a0 \u00a0\u00a0 \u00a0\u00a0 Schenk\u2019 den jungen M\u00fcttern den Mut, dir darin nachzufolgen.<br>5. \u00a0 \u00a0 \u00a0Maria, du bist vor schwerem Leiden nicht zu- r\u00fcckgeschreckt. \u2013<br>\u00a0 \u00a0\u00a0 \u00a0\u00a0 Ermutige die Eltern, lieber ihr eigenes Leben zu opfern, als das ihres Kindes.<br>6. \u00a0 \u00a0 \u00a0Maria, du f\u00fchrst uns auf den Kreuzweg des Erl\u00f6sers. \u2013<br>\u00a0 \u00a0\u00a0 \u00a0\u00a0 Bekehre zu Ihm die Herzen jener, die nach dem Leben der Kinder greifen.<br>7. \u00a0 \u00a0 \u00a0Maria, in deinem Schmerz unter dem Kreuz hast du an die Lebenskraft deines Sohnes ge- glaubt. \u2013<br>\u00a0 \u00a0\u00a0 \u00a0\u00a0 Erbitte diese Kraft allen, deren Seele wegen Kindest\u00f6tung gestorben ist.<br>8. \u00a0 \u00a0 \u00a0Maria, du hast den reuigen Sch\u00e4cher liebevoll angeschaut. \u2013 Begleite in Liebe alle, die eine Abtreibung bereuen.<br>9. \u00a0 \u00a0 \u00a0Maria, die Seelen der im Mutterschoss umgebrachten Kinder rufen nach Gott. \u2013 Wir emp- fehlen sie deinem Geleit.<br>10.\u00a0 \u00a0 Maria, das unschuldige Blut zahlloser Ungeborener klebt an den H\u00e4nden unserer Gesell- schaft. \u2013<br>\u00a0 \u00a0\u00a0 \u00a0\u00a0 Wasche sie rein im Blut deines g\u00f6ttlichen Sohnes.<br><br>Zum Gloria Patri:<br>Gott, keiner von uns ist bei Dir unerw\u00fcnscht. \u2013 Auch bei uns soll kein Kind unerw\u00fcnscht sein.<br><br><strong>5. Zehner:<\/strong><br>Zum Pater noster:<br>Die T\u00f6tung der eigenen Kinder lastet schwer auf unserer Gesellschaft. \u2013 Heiliger Gott, erl\u00f6se uns von diesem Frevel!<br>Zu den Ave Maria:<br>1. \u00a0 \u00a0 \u00a0Maria, du hast dich in allen Pr\u00fcfungen bew\u00e4hrt. \u2013 Zeig den Eltern das Gl\u00fcck des Kindes, das alle Nachteile aufwiegt.<br>2. \u00a0 \u00a0 \u00a0Maria, du hast die Menschenkinder zu deinen Kindern erw\u00e4hlt. \u2013<br>\u00a0 \u00a0\u00a0 \u00a0\u00a0 Halte deine sch\u00fctzende Hand \u00fcber Geborene und Ungeborene.<br>3. \u00a0 \u00a0 \u00a0Maria, du liebst alle Kinder. \u2013 Wehre den Todesatem unserer Gesellschaft von ihnen ab.<br>4. \u00a0 \u00a0 \u00a0Maria, du bist heilig und gerecht vor Gott. \u2013 Erhalte das Bewusstsein, dass die Abtreibung ein grosses Unrecht ist.<br>5. \u00a0 \u00a0 \u00a0Maria, du bist die wahre Mutter des Lebens. \u2013 Erwecke neu den Sinn f\u00fcr das 5. Gebot: \u201eDu sollst nicht t\u00f6ten\u201c.<br>6. \u00a0 \u00a0 \u00a0Maria, du hast dich als die Unbefleckte Empf\u00e4ngnis geoffenbart. \u2013<br>\u00a0 \u00a0\u00a0 \u00a0\u00a0 Rette die Menschen aus der Verstrickung in die S\u00fcnde.<br>7. \u00a0 \u00a0 \u00a0Maria, dein Programm heisst hingebende Liebe. \u2013 Zieh\u2019 die Menschen an, deinem Liebesprogramm zu folgen.<br>8. \u00a0 \u00a0 \u00a0Maria, du bist die Mutter der sch\u00f6nen Liebe. \u2013 Wir w\u00e4hlen dich zum Vorbild und Mass unse- res Handelns.<br>9. \u00a0 \u00a0 \u00a0Maria, als K\u00f6nigin bist du \u00fcber Himmel und Erde erhoben. \u2013<br>\u00a0 \u00a0\u00a0 \u00a0\u00a0 Erweise dich als m\u00fctterliche K\u00f6nigin an uns s\u00fcndigen Menschen.<br>10.\u00a0 \u00a0 Maria, am Ende wirst du mit deinem Sohn den Triumph \u00fcber Tod und Teufel feiern. \u2013<br>\u00a0 \u00a0\u00a0 \u00a0\u00a0 F\u00fchre auch die S\u00fcnder gegen das Leben zur Gemeinschaft der Heiligen.<br><br>Zum Gloria Patri:<br>Gott, wir Menschen seid Deine Kinder \u2013 erhalte und festige uns in Deiner Liebe.<br>Q: <a rel=\"noreferrer noopener\" href=\"http:\/\/www.ja-zum-kind.ch\/downloads\/Gebetstexte.pdf\" target=\"_blank\">Ja zum Kind.ch<\/a><\/p>\n","protected":false},"excerpt":{"rendered":"<p>Credo Ich glaube an den einen Gott. (Nach jedem Satz singen alle: Credo, credo. Amen.)Ich glaube an den allm\u00e4chtigen Vater, Sch\u00f6pfer des Himmels und der Erde, aller sichtbaren und unsichtbaren Dinge.Ich glaube an den einen Herrn Jesus Christus, Gottes eingeborenen &hellip; <a href=\"https:\/\/ecclesiae.de\/blog\/?page_id=10443\">Weiterlesen <span class=\"meta-nav\">&rarr;<\/span><\/a><\/p>\n","protected":false},"author":3,"featured_media":0,"parent":10364,"menu_order":0,"comment_status":"closed","ping_status":"closed","template":"","meta":{"footnotes":""},"class_list":["post-10443","page","type-page","status-publish","hentry"],"_links":{"self":[{"href":"https:\/\/ecclesiae.de\/blog\/index.php?rest_route=\/wp\/v2\/pages\/10443","targetHints":{"allow":["GET"]}}],"collection":[{"href":"https:\/\/ecclesiae.de\/blog\/index.php?rest_route=\/wp\/v2\/pages"}],"about":[{"href":"https:\/\/ecclesiae.de\/blog\/index.php?rest_route=\/wp\/v2\/types\/page"}],"author":[{"embeddable":true,"href":"https:\/\/ecclesiae.de\/blog\/index.php?rest_route=\/wp\/v2\/users\/3"}],"replies":[{"embeddable":true,"href":"https:\/\/ecclesiae.de\/blog\/index.php?rest_route=%2Fwp%2Fv2%2Fcomments&post=10443"}],"version-history":[{"count":1,"href":"https:\/\/ecclesiae.de\/blog\/index.php?rest_route=\/wp\/v2\/pages\/10443\/revisions"}],"predecessor-version":[{"id":10444,"href":"https:\/\/ecclesiae.de\/blog\/index.php?rest_route=\/wp\/v2\/pages\/10443\/revisions\/10444"}],"up":[{"embeddable":true,"href":"https:\/\/ecclesiae.de\/blog\/index.php?rest_route=\/wp\/v2\/pages\/10364"}],"wp:attachment":[{"href":"https:\/\/ecclesiae.de\/blog\/index.php?rest_route=%2Fwp%2Fv2%2Fmedia&parent=10443"}],"curies":[{"name":"wp","href":"https:\/\/api.w.org\/{rel}","templated":true}]}}