{"id":10445,"date":"2022-07-20T14:02:52","date_gmt":"2022-07-20T14:02:52","guid":{"rendered":"http:\/\/ecclesiae.de\/blog\/?page_id=10445"},"modified":"2022-07-20T14:02:52","modified_gmt":"2022-07-20T14:02:52","slug":"rosenkranz-fuer-die-unschuldigen-kinder","status":"publish","type":"page","link":"https:\/\/ecclesiae.de\/blog\/?page_id=10445","title":{"rendered":"Rosenkranz f\u00fcr die unschuldigen Kinder"},"content":{"rendered":"\n<p><br><br>1. Glaube an Gott&#8230;<br>2. Ehre sei&#8230;<br>3. Vater unser<br>4. 3 x Gegr\u00fc\u00dfet seist Du Maria&#8230;(Glaube Liebe Hoffnung)<br>5. Ehre sei&#8230;<br><br>5 x 10 Ave Maria mit den Ges\u00e4tzen:<br><br>1. der f\u00fcr uns in deinen jungfr\u00e4ulichen Scho\u00df durch den Heiligen Geist Kind geworden ist<br>2. der f\u00fcr uns als Kind in die Welt gekommen ist<br>3. der die Kinder geliebt und gesegnet hat<br>4. der uns die Kinderr als Vorbild gegeben hat<br>5. der gekommen ist, um alle Menschenkinder zu Gotteskindern zu machen.<br>Q:<a rel=\"noreferrer noopener\" href=\"http:\/\/www.bewegung-fuer-das-leben.com\/rosenkranzbetrachtungen.html\" target=\"_blank\">Bewegung f\u00fcr das Leben<\/a><\/p>\n","protected":false},"excerpt":{"rendered":"<p>1. Glaube an Gott&#8230;2. Ehre sei&#8230;3. Vater unser4. 3 x Gegr\u00fc\u00dfet seist Du Maria&#8230;(Glaube Liebe Hoffnung)5. Ehre sei&#8230; 5 x 10 Ave Maria mit den Ges\u00e4tzen: 1. der f\u00fcr uns in deinen jungfr\u00e4ulichen Scho\u00df durch den Heiligen Geist Kind geworden &hellip; <a href=\"https:\/\/ecclesiae.de\/blog\/?page_id=10445\">Weiterlesen <span class=\"meta-nav\">&rarr;<\/span><\/a><\/p>\n","protected":false},"author":3,"featured_media":0,"parent":10364,"menu_order":0,"comment_status":"closed","ping_status":"closed","template":"","meta":{"footnotes":""},"class_list":["post-10445","page","type-page","status-publish","hentry"],"_links":{"self":[{"href":"https:\/\/ecclesiae.de\/blog\/index.php?rest_route=\/wp\/v2\/pages\/10445","targetHints":{"allow":["GET"]}}],"collection":[{"href":"https:\/\/ecclesiae.de\/blog\/index.php?rest_route=\/wp\/v2\/pages"}],"about":[{"href":"https:\/\/ecclesiae.de\/blog\/index.php?rest_route=\/wp\/v2\/types\/page"}],"author":[{"embeddable":true,"href":"https:\/\/ecclesiae.de\/blog\/index.php?rest_route=\/wp\/v2\/users\/3"}],"replies":[{"embeddable":true,"href":"https:\/\/ecclesiae.de\/blog\/index.php?rest_route=%2Fwp%2Fv2%2Fcomments&post=10445"}],"version-history":[{"count":1,"href":"https:\/\/ecclesiae.de\/blog\/index.php?rest_route=\/wp\/v2\/pages\/10445\/revisions"}],"predecessor-version":[{"id":10446,"href":"https:\/\/ecclesiae.de\/blog\/index.php?rest_route=\/wp\/v2\/pages\/10445\/revisions\/10446"}],"up":[{"embeddable":true,"href":"https:\/\/ecclesiae.de\/blog\/index.php?rest_route=\/wp\/v2\/pages\/10364"}],"wp:attachment":[{"href":"https:\/\/ecclesiae.de\/blog\/index.php?rest_route=%2Fwp%2Fv2%2Fmedia&parent=10445"}],"curies":[{"name":"wp","href":"https:\/\/api.w.org\/{rel}","templated":true}]}}