{"id":10449,"date":"2022-07-20T14:04:56","date_gmt":"2022-07-20T14:04:56","guid":{"rendered":"http:\/\/ecclesiae.de\/blog\/?page_id=10449"},"modified":"2022-07-20T14:04:56","modified_gmt":"2022-07-20T14:04:56","slug":"rosenkranz-zu-ehren-der-7-schmerzen-mariens","status":"publish","type":"page","link":"https:\/\/ecclesiae.de\/blog\/?page_id=10449","title":{"rendered":"Rosenkranz zu Ehren der 7 Schmerzen Mariens"},"content":{"rendered":"\n<p><br>Ehre sei dem Vater &#8230;<br>Vater unser &#8230;<br>Gegr\u00fc\u00dfet seist du, Maria &#8230;<br>\u2022 Jesus, dessen Leiden dir zu deinem gro\u00dfen Schmerz von Simeon geweissagt wurde<br>\u2022 Jesus, mit dem du zu deinem gro\u00dfen Schmerz nach \u00c4gypten fliehen mu\u00dftest<br>\u2022 Jesus, den du zu deinem gro\u00dfen Schmerz drei Tage lang gesucht hast<br>\u2022 Jesus, der dir zu deinem gro\u00dfen Schmerz mit dem schweren Kreuz begegnet ist<br>\u2022 Jesus, unter dessen Kreuz du von Schmerzen durchbohrt gestanden bist<br>\u2022 Jesus, dessen heiligster Leichnam dir zu deinem gro\u00dfen Schmerz in den Scho\u00df gelegt wurde<br>\u2022 Jesus, den du zu deinem gro\u00dfen Schmerz zu Grabe getragen hast<br><br>Schlu\u00dfgebet:<br>Gegr\u00fc\u00dfet seist du Maria, voll der Gnade, der Herr ist mit dir.<br>Du bist gebenedeit unter den Frauen, und gebenedeit ist die<br>Frucht deines Leibes, Jesus. O, Mutter der Schmerzen und<br>Mutter der Tr\u00e4nen, bitte f\u00fcr uns S\u00fcnder jetzt und in der Stunde<br>unseres Todes. Amen.<br><br>web246m.dynamic-kunden.ch<\/p>\n","protected":false},"excerpt":{"rendered":"<p>Ehre sei dem Vater &#8230;Vater unser &#8230;Gegr\u00fc\u00dfet seist du, Maria &#8230;\u2022 Jesus, dessen Leiden dir zu deinem gro\u00dfen Schmerz von Simeon geweissagt wurde\u2022 Jesus, mit dem du zu deinem gro\u00dfen Schmerz nach \u00c4gypten fliehen mu\u00dftest\u2022 Jesus, den du zu deinem &hellip; <a href=\"https:\/\/ecclesiae.de\/blog\/?page_id=10449\">Weiterlesen <span class=\"meta-nav\">&rarr;<\/span><\/a><\/p>\n","protected":false},"author":3,"featured_media":0,"parent":10364,"menu_order":0,"comment_status":"closed","ping_status":"closed","template":"","meta":{"footnotes":""},"class_list":["post-10449","page","type-page","status-publish","hentry"],"_links":{"self":[{"href":"https:\/\/ecclesiae.de\/blog\/index.php?rest_route=\/wp\/v2\/pages\/10449","targetHints":{"allow":["GET"]}}],"collection":[{"href":"https:\/\/ecclesiae.de\/blog\/index.php?rest_route=\/wp\/v2\/pages"}],"about":[{"href":"https:\/\/ecclesiae.de\/blog\/index.php?rest_route=\/wp\/v2\/types\/page"}],"author":[{"embeddable":true,"href":"https:\/\/ecclesiae.de\/blog\/index.php?rest_route=\/wp\/v2\/users\/3"}],"replies":[{"embeddable":true,"href":"https:\/\/ecclesiae.de\/blog\/index.php?rest_route=%2Fwp%2Fv2%2Fcomments&post=10449"}],"version-history":[{"count":1,"href":"https:\/\/ecclesiae.de\/blog\/index.php?rest_route=\/wp\/v2\/pages\/10449\/revisions"}],"predecessor-version":[{"id":10450,"href":"https:\/\/ecclesiae.de\/blog\/index.php?rest_route=\/wp\/v2\/pages\/10449\/revisions\/10450"}],"up":[{"embeddable":true,"href":"https:\/\/ecclesiae.de\/blog\/index.php?rest_route=\/wp\/v2\/pages\/10364"}],"wp:attachment":[{"href":"https:\/\/ecclesiae.de\/blog\/index.php?rest_route=%2Fwp%2Fv2%2Fmedia&parent=10449"}],"curies":[{"name":"wp","href":"https:\/\/api.w.org\/{rel}","templated":true}]}}