{"id":10469,"date":"2022-07-21T05:51:23","date_gmt":"2022-07-21T05:51:23","guid":{"rendered":"http:\/\/ecclesiae.de\/blog\/?page_id=10469"},"modified":"2022-07-21T05:51:23","modified_gmt":"2022-07-21T05:51:23","slug":"alte-kreuzwegandacht","status":"publish","type":"page","link":"https:\/\/ecclesiae.de\/blog\/?page_id=10469","title":{"rendered":"Alte Kreuzwegandacht"},"content":{"rendered":"\n<p>Alte Kreuzwegandacht wie sie auf dem Frauenberge und Kalvarienberge und auch anderw\u00e4rts in der Di\u00f6zese in frommer \u00dcbung sind\/waren.<br><br>Mit kirchl. Genehmigung<br><br><br><strong>Vorbereitungsgebet<\/strong><br><br>Jesu Christe, mein g\u00f6ttlicher Heiland und Erl\u00f6ser!<br>Ich, der Ungerechte, habe ges\u00fcndigt, und Du, der Gerechte, h\u00e4ngst blutend f\u00fcr mich am Kreuze.<br>Der Schuldige ist frei, der Unschuldige wird gebunden, der Fromme leidet, der B\u00f6se lebt in Frieden! Was der Knecht verschuldet hat, das bezahlt der Herr! \u2013<br>So weit, o Sohn Gottes, haben es meine S\u00fcnden gebracht! Ich habe das B\u00f6se getan und an Dir wird dasselbe ger\u00e4cht! Doch o mein Jesu!<br>La\u00df Dein Leiden an mir nicht verloren gehen.<br>Ich bitte Dich durch Dein kostbares Blut, durch Deine heiligen Wundmale, durch deinen bitteren Tod, und besonders durch jene Worte, die Du kurz zuvor gesprochen hast:<br>\u201eEs ist vollbracht!\u201c verzeihe mir armen S\u00fcnder!<br><br>Von Herzen bereue ich alle meine S\u00fcnden, weil ich Dich, das allerh\u00f6chste und allerliebensw\u00fcrdigste Gut, so schwer dadurch beleidigt habe.<br>Ernstlich verspreche ich Dir, mit Deiner Gnade mein Leben zu bessern. Herr!<br>Sei mir armen S\u00fcnder gn\u00e4dig und la\u00df mich mit Magdalena h\u00f6ren jene trostreichen Worte: \u201eDeine S\u00fcnden werden dir erlassen, weil du viel geliebt hast!\u201c<br><br><strong>1. Station.<\/strong><br><br><strong>Jesus wird zum Tode verurteilt<\/strong><br><br>Betrachte, wie Pilatus den unschuldigen Jesus, nach blutiger Gei\u00dfelung und Kr\u00f6nung mit Dornen,<br>verurteilt und wie gelassen der Heiland dieses Todesurteil annimmt,<br>damit du von dem Urteile des ewigen Todes befreit w\u00fcrdest.<br><br>V. Wir beten Dich an, o Jesus und preisen Dich!<br>A. Denn durch Dein heiliges Kreuz hast Du die Welt erl\u00f6st!<br><br>Gebet:<br>O Jesu! Ich danke Dir f\u00fcr diese gro\u00dfe Liebe und bitte Dich, nimm das Urteil des ewigen Todes,<br>welches ich durch meine S\u00fcnden verdient habe, zur\u00fcck,<br>damit ich w\u00fcrdig werde, das ewige Leben zu besitzen.<br><br>Vater unser .. \u2013 Gegr\u00fc\u00dfet seist du&#8230; Ehre sei&#8230;<br><br>V. Mein Jesus Barmherzigkeit,<br>A. S\u00fc\u00dfes Herz Maria, sei meine Rettung<\/p>\n\n\n\n<p><strong>2. Station<\/strong><br><br><strong>Jesus wird mit dem Kreuze beladen.<\/strong><br><br>Betrachte, wie Jesus das Kreuz, das deine vielen S\u00fcnden so schwer gemacht haben, auf seine Schultern nimmt.<br><br>V. Wir beten Dich an, o Jesu und preisen Dich!<br>R. Denn durch Dein heiliges Kreuz hast Du die Welt erl\u00f6st!<br><br>Gebet:<br>O Jesu! Gib mir die Gnade, dass ich Dein Kreuz durch meine S\u00fcnden nicht noch schwerer mache und dass ich das meinige,<br>alle Tr\u00fcbsale und Widerw\u00e4rtigkeiten, mit aufrichtigem Bu\u00dfgeiste willig und mutig trage.<br><br>Vater unser.. \u2013 Gegr\u00fc\u00dfet seist.. Ehre sei..<br><br>V. Mein Jesus Barmherzigkeit.<br>A. S\u00fc\u00dfes Herz Mari\u00e4, sei meine Rettung.<\/p>\n\n\n\n<p><strong>3. Station:<br><br>Jesus f\u00e4llt das erste Mal<\/strong>.<br><br>Betrachte, wie Jesus die Last, womit er beladen war, nicht mehr tragen konnte<br>und von Ermattung und Schmerz niedergedr\u00fcckt, unter dem Kreuz fiel.<br><br>V. Wir beten Dich an, o Jesus und preisen Dich!<br>A. Denn durch Dein heiliges Kreuz hast Du die Welt erl\u00f6st!<br><br>Gebet:<br>O Jesus! Meine Vergehungen sind die Ursachen Deines Falles.<br>Verleihe mir die Gnade, dass ich Deinen Schmerz durch den R\u00fcckfall in die S\u00fcnde nicht wieder erneuere.<br><br>Vater unser .. \u2013 Gegr\u00fc\u00dfet seist du&#8230; Ehre sei&#8230;<br><br>V. Mein Jesus Barmherzigkeit,<br>A. S\u00fc\u00dfes Herz Maria, sei meine Rettung.<\/p>\n\n\n\n<p><strong>4. Station:<\/strong><br><br><strong>Jesus begegnet Seiner hl. Mutter.<\/strong><br><br>Betrachte, welcher Schmerz das Herz Jesu zerri\u00df. Da er Maria sah und das Herz Mariens, als Jesus ihr begegnete.<br>Deine S\u00fcnden sind die Ursache der gegenseitigen Betr\u00fcbnis des Sohnes und der Mutter.<br><br>V. Wir beten Dich an, o Jesus und preisen Dich!<br>A. Denn durch Dein heiliges Kreuz hast Du die Welt erl\u00f6st!<br><br>Gebet:<br>O Jesus! Erwecke in mir durch die F\u00fcrbitte einen lebhaften Schmerz \u00fcber meine S\u00fcnden,<br>damit ich sie mein ganzes Leben hindurch beweine und in der Stunde meines Todes Gnade vor Dir finde.<br><br>Vater unser .. \u2013 Gegr\u00fc\u00dfet seist du&#8230; Ehre sei&#8230;<br><br>V. Mein Jesus Barmherzigkeit,<br>A. S\u00fc\u00dfes Herz Maria, sei meine Rettung.<\/p>\n\n\n\n<p><strong>5. Station.<\/strong><br><br><strong>Simon von Cyrene wird gen\u00f6tigt, das Kreuz Christi zu tragen.<\/strong><br><br>Betrachte, wie die Juden beim Anblicke der gro\u00dfen Schw\u00e4che Jesu, aus Furcht,<br>er m\u00f6chte auf dem Wege zum Kalvarienberge den Geist aufgeben,<br>Simon von Cyrene n\u00f6tigen, dem Herrn das Kreuz tragen zu helfen.<br><br>V. Wir beten Dich an, o Jesus und preisen Dich!<br>A. Denn durch Dein heiliges Kreuz hast Du die Welt erl\u00f6st!<br><br>Gebet:<br>O Jesu! Mir steht es zu, das Kreuz zu tragen, weil ich ges\u00fcndigt habe.<br>Mache, dass ich Dich wenigstens auf dem Kreuzwege begleite<br>und das Kreuz der Widerw\u00e4rtigkeiten aus Liebe zu Dir geduldig ertrage.<br><br>Vater unser .. \u2013 Gegr\u00fc\u00dfet seist du&#8230; Ehre sei&#8230;<br><br>V. Mein Jesus Barmherzigkeit,<br>A. S\u00fc\u00dfes Herz Maria, sei meine Rettung.<\/p>\n\n\n\n<p><strong>6. Station.<\/strong><br><br><strong>Veronoika reicht Jesus das Schwei\u00dftuch.<\/strong><br><br>Betrachte, wie diese heilige Frau sich bem\u00fcht, Jesu Leiden zu lindern und wie dagegen Jesus sie belohnt,<br>indem er in dies Schwei\u00dftuch das Bildnis seines Angesichtes dr\u00fcckt.<br><br>V. Wir beten Dich an, o Jesus und preisen Dich!<br>A. Denn durch Dein heiliges Kreuz hast Du die Welt erl\u00f6st!<br>Gebet:<br><br>O Jesu! Verleihe mir die Gnade, meine Seele von allen Flecken zu reinigen; dr\u00fccke Dein heiliges Leiden so tief in meinen Geist<br>und in mein Herz ein, dass ich dasselbe nimmer vergesse.<br><br>Vater unser .. \u2013 Gegr\u00fc\u00dfet seist du&#8230; Ehre sei&#8230;<br><br>V. Mein Jesus Barmherzigkeit,<br>A. S\u00fc\u00dfes Herz Maria, sei meine Rettung.<\/p>\n\n\n\n<p><strong>7.&nbsp; Station.<\/strong><br><br><strong>Jesus f\u00e4llt zum zweiten Male unter dem Kreuze.<\/strong><br><br>Betrachte die Leiden, welche Jesus bei diesem zweiten Falle empfindet;<br>du verusachst sie ihm durch deine \u00f6fteren R\u00fcckf\u00e4lle in die S\u00fcnde.<br><br>V. Wir beten Dich an, o Jesus und preisen Dich!<br>A. Denn durch Dein heiliges Kreuz hast Du die Welt erl\u00f6st!<br><br>Gebet:<br>O Jesu! Wie besch\u00e4mt stehe ich vor Dir. Gib mir die Gnade, von meinen S\u00fcnden so aufzustehen,<br>dass ich nie wieder in dieselben zur\u00fcckfalle.<br><br>Vater unser .. \u2013 Gegr\u00fc\u00dfet seist du&#8230; Ehre sei&#8230;<br><br>V. Mein Jesus Barmherzigkeit,<br>A. S\u00fc\u00dfes Herz Maria, sei meine Rettung.<\/p>\n\n\n\n<p><strong>8. Station<\/strong>.<br><br><strong>Jesus begegnet den weinenden Frauen.<\/strong><br><br>Betrachte, wie Jesus diese Frauen ermahnt, sie sollen nicht \u00fcber ihn, sondern \u00fcber sich selbst weinen,<br>um dich zu bekehren, das\u00df du mehr \u00fcber deine S\u00fcnden, als \u00fcber seine Leiden weinen sollst.<br><br>V. Wir beten Dich an, o Jesus und preisen Dich!<br>A. Denn durch Dein heiliges Kreuz hast Du die Welt erl\u00f6st!<br><br>Gebet:<br>O Jesu! Gib mir Tr\u00e4nen einer wahren Reue, damit das Mitleid,<br>welches ich \u00fcber Deine Schmerzen trage, mir verdienstlich werde.<br><br>Vater unser .. \u2013 Gegr\u00fc\u00dfet seist du&#8230; Ehre sei&#8230;<br><br>V. Mein Jesus Barmherzigkeit,<br>A. S\u00fc\u00dfes Herz Maria, sei meine Rettung.<\/p>\n\n\n\n<p><strong>9. Station.<br><br>Jesus f\u00e4llt zum dritten Male unter dem Kreuze.<\/strong><br><br>Betrachte, wie Jesus zum dritten Male, ebenso schmerzlich als die beiden ersten Male, f\u00e4llt;<br>daran ist deine Verstocktheit, derentwegen du stets in neue S\u00fcnden f\u00e4llst, schuld.<br><br>V. Wir beten Dich an, o Jesus und preisen Dich!<br>A. Denn durch Dein heiliges Kreuz hast Du die Welt erl\u00f6st!<br><br>Gebet:<br>O Jesu! Ich bin fest entschlossen, meinen S\u00fcnden auf immer ein Ende zu machen,<br>um Dir bei Deinem Leiden Linderung zu verschaffen.<br>St\u00e4rke mich in meinem Entschlusse und mache ihn durch Deine Gnade wirksam.<br><br>Vater unser .. \u2013 Gegr\u00fc\u00dfet seist du&#8230; Ehre sei&#8230;<br><br>V. Mein Jesus Barmherzigkeit,<br>A. S\u00fc\u00dfes Herz Maria, sei meine Rettung.<\/p>\n\n\n\n<p><strong>10. Station.<br><br>Jesus wird entkleidet und mit Galle getr\u00e4nkt<\/strong>.<br><br>Betrachte die Besch\u00e4mung, die Jesus ausstand, da man ihn durch die Entkleidung entbl\u00f6sste<br>und die Bitterkeit, die er empfand, da man ihm Wein, mit Myrrhe und Galle gemischt, darreichte.<br>So b\u00fc\u00dfte er deine Unm\u00e4\u00dfigkeit und deine Sinnlichkeit.<br><br>V. Wir beten Dich an, o Jesus und preisen Dich!<br>A. Denn durch Dein heiliges Kreuz hast Du die Welt erl\u00f6st!<br><br>Gebet:<br>O Jesu! Ich bereue die s\u00fcndhaften Freuden, die ich mir erlaubte und die Unm\u00e4\u00dfigkeit, der ich mich hingegeben.<br>Ich fasse den festen Entschlu\u00df mit Beistande Deine Qual und Beschimpfung nicht mehr zu erneuern,<br>den alten Menschen mit seinen Neigungen zu irdischen L\u00fcsten abzulegen<br>und mein zuk\u00fcnftiges Leben in Sittlichkeit und M\u00e4\u00dfigkeit zuzubringen.<br><br>Vater unser .. \u2013 Gegr\u00fc\u00dfet seist du&#8230; Ehre sei&#8230;<br><br>V. Mein Jesus Barmherzigkeit,<br>A. S\u00fc\u00dfes Herz Maria, sei meine Rettung.<\/p>\n\n\n\n<p><strong>11. Station.<br><br>Jesus wird ans Kreuz geheftet.<\/strong><br><br>Betrachte dir au\u00dferordentlichen Schmerzen, die Jesus leidet,<br>als die Juden seinen vom Blute schon ganz triefenden Leib auf dem Kreuze ausstreckten<br>und ihn mittelst der Durchbohrung seiner heiligsten H\u00e4nde und F\u00fc\u00dfe mit N\u00e4geln daran hefteten.<br><br>V. Wir beten Dich an, o Jesus und preisen Dich!<br>A. Denn durch Dein heiliges Kreuz hast Du die Welt erl\u00f6st!<br><br>Gebet:<br>O Jesu! Du leidest dieses alles f\u00fcr mich, und ich soll Deinetwegen nicht leiden?<br>Hefte meinen widerspenstigen Willen an Dein Kreuz. Ich nehme mir ernstlich vor,<br>Dich nie mehr zu beleidigen und aus Liebe zu Dir alles zu leiden.<br><br>Vater unser .. \u2013 Gegr\u00fc\u00dfet seist du&#8230; Ehre sei&#8230;<br><br>V. Mein Jesus Barmherzigkeit,<br>A. S\u00fc\u00dfes Herz Maria, sei meine Rettung.<\/p>\n\n\n\n<p><strong>12. Station.<br><br>Jesus stirbt am Kreuze.<\/strong><br><br>Betrachte, wie dein Erl\u00f6ser nach einer dreist\u00fcndigen Todesangst am Kreuze verschied,<br>um dein Heil zu wirken.<br><br>V. Wir beten Dich an, o Jesus und preisen Dich!<br>A. Denn durch Dein heiliges Kreuz hast Du die Welt erl\u00f6st!<br><br>Gebet:<br>O Jesu!<br>Nachdem Du Dein Leben hingegeben f\u00fcr mich, ist es wohl billig, dass ich den Rest des meinigen f\u00fcr Dich verwende.<br>Dies ist mein fester Vorsatz.<br>Nur um die Gnade, denselben ins Werk zu setzen, bitte ich Dich, durch die Verdienste Deines heiligen Todes.<br><br>Vater unser .. \u2013 Gegr\u00fc\u00dfet seist du&#8230; Ehre sei&#8230;<br><br>V. Mein Jesus Barmherzigkeit,<br>A. S\u00fc\u00dfes Herz Maria, sei meine Rettung.<\/p>\n\n\n\n<p><strong>13. Station.<br><br>Der Leichnam Christi wird vom Kreuze herabgenommen.<\/strong><br><br>Betrachte die Betr\u00fcbnis der Mutter Jesu, als sie den Leichnam ihres g\u00f6ttlichen Sohnes, erblasst,<br>mit Blut \u00fcberronnen und des Lebens beraubt, in ihren jungfr\u00e4ulichen Scho\u00df nahm.<br>V. Wir beten Dich an, o Jesus und preisen Dich!<br>A. Denn durch Dein heiliges Kreuz hast Du die Welt erl\u00f6st!<br><br>Gebet:<br>O heiligste Jungfrau! Erbitte mir die Gnade, dass ich Jesum durch meine S\u00fcnden nicht mehr kreuzige,<br>sondern ihn durch die \u00dcbung christlichen Tugenden in mir stets lebendig abpr\u00e4ge.<br><br>Vater unser .. \u2013 Gegr\u00fc\u00dfet seist du&#8230; Ehre sei&#8230;<br><br>V. Mein Jesus Barmherzigkeit,<br>A. S\u00fc\u00dfes Herz Maria, sei meine Rettung.<\/p>\n\n\n\n<p><strong>14. Station.<br><br>Der Leichnam Jesu wird ins Grab gelegt.<\/strong><br><br>Betrachte, wie der heiligste Leichnam Jesu in der tiefsten Ehrfurcht in das neue Grab,<br>welches f\u00fcr ihn bereitet worden war, gelegt wurde.<br><br>V. Wir beten Dich an, o Jesus und preisen Dich!<br>A. Denn durch Dein heiliges Kreuz hast Du die Welt erl\u00f6st!<br><br>Gebet:<br>O Jesu, ich danke Dir f\u00fcr alles, was Du gelitten hast, um mich zu erl\u00f6sen und bitte Dich,<br>gib, dass ich mich recht vorbereite, dass heiligste Abendmahl,<br>den Leib, den Du f\u00fcr mich hingegeben hast, w\u00fcrdig zu empfangen.<br>Schlage Deine Wohnung f\u00fcr immer in meiner Seele auf!<br><br>Vater unser .. \u2013 Gegr\u00fc\u00dfet seist du&#8230; Ehre sei&#8230;<br><br>V. Mein Jesus Barmherzigkeit,<br>A. S\u00fc\u00dfes Herz Maria, sei meine Rettung.<\/p>\n\n\n\n<p><strong>Schlu\u00df des Kreuzweges.<\/strong><br><br>Erbarme Dich unser, oh Herr erbarme Dich unser!<br>Gott, der Du die Fahne des Kreuzes durch das kostbare Blut Deines Sohnes hast heiligen wollen,<br>wir bitten Dich, verleihe, dass alle, die wir uns \u00fcber die Verherrlichung Deines Kreuzes erfreuen,<br>ebenso auch Deines Schutzes immerdar genie\u00dfen, durch unsern Herrn Jesum Christum.<br><br>Die Seelen der verstorbenen Christgl\u00e4ubigen ruhen durch die Barmherzigkeit Gottes in Frieden. Amen.<br><br>O mein gekreuzigter Jesus, mit den blutigen Fu\u00dfstapfen Deines heiligen Kreuzweges<br>vereinige ich alle Schritte und Tritte meines noch \u00fcbrigen Lebens.<br>Dir opfere ich alle meine Gedanken, Worte und Handlungen, alle Seufzer und Leiden, mein Leben und Sterben. Amen.<\/p>\n","protected":false},"excerpt":{"rendered":"<p>Alte Kreuzwegandacht wie sie auf dem Frauenberge und Kalvarienberge und auch anderw\u00e4rts in der Di\u00f6zese in frommer \u00dcbung sind\/waren. Mit kirchl. Genehmigung Vorbereitungsgebet Jesu Christe, mein g\u00f6ttlicher Heiland und Erl\u00f6ser!Ich, der Ungerechte, habe ges\u00fcndigt, und Du, der Gerechte, h\u00e4ngst blutend &hellip; <a href=\"https:\/\/ecclesiae.de\/blog\/?page_id=10469\">Weiterlesen <span class=\"meta-nav\">&rarr;<\/span><\/a><\/p>\n","protected":false},"author":3,"featured_media":0,"parent":10361,"menu_order":0,"comment_status":"closed","ping_status":"closed","template":"","meta":{"footnotes":""},"class_list":["post-10469","page","type-page","status-publish","hentry"],"_links":{"self":[{"href":"https:\/\/ecclesiae.de\/blog\/index.php?rest_route=\/wp\/v2\/pages\/10469","targetHints":{"allow":["GET"]}}],"collection":[{"href":"https:\/\/ecclesiae.de\/blog\/index.php?rest_route=\/wp\/v2\/pages"}],"about":[{"href":"https:\/\/ecclesiae.de\/blog\/index.php?rest_route=\/wp\/v2\/types\/page"}],"author":[{"embeddable":true,"href":"https:\/\/ecclesiae.de\/blog\/index.php?rest_route=\/wp\/v2\/users\/3"}],"replies":[{"embeddable":true,"href":"https:\/\/ecclesiae.de\/blog\/index.php?rest_route=%2Fwp%2Fv2%2Fcomments&post=10469"}],"version-history":[{"count":1,"href":"https:\/\/ecclesiae.de\/blog\/index.php?rest_route=\/wp\/v2\/pages\/10469\/revisions"}],"predecessor-version":[{"id":10470,"href":"https:\/\/ecclesiae.de\/blog\/index.php?rest_route=\/wp\/v2\/pages\/10469\/revisions\/10470"}],"up":[{"embeddable":true,"href":"https:\/\/ecclesiae.de\/blog\/index.php?rest_route=\/wp\/v2\/pages\/10361"}],"wp:attachment":[{"href":"https:\/\/ecclesiae.de\/blog\/index.php?rest_route=%2Fwp%2Fv2%2Fmedia&parent=10469"}],"curies":[{"name":"wp","href":"https:\/\/api.w.org\/{rel}","templated":true}]}}