{"id":10473,"date":"2022-07-21T05:54:31","date_gmt":"2022-07-21T05:54:31","guid":{"rendered":"http:\/\/ecclesiae.de\/blog\/?page_id=10473"},"modified":"2022-07-21T05:54:31","modified_gmt":"2022-07-21T05:54:31","slug":"der-kreuzweg-des-segnens","status":"publish","type":"page","link":"https:\/\/ecclesiae.de\/blog\/?page_id=10473","title":{"rendered":"Der Kreuzweg des Segnens"},"content":{"rendered":"\n<figure class=\"wp-block-table\"><table><tbody><tr><td><br>\u00a0 \u00a0 \u00a0 \u00a0 \u00a0 \u00a0 \u00a0 \u00a0 \u00a0 \u00a0 \u00a0 \u00a0 \u00a0 \u00a0 \u00a0 \u00a0 \u00a0 \u00a0 \u00a0 \u00a0 \u00a0 \u00a0 \u00a0 \u00a0 \u00a0 \u00a0 \u00a0 \u00a0 \u00a0 \u00a0 \u00a0 \u00a0 \u00a0 \u00a0 \u00a0 \u00a0 \u00a0<br>\u201eSegnet, Br\u00fcder und Schwestern, segnet viel!<br>Segnet nicht nur bei Tag, segnet auch in der Nacht!<br>Da m\u00fcsst ihr, die Gerufenen und Getreuen, noch mehr segnen.<br>Wenn die Familie (Gemeinschaft), gro\u00df genug ist, dann teilt euch die Nacht ein zum Wachen und Beten und Segnen.<br>Aus dem Dunkel springt der Feind am liebsten an. Haltet wachend und betend und segnend Meine erste \u00d6lbergstunde!<br>Sie ist die Stunde der Verlassenheit.<br>Die Qual des Bewusstseins, nun von allen verlassen zu sein, alles umsonst getan und nun nichts zu haben,<br>diese Qual m\u00fcsst ihr erleben und erleiden und aufopfern mit Meiner ersten \u00d6lbergstunde.<br>Ihr m\u00fcsst alle Verlassenen, Einsamen, Verirrten, Obdachlosen mit der ganzen Gnadenkraft aus dieser Stunde segnen<br>und d\u00fcrft nicht bitten, dass es euch leichter wird.<br>Wie eine reife Frucht aus der erlittenen \u00d6lbergstunde soll euer Segen in die trostlosen Herzen fallen und ihnen Trost und Segen bringen.\u201c<br><br>\u00a0 \u00a0 \u00a0 \u00a0 \u00a0 \u00a0 \u00a0 \u00a0 \u00a0 \u00a0 \u00a0 \u00a0 \u00a0 \u00a0 \u00a0 \u00a0 \u00a0 \u00a0 \u00a0 \u00a0 \u00a0 \u00a0 \u00a0 \u00a0 \u00a0 \u00a0 \u00a0 \u00a0 \u00a0 \u00a0 \u00a0 \u00a0 \u00a0 \u00a0 \u00a0 \u00a0 \u00a0 II.<br><br>\u201eHaltet aus und seid wachsam!<br>In dieser zweiten \u00d6lbergstunde wird der Himmlische VATER Seinem Engel befehlen, die H\u00f6lle f\u00fcr eine kurze Spanne Zeit zu \u00f6ffnen.<br>Siehe die Abgest\u00fcrzten, die das Zeichen Meiner Weihe an ihrer Stirne wie eine klaffende Brandwunde tragen! Sie sind der gr\u00f6\u00dfte Triumph der H\u00f6lle.<br>Sie sind Weckruf an euch, euch zusammenzuschlie\u00dfen und alle gef\u00e4hrdeten Priester und Gott geweihten in eure Mitte zu nehmen.<br>Um ihretwillen m\u00fcsset ihr diese Stunde auch des Anspringens der h\u00f6llischen Bedr\u00e4ngnisse erleiden.<br>Ihr m\u00fcsst segnen, segnen auch unter Qualen!<br>Ihr d\u00fcrft nicht einen Augenblick so denken wie diese Abgest\u00fcrzten dachten, doch lieber alles wegwerfen zu wollen, nur um frei zu sein.\u201c<br><br>\u00a0 \u00a0 \u00a0 \u00a0 \u00a0 \u00a0 \u00a0 \u00a0 \u00a0 \u00a0 \u00a0 \u00a0 \u00a0 \u00a0 \u00a0 \u00a0 \u00a0 \u00a0 \u00a0 \u00a0 \u00a0 \u00a0 \u00a0 \u00a0 \u00a0 \u00a0 \u00a0 \u00a0 \u00a0 \u00a0 \u00a0 \u00a0 \u00a0 \u00a0 \u00a0 \u00a0 \u00a0III.<br><br>\u201eHimmlischer \u00a0VATER, stehe ihnen bei, wie\u201a DU \u00a0MIR \u00a0beigestanden bist in der letzten \u00d6lbergstunde.<br>Sie ist die Stunde der Todesnot.<br>Ihr habt gewusst, als \u00a0ICH \u00a0euch gerufen habe, dass \u00a0ICH \u00a0euch mitnehmen will in alle S\u00fchne.<br>Darum seid ihr Meine Br\u00fcder und Schwestern geworden.<br>Die dritte \u00d6lbergstunde ist die schwerste:<br>Zur Verlassenheit und zur Bedr\u00e4ngnis m\u00fcsst ihr euch nun alle sterbenden Tods\u00fcnder auf die Schultern laden und keinen fallen lassen.<br>Ihr m\u00fcsst k\u00e4mpfen bis zum letzten und d\u00fcrft eure Hand zum Segnen gar nicht sinken lassen, damit niemand durch das Nadel\u00f6hr hindurchschl\u00fcpfen kann.\u201c<br>(Das soll hei\u00dfen, dass durch die kurze Spanne eurer M\u00fcdigkeit gerade in dieser Zeit der B\u00f6se jemand euch rauben kann und in den Abgrund rei\u00dfen.)<br>\u00a0<br>\u00a0 \u00a0 \u00a0 \u00a0 \u00a0 \u00a0 \u00a0 \u00a0 \u00a0 \u00a0 \u00a0 \u00a0 \u00a0 \u00a0 \u00a0 \u00a0 \u00a0 \u00a0 \u00a0 \u00a0 \u00a0 \u00a0 \u00a0 \u00a0 \u00a0 \u00a0 \u00a0 \u00a0 \u00a0 \u00a0 \u00a0 \u00a0Zwischensatz:<br>\u201eUnd nun ruhet! Die Stunde der Mitternacht ist gekommen.<br>Meine Engel werden bis zur dritten Nachtwache f\u00fcr euch wachen und beten.\u201c<br><br>\u00a0 \u00a0 \u00a0 \u00a0 \u00a0 \u00a0 \u00a0 \u00a0 \u00a0 \u00a0 \u00a0 \u00a0 \u00a0 \u00a0 \u00a0 \u00a0 \u00a0 \u00a0 \u00a0 \u00a0 \u00a0 \u00a0 \u00a0 \u00a0 \u00a0 \u00a0 \u00a0 \u00a0 \u00a0 \u00a0 \u00a0 \u00a0 \u00a0 \u00a0 \u00a0 \u00a0 \u00a0IV.<br>\u201eKommet! Betet, segnet, erleidet die K\u00e4lte des Freitagmorgens.<br>Segnet den Tag, selbst wenn er euch nur Kreuz und Tod bringt.<br>Segnet, damit die Kranken zum neuen Leben erwachen!<br>Segnet, damit die Geb\u00e4renden nicht von ihrem neugeborenen Kindlein gerissen werden!<br>Segnet die H\u00e4user, in denen das Leben bald erwachen wird! Segnet das \u00a0Vieh in den St\u00e4llen!<br>Segnet den Boden und die Felder und \u00c4cker, dass sie Frucht bringen! Segnet das klare Wasser, dass es n\u00e4hre und reinige und st\u00e4rke!<br>Der Erstlingssegen hat vielfache Kraft.<br>Ihr aber seid durch \u00a0MICH \u00a0an den Verrat gebunden, an die Auslieferung an die Welt.<br>Wie auf verlorenen Boden m\u00fcsst ihr stehen bleiben, wie Br\u00fcckenpfeiler bei Hochwasser m\u00fcsst ihr sein.<br>Euer Segen muss aus tapferen Herzen kommen, das nichts mehr will als Meinen Willen erf\u00fcllen, Meinen Fu\u00dfstapfen nachgehen, retten und segnen!\u201c<br>\u00a0 \u00a0 \u00a0 \u00a0 \u00a0 \u00a0 \u00a0 \u00a0 \u00a0 \u00a0 \u00a0 \u00a0 \u00a0 \u00a0 \u00a0 \u00a0 \u00a0 \u00a0 \u00a0 \u00a0 \u00a0 \u00a0 \u00a0 \u00a0 \u00a0 \u00a0 \u00a0 \u00a0 \u00a0 \u00a0 \u00a0 \u00a0 \u00a0 \u00a0<br>\u00a0 \u00a0 \u00a0 \u00a0 \u00a0 \u00a0 \u00a0 \u00a0 \u00a0 \u00a0 \u00a0 \u00a0 \u00a0 \u00a0 \u00a0 \u00a0 \u00a0 \u00a0 \u00a0 \u00a0 \u00a0 \u00a0 \u00a0 \u00a0 \u00a0 \u00a0 \u00a0 \u00a0 \u00a0 \u00a0 \u00a0 \u00a0 \u00a0 \u00a0 \u00a0 \u00a0 \u00a0V.<br><br>\u201eICH segne auch euch, Knechte auf Zeit, die ihr euch aus Meinem Dienst dort freigemacht habt, um hier in Meinen heiligen dienst zu treten.<br>Der Boden, worauf ihr steht, ist von Meinem Blut ber\u00fchrt:<br>Es ist die Verpflichtung, darauf heilig zu werden. So segne \u00a0ICH \u00a0euch mit Taganbruch, gefesselt wie ihr.<br>Segnet mit euren (durch die euch von \u00a0MIR \u00a0auferlegte Pflicht) \u00a0gefesselten H\u00e4nden eure Br\u00fcder und Schwestern,<br>dass immer einer daraus nachkommt und die Kette nicht abrei\u00dft!<br>Segnet die Lehrer und alle Lehrenden, die das Wissen um \u00a0MICH \u00a0und Meine Liebe weiter tragen sollen!<br>Segnet die Kinder und alle Lernenden, dass sie immer ein offenes Herz f\u00fcr den Kreuzweg ihres Erl\u00f6sers bewahren!<br>Segne du mit vollen H\u00e4nden der Kraft den Kreuzweg und die Liebe zum Kreuz in die Herzen hinein!<br>Es wird dir die Kraft dazu nicht ausgehen.\u201c<br><br>\u00a0 \u00a0 \u00a0 \u00a0 \u00a0 \u00a0 \u00a0 \u00a0 \u00a0 \u00a0 \u00a0 \u00a0 \u00a0 \u00a0 \u00a0 \u00a0 \u00a0 \u00a0 \u00a0 \u00a0 \u00a0 \u00a0 \u00a0 \u00a0 \u00a0 \u00a0 \u00a0 \u00a0 \u00a0 \u00a0 \u00a0 \u00a0 \u00a0 \u00a0 \u00a0 \u00a0 \u00a0VI.<br>\u201eMerke dir am Morgen die Stunde von acht bis neun und denke in dieser Zeit an die grausame Gei\u00dfelung und Dornenkr\u00f6nung und alle Schmach,<br>die MIR angetan wurde.<br>Sei, wenn es geht, vor dem Tabernakel oder vor einem Kreuz und bete f\u00fcr die verfolgten Christen auf der Welt.<br>Opfere f\u00fcr sie die Gei\u00dfeln auf!<br>Opfere f\u00fcr sie die Dornenkrone auf!<br>Opfere f\u00fcr sie den Spottmantel auf!<br>Opfere Mein herausgegei\u00dfeltes Blut Meinem \u00a0VATER im Himmel auf, dass die Zeit der Pr\u00fcfung und Leiden abgek\u00fcrzt werde!<br>Und segne sie, umarme sie im Geist, und sage ihnen:<br>\u201eCHRISTUS liebt euch! CHRISTUS hat euch nie vergessen!<br>Ihr seid Seine Glorienkrone im Himmel. Harret aus! In der Kraft des ohnm\u00e4chtigen BROTES \u00a0segne ich euch!<br>Ihr seid Brot wie der \u00a0HERR, ihr opfert euren Kindern ein gl\u00e4ubiges Land.<br>Segnet auch ihr, ihr Femen, Gepeinigten, segnet ganz still eure Feinde, euer Land, eure Kinder!<br>Die Kraft des Kreuzzeichens l\u00e4sst sich nirgends brechen. Je gr\u00f6\u00dfer das Opfer, desto gr\u00f6\u00dfer auch die Segenskraft des Kreuzes.\u201c<br><br>\u00a0 \u00a0 \u00a0 \u00a0 \u00a0 \u00a0 \u00a0 \u00a0 \u00a0 \u00a0 \u00a0 \u00a0 \u00a0 \u00a0 \u00a0 \u00a0 \u00a0 \u00a0 \u00a0 \u00a0 \u00a0 \u00a0 \u00a0 \u00a0 \u00a0 \u00a0 \u00a0 \u00a0 \u00a0 \u00a0 \u00a0 \u00a0 \u00a0 \u00a0 \u00a0 \u00a0 \u00a0VII.<br>\u201eH\u00f6ret die Kreuz- und Querfragen der F\u00fchrer (von Volk und Staat), wie sie nur ein Wort suchen, um verdammen zu k\u00f6nnen!<br>Es wird den Meinen, zu allen Zeiten und an allen Orten nicht besser gehen.<br>Segne darum alle \u00c4ngstlichen und Feigen! Segne ihnen alle Menschenfurcht aus dem Leibe!<br>Wer \u00a0MICH \u00a0vor den Menschen bekennt, auch wer f\u00fcr einen Bedr\u00e4ngten, einsteht, dass er nicht umf\u00e4llt,<br>wer in dem\u00fctiger Tapferkeit f\u00fcr das Erkannte einsteht, den werde auch \u00a0ICH \u00a0vor Meinem VATER bekennen!<br>Segne sie alle mit Meiner Kraft, segne sie zur Treue!<br>Reiche ihnen durch deinen Segen, die Klarsicht auf \u00a0MICH, so zu tun wie \u00a0ICH getan habe: Bekannt und geschwiegen.\u201c<br><br>\u00a0 \u00a0 \u00a0 \u00a0 \u00a0 \u00a0 \u00a0 \u00a0 \u00a0 \u00a0 \u00a0 \u00a0 \u00a0 \u00a0 \u00a0 \u00a0 \u00a0 \u00a0 \u00a0 \u00a0 \u00a0 \u00a0 \u00a0 \u00a0 \u00a0 \u00a0 \u00a0 \u00a0 \u00a0 \u00a0 \u00a0 \u00a0 \u00a0 \u00a0 \u00a0 \u00a0 \u00a0VIII.<br>\u201eSo wie \u00a0 ICH \u00a0verurteilt wurde, werden zu allen Zeiten Unschuldige verurteilt werden.<br>Nicht nur um der Treue zur Kirche willen, auch um ihrer Gesinnung, ihres tapferen Herzens willen werden sie dem Scheinurteil ausgeliefert werden.<br>Segne sie mit der Verhei\u00dfung: \u201eWas immer ihr Gutes getan habt um Meinetwillen, es wird euch entgegenkommen als Himmelslohn.\u201c<br>Segne sie zur Kraft und Zuversicht, dass ein GOTTESlob, eine Sch\u00e4cherbitte ihr letzter Gedanke sei und ihr Himmelschl\u00fcssel!<br>Segne alle Gefangenen, Gehetzten, Verachteten, Verkannten, von ihrer Umgebung Verurteilten! Segne und nimm Meine ganze Liebe in deinen Segen mit!\u201c<br><br>\u00a0<\/td><\/tr><tr><td><\/td><\/tr><tr><td><strong>Kreuzweg des Segnens<\/strong> Fortsetzung &nbsp;<br>&nbsp; &nbsp; &nbsp; &nbsp; &nbsp; &nbsp; &nbsp; &nbsp; &nbsp; &nbsp; &nbsp; &nbsp; &nbsp; &nbsp; &nbsp; &nbsp; &nbsp; &nbsp; &nbsp; &nbsp; &nbsp; &nbsp; &nbsp; &nbsp; &nbsp; &nbsp; &nbsp; &nbsp; &nbsp; &nbsp; &nbsp; &nbsp; &nbsp; &nbsp; &nbsp;IX.<br>\u201eNun steht das Kreuz vor dir. Du knie vor dem Kreuz! Segne es! Segne jedes Kreuz, das dir naht!<br>Lasset in jeder Zelle ein h\u00f6lzernes gro\u00dfes Kreuz sein, das in S\u00fchnn\u00e4chten eure Ruhstatt ist. Und liebet dieses Kreuz!<br>Es deckt alle eure S\u00fcnden zu.<br>Segnet alle, die vor einem Kreuz stehen, das auf sie zugekommen ist, der Krankheit, des Abschiedes, der neuen Last!<br>Segne sie alle zum Ja &#8211; Sagen! Lege ihnen durch deinen Segen dieses \u201eJa VATER\u201c in den Mund.<br>Segne sie als Ihr Bruder und bitte den VATER um Meiner Verurteilung und Meines Kreuzes willen f\u00fcr sie!\u201c &nbsp;<br><br>&nbsp; &nbsp; &nbsp; &nbsp; &nbsp; &nbsp; &nbsp; &nbsp; &nbsp; &nbsp; &nbsp; &nbsp; &nbsp; &nbsp; &nbsp; &nbsp; &nbsp; &nbsp; &nbsp; &nbsp; &nbsp; &nbsp; &nbsp; &nbsp; &nbsp; &nbsp; &nbsp; &nbsp; &nbsp; &nbsp; &nbsp; &nbsp; &nbsp; &nbsp; &nbsp; &nbsp;X.<br><br>\u201eICH &nbsp;habe den Kreuzweg f\u00fcr &nbsp;euch erlitten mit zerissenen F\u00fc\u00dfen,<br>mit dem schweren Kreuz eurer S\u00fcndenlast und den vor Schmach zerst\u00f6rten Herzen durch Mein Volk, das ICH retten wollte,<br>Geht jeden Freitag den Kreuzweg mit MIR!<br>Immer soll es euch frei sein, ob ihr den Kreuzweg allein, in der Zelle oder mit den euren gehen wollt.<br>Aber immer sollt ihr segnen:<br><br>In der ersten Station \u2013 die Verurteilten, &nbsp;<br>in der zweiten Station &#8211; die Kreuztr\u00e4ger,<br>in der dritten Station \u2013 die Jugend,<br>in der vierten Station \u2013 die M\u00fctter,<br>in der f\u00fcnften Station \u2013 alle eure Helfer,<br>in der sechsten Station \u2013 alle eure Wohlt\u00e4ter,<br>in der siebten Station \u2013 alle Gesch\u00e4ftsleute, die mit Geld arbeiten,<br>in der achten Station \u2013 alle Familien,<br>in der neunten Station \u2013 alle Obrigkeiten,<br>in der zehnten Station \u2013 alle durch verbogene Liebe Verungl\u00fcckten,<br>in der elften Station \u2013 alle Leidenden und Sterbenden,<br>in der zw\u00f6lften Station \u2013 die heilige Kirche.\u201c<br><br>&nbsp; &nbsp; &nbsp; &nbsp; &nbsp; &nbsp; &nbsp; &nbsp; &nbsp; &nbsp; &nbsp; &nbsp; &nbsp; &nbsp; &nbsp; &nbsp; &nbsp; &nbsp; &nbsp; &nbsp; &nbsp; &nbsp; &nbsp; &nbsp; &nbsp; &nbsp; &nbsp; &nbsp; &nbsp; &nbsp; &nbsp; &nbsp; &nbsp; &nbsp; &nbsp; XI.<br>\u201eH\u00f6ret doch, wie ICH euch rufe!<br>Stehet am Freitagmittag immer auf, wo ihr auch seid, und gedenket Meines Rufens!<br>Es muss euch in den Ohren haften bleiben.<br>Rufet auch ihr weiter! Rufet zum VATER: \u201eVATER, hier sind wir, die Knechte Deines SOHNES!<br>Wir stehen um Sein Kreuz! Erbarme DICH unser!\u201c &nbsp;<br>Und segnet mit der Kraft des VATERS tief hinein in den Boden, dass er allezeit Eigentum GOTTES bleibe!<br>Segnet mit der Kraft des VATERS alle noch zu Rettenden, denen Mein Ruf gilt in der Mission drau\u00dfen wie in den Missionsgebieten um euch!<br>Segnet mit der Glut der Sendung durch Mein Wort und Meine Liebe!<br>Segnet in der Kraft des Verzichtes, der euch um Meinetwillen trifft! Segnet in der Treue alle zur Treue um das Kreuz!\u201c<br><br>&nbsp; &nbsp; &nbsp; &nbsp; &nbsp; &nbsp; &nbsp; &nbsp; &nbsp; &nbsp; &nbsp; &nbsp; &nbsp; &nbsp; &nbsp; &nbsp; &nbsp; &nbsp; &nbsp; &nbsp; &nbsp; &nbsp; &nbsp; &nbsp; &nbsp; &nbsp; &nbsp; &nbsp; &nbsp; &nbsp; &nbsp; &nbsp; &nbsp; &nbsp; &nbsp; XII.<br>\u201eSegne! Segne! Segne die Letzten, die \u00c4u\u00dfersten!<br>Wehre segnend dem Br\u00fcckengel\u00e4nder, dass es den festh\u00e4lt, der seine Seele MIR entziehen will!<br>Wehre segnend jedem Todesmittel, dass es unwirksam werde!<br>Segne aus der Todesstunde deines HERRN alle gewollten Todesstunden und verhindere sie durch die Kraft Meines Herzens!<br>Segne alle Todesstunden der Welt, dass sie keine s\u00fcndige Seele entlassen, bevor sie heimgefunden hat in die Gnade.<br>Segne zuletzt dich selbst und \u00fcbergib deine eigene Todesstunde wie der letzte unw\u00fcrdige Knecht deinem HERRN und GOTT.<br>Und ICH Selbst will mit dir das `Consummatum est` (Es ist vollbracht) sprechen und dich heimbringen. Amen.\u201c<br><br>O blicke mild hernieder, Dich gr\u00fc\u00dfen unsere Lieder Maria K\u00f6nigin!<br>Du Tr\u00f6sterin der Schmerzen, erf\u00fclle unsere Herzen mit wahren Christensinn<br><br>Ref: Maria, o Maria, besch\u00fctze und bewahre mit treuer Mutterhand, &nbsp;<br>Patronin wunderbare, das teure Vaterland, das teure Vaterland!<br><br>Wir bitten voll Vertrauen, o segne unsere Auen, o segne unser Tun, &nbsp;<br>die Garben die dort reifen, die Herden, die dort schweifen, die Toten, die dort ruhn!<br><br>Ref:<br><br>La\u00df uns vom Feind nicht rauben den alten heilgen Glauben, vertilge Neid und Streit!<br>Vereine was geschieden, hilf uns zum rechten Frieden, hilf uns zur Seligkeit!<br><br>Ref:<br><br>Quelle unbekannt<\/td><\/tr><\/tbody><\/table><\/figure>\n","protected":false},"excerpt":{"rendered":"<p>\u00a0 \u00a0 \u00a0 \u00a0 \u00a0 \u00a0 \u00a0 \u00a0 \u00a0 \u00a0 \u00a0 \u00a0 \u00a0 \u00a0 \u00a0 \u00a0 \u00a0 \u00a0 \u00a0 \u00a0 \u00a0 \u00a0 \u00a0 \u00a0 \u00a0 \u00a0 \u00a0 \u00a0 \u00a0 \u00a0 \u00a0 \u00a0 \u00a0 \u00a0 \u00a0 \u00a0 \u00a0\u201eSegnet, Br\u00fcder und Schwestern, &hellip; <a href=\"https:\/\/ecclesiae.de\/blog\/?page_id=10473\">Weiterlesen <span class=\"meta-nav\">&rarr;<\/span><\/a><\/p>\n","protected":false},"author":3,"featured_media":0,"parent":10361,"menu_order":0,"comment_status":"closed","ping_status":"closed","template":"","meta":{"footnotes":""},"class_list":["post-10473","page","type-page","status-publish","hentry"],"_links":{"self":[{"href":"https:\/\/ecclesiae.de\/blog\/index.php?rest_route=\/wp\/v2\/pages\/10473","targetHints":{"allow":["GET"]}}],"collection":[{"href":"https:\/\/ecclesiae.de\/blog\/index.php?rest_route=\/wp\/v2\/pages"}],"about":[{"href":"https:\/\/ecclesiae.de\/blog\/index.php?rest_route=\/wp\/v2\/types\/page"}],"author":[{"embeddable":true,"href":"https:\/\/ecclesiae.de\/blog\/index.php?rest_route=\/wp\/v2\/users\/3"}],"replies":[{"embeddable":true,"href":"https:\/\/ecclesiae.de\/blog\/index.php?rest_route=%2Fwp%2Fv2%2Fcomments&post=10473"}],"version-history":[{"count":1,"href":"https:\/\/ecclesiae.de\/blog\/index.php?rest_route=\/wp\/v2\/pages\/10473\/revisions"}],"predecessor-version":[{"id":10474,"href":"https:\/\/ecclesiae.de\/blog\/index.php?rest_route=\/wp\/v2\/pages\/10473\/revisions\/10474"}],"up":[{"embeddable":true,"href":"https:\/\/ecclesiae.de\/blog\/index.php?rest_route=\/wp\/v2\/pages\/10361"}],"wp:attachment":[{"href":"https:\/\/ecclesiae.de\/blog\/index.php?rest_route=%2Fwp%2Fv2%2Fmedia&parent=10473"}],"curies":[{"name":"wp","href":"https:\/\/api.w.org\/{rel}","templated":true}]}}