{"id":10475,"date":"2022-07-21T05:56:50","date_gmt":"2022-07-21T05:56:50","guid":{"rendered":"http:\/\/ecclesiae.de\/blog\/?page_id=10475"},"modified":"2022-07-22T12:27:58","modified_gmt":"2022-07-22T12:27:58","slug":"das-gebet-der-hingabe-charles-de-foucauld","status":"publish","type":"page","link":"https:\/\/ecclesiae.de\/blog\/?page_id=10475","title":{"rendered":"Das Gebet der Hingabe &#8211; Charles de Foucauld"},"content":{"rendered":"\n<p><br><br>Mein VATER, ich \u00fcberlasse mich Dir,<br>mach mit mir, was Dir gef\u00e4llt.<br>Was du auch mit mir tun magst, ich danke Dir.<br>Zu allem bin ich bereit, alles nehme ich an.<br>Wenn nur Dein Wille sich an mir erf\u00fcllt<br>und an allen Deinen Gesch\u00f6pfen,<br>so ersehne ich weiter nichts, mein Gott.<br><br>In Deine H\u00e4nde lege ich meine Seele;<br>Ich gebe sie Dir, mein Gott,<br>mit der ganzen Liebe meines Herzens,<br>weil ich Dich liebe,<br>und weil diese Liebe mich treibt,<br>mich Dir hinzugeben,<br>mich in Deine H\u00e4nde zu legen, ohne Ma\u00df,<br>mit einem grenzenlosen Vertrauen;<br>denn Du bist mein VATER.<br>Charles de Foucauld<\/p>\n","protected":false},"excerpt":{"rendered":"<p>Mein VATER, ich \u00fcberlasse mich Dir,mach mit mir, was Dir gef\u00e4llt.Was du auch mit mir tun magst, ich danke Dir.Zu allem bin ich bereit, alles nehme ich an.Wenn nur Dein Wille sich an mir erf\u00fclltund an allen Deinen Gesch\u00f6pfen,so ersehne &hellip; <a href=\"https:\/\/ecclesiae.de\/blog\/?page_id=10475\">Weiterlesen <span class=\"meta-nav\">&rarr;<\/span><\/a><\/p>\n","protected":false},"author":3,"featured_media":0,"parent":10545,"menu_order":0,"comment_status":"closed","ping_status":"closed","template":"","meta":{"footnotes":""},"class_list":["post-10475","page","type-page","status-publish","hentry"],"_links":{"self":[{"href":"https:\/\/ecclesiae.de\/blog\/index.php?rest_route=\/wp\/v2\/pages\/10475","targetHints":{"allow":["GET"]}}],"collection":[{"href":"https:\/\/ecclesiae.de\/blog\/index.php?rest_route=\/wp\/v2\/pages"}],"about":[{"href":"https:\/\/ecclesiae.de\/blog\/index.php?rest_route=\/wp\/v2\/types\/page"}],"author":[{"embeddable":true,"href":"https:\/\/ecclesiae.de\/blog\/index.php?rest_route=\/wp\/v2\/users\/3"}],"replies":[{"embeddable":true,"href":"https:\/\/ecclesiae.de\/blog\/index.php?rest_route=%2Fwp%2Fv2%2Fcomments&post=10475"}],"version-history":[{"count":1,"href":"https:\/\/ecclesiae.de\/blog\/index.php?rest_route=\/wp\/v2\/pages\/10475\/revisions"}],"predecessor-version":[{"id":10476,"href":"https:\/\/ecclesiae.de\/blog\/index.php?rest_route=\/wp\/v2\/pages\/10475\/revisions\/10476"}],"up":[{"embeddable":true,"href":"https:\/\/ecclesiae.de\/blog\/index.php?rest_route=\/wp\/v2\/pages\/10545"}],"wp:attachment":[{"href":"https:\/\/ecclesiae.de\/blog\/index.php?rest_route=%2Fwp%2Fv2%2Fmedia&parent=10475"}],"curies":[{"name":"wp","href":"https:\/\/api.w.org\/{rel}","templated":true}]}}