{"id":10479,"date":"2022-07-21T06:00:42","date_gmt":"2022-07-21T06:00:42","guid":{"rendered":"http:\/\/ecclesiae.de\/blog\/?page_id=10479"},"modified":"2022-07-21T06:04:03","modified_gmt":"2022-07-21T06:04:03","slug":"koenig-aller-nationen-novene","status":"publish","type":"page","link":"https:\/\/ecclesiae.de\/blog\/?page_id=10479","title":{"rendered":"K\u00f6nig aller Nationen Novene"},"content":{"rendered":"\n<p><strong>Beginn der Novene zu Christus, dem &#8222;K\u00f6nig aller Nationen.&#8220;<\/strong><br><br>Diese einfache Novene ist ein besonders gro\u00dfz\u00fcgiges Geschenk unseres Herrn. Diesbez\u00fcglich gab Jesus au\u00dfergew\u00f6hnlichen Verheissungen:<br><br>&#8222;Ich verspreche euch jedes Mal, wenn ihr diese Novenengebete verrichtet, dass ich zehn S\u00fcnder bekehren, zehn Seelen zum alleinig wahren Glauben bringen, zehn Seelen aus dem Fegefeuer erl\u00f6sen &#8211; von denen viele Priesterseelen sind &#8211; und mein Strafgericht f\u00fcr jede eurer Nation weniger schwer ausfallen lassen werde!&#8220;<br><br>W\u00e4hrend dieser Novene betet man t\u00e4glich an neun aufeinander folgenden Tagen:<br><br>\u00d8 ein Vater unser,<br>\u00d8 ein Ave Maria,<br>\u00d8 ein Ehre sei dem Vater und daran anschlie\u00dfend folgendes Gebet:<br><br>Oh Herr, unser Gott, du allein bist der allerheiligste K\u00f6nig und Herrscher aller Nationen.<br><br>Voller Vertrauen darauf, dass unser Gebet Erh\u00f6rung findet, bitten wir dich, oh Herr, unseren himmlischen K\u00f6nig, um Barmherzigkeit, Frieden, Gerechtigkeit und um alle guten Dinge.<br><br>Besch\u00fctze, oh Herr, unser K\u00f6nig, unsere Familien und unser Vaterland. Wir bitten dich, beh\u00fcte uns, du Treuester! Besch\u00fctze uns vor unseren Feinden und vor deiner gerechten Strafe.<br><br>Vergib uns, oh h\u00f6chster K\u00f6nig, unsere S\u00fcnden wider Dich. Jesus, du bist ein K\u00f6nig der Barmherzigkeit. Wir haben deine gerechte Strafe verdient. Hab Erbarmen mit uns, Herr, und verzeih uns unsere Schuld. Wir vertrauen auf deine gro\u00dfe Barmherzigkeit.<br><br>Oh zutiefst ehrfurchtgebietender K\u00f6nig, wir verneigen uns vor dir und bitten: M\u00f6ge deine K\u00f6nigsherrschaft, dein K\u00f6nigreich, auf dem Erdkreis anerkannt werden! Amen.<br><br>Jesus sagte: &#8222;Ich w\u00fcnsche, dass diese Novene an den neun Tagen vor dem festlichen Christk\u00f6nigssonntag gehalten wird; aber ich m\u00f6chte Seelen dazu anspornen, diese Novene auch zu anderen Zeiten des Jahreskreises zu beten. Meine Verhei\u00dfungen gelten auch dann!<\/p>\n","protected":false},"excerpt":{"rendered":"<p>Beginn der Novene zu Christus, dem &#8222;K\u00f6nig aller Nationen.&#8220; Diese einfache Novene ist ein besonders gro\u00dfz\u00fcgiges Geschenk unseres Herrn. Diesbez\u00fcglich gab Jesus au\u00dfergew\u00f6hnlichen Verheissungen: &#8222;Ich verspreche euch jedes Mal, wenn ihr diese Novenengebete verrichtet, dass ich zehn S\u00fcnder bekehren, zehn &hellip; <a href=\"https:\/\/ecclesiae.de\/blog\/?page_id=10479\">Weiterlesen <span class=\"meta-nav\">&rarr;<\/span><\/a><\/p>\n","protected":false},"author":3,"featured_media":0,"parent":10370,"menu_order":0,"comment_status":"closed","ping_status":"closed","template":"","meta":{"footnotes":""},"class_list":["post-10479","page","type-page","status-publish","hentry"],"_links":{"self":[{"href":"https:\/\/ecclesiae.de\/blog\/index.php?rest_route=\/wp\/v2\/pages\/10479","targetHints":{"allow":["GET"]}}],"collection":[{"href":"https:\/\/ecclesiae.de\/blog\/index.php?rest_route=\/wp\/v2\/pages"}],"about":[{"href":"https:\/\/ecclesiae.de\/blog\/index.php?rest_route=\/wp\/v2\/types\/page"}],"author":[{"embeddable":true,"href":"https:\/\/ecclesiae.de\/blog\/index.php?rest_route=\/wp\/v2\/users\/3"}],"replies":[{"embeddable":true,"href":"https:\/\/ecclesiae.de\/blog\/index.php?rest_route=%2Fwp%2Fv2%2Fcomments&post=10479"}],"version-history":[{"count":3,"href":"https:\/\/ecclesiae.de\/blog\/index.php?rest_route=\/wp\/v2\/pages\/10479\/revisions"}],"predecessor-version":[{"id":10482,"href":"https:\/\/ecclesiae.de\/blog\/index.php?rest_route=\/wp\/v2\/pages\/10479\/revisions\/10482"}],"up":[{"embeddable":true,"href":"https:\/\/ecclesiae.de\/blog\/index.php?rest_route=\/wp\/v2\/pages\/10370"}],"wp:attachment":[{"href":"https:\/\/ecclesiae.de\/blog\/index.php?rest_route=%2Fwp%2Fv2%2Fmedia&parent=10479"}],"curies":[{"name":"wp","href":"https:\/\/api.w.org\/{rel}","templated":true}]}}