{"id":10485,"date":"2022-07-21T06:06:24","date_gmt":"2022-07-21T06:06:24","guid":{"rendered":"http:\/\/ecclesiae.de\/blog\/?page_id=10485"},"modified":"2022-07-21T06:06:24","modified_gmt":"2022-07-21T06:06:24","slug":"mutter-anna-novene","status":"publish","type":"page","link":"https:\/\/ecclesiae.de\/blog\/?page_id=10485","title":{"rendered":"Mutter Anna Novene"},"content":{"rendered":"\n<p>Begr\u00fc\u00dfung der hl. Mutter Anna:<br><br>O hl. Mutter Anna, mit deiner liebsten Tochter Maria und ihrem g\u00f6ttlichen Sohne Jesus Christus gr\u00fc\u00dfe ich dich.<br>Ich bewundere die Gr\u00f6\u00dfe, zu der dich Gott erhoben hat.<br>Durch Maria danke ich dem Allerh\u00f6chsten f\u00fcr all die Gnaden, die er dir erwiesen hat.<br>Dir empfehle ich mich sowie die M\u00fctter und die Jugend heute und alle Tage des Lebens.<br>Steh mir bei in allen Versuchungen und Gefahren, besonders aber in der Stunde meines Todes. Amen.<br><br>Freu dich, o gl\u00fcckselige Mutter Anna, da du eine Tochter empfangen hast, welche die Mutter des Welterl\u00f6sers wurde.<br>Ehre sei dem Vater \u2026..<br>Freu dich, o gl\u00fcckselige Mutter Anna, Mutter der Himmelsk\u00f6nigin, denn aus dir ging hervor der hellgl\u00e4nzende Meeresstern.<br>Ehre sei dem Vater \u2026<br>Freu dich, o gl\u00fcckselige Mutter Anna, Mutter der allerseligsten Jungfrau Maria, die als immerw\u00e4hrende Jungfrau zugleich Mutter unseres Erl\u00f6sers ist.<br>Ehre sei dem Vater \u2026<br>Freu dich, o gl\u00fcckselige Mutter Anna, die du allein von Gott die Gnade empfangen hast, Mutter Mariens und Gro\u00dfmutter Jesu Christi zu sein.<br>Ehre sei dem Vater \u2026<br>Freu dich, o gl\u00fcckselige Mutter Anna, frohlocke und freue dich ohne Ende, dass du von Gott so bevorzugt wurdest.<br>Bitte flehe f\u00fcr mich bei Maria, deiner reinsten Tochter, der hehren Himmelsk\u00f6nigin.<br>Ehre sei dem Vater \u2026<br>O Gott, der du gewollt hast, dass die hl. Anna durch die Mutterschaft Mariens, der seligsten Jungfrau,<br>Mitarbeiterin am Erl\u00f6sungswerk deines eingeborenen Sohnes wurde,<br>verleihe uns, wir bitten dich, dass wir die Mutter deines Sohnes und deren Mutter, die heilige Anna, auf Erden so verehren,<br>dass wir uns in der Todesstunde ihrer Hilfe und ihres Beistandes erfreuen und dich im Himmel ewig loben und preisen k\u00f6nnen,<br>durch Christus, unseren Herrn. Amen.<br><br><strong>Bittgebet<br><\/strong>Gedenke, o hl. Mutter Anna, dass noch nie geh\u00f6rt wurde, dass jemand, der unter deinen Schutz floh,<br>dich um deinen Beistand anrief und dich um deine F\u00fcrbitte anflehte, verlassen wurde;<br>denn du bist eine \u00fcberaus barmherzige Mutter und hilfst allen Notleidenden.<br>Von diesem Vertrauen beseelt, nehme ich meine Zuflucht zu dir und bitte dich:<br>O Mutter der Himmelsk\u00f6nigin und Gro\u00dfmutter Jesu Christi, des Welterl\u00f6sers, komm mir mit deiner m\u00e4chtigen F\u00fcrbitte zu Hilfe.<br>Erflehe mir mit deiner glorreichen Tochter Maria von Gott die Gnade \u2026..<br>Zu Ehren der 9 Monate, in denen du die allerseligste Jungfrau in deinem Scho\u00dfe getragen<br>und sie ohne Makel der Erbs\u00fcnde geboren hast, will ich nun 9 Ave Maria beten.<br>9X mit folgender Einf\u00fcgung:<br>Gegr\u00fc\u00dfet seist du Maria, voll der Gnade, der Herr ist mit dir, du bist gebenedeit unter den Frauen,<br>und gebenedeit ist die Frucht deines Leibes Jesu. Hochgepriesene hl. Mutter Anna, durch Maria sei Gott ewig Lob und Dank dargebracht f\u00fcr all deine Gnaden.<br>Heilige Maria, Mutter Gottes, bitte f\u00fcr uns S\u00fcnder, jetzt und in der Stunde unseres Todes. Amen.<\/p>\n","protected":false},"excerpt":{"rendered":"<p>Begr\u00fc\u00dfung der hl. Mutter Anna: O hl. Mutter Anna, mit deiner liebsten Tochter Maria und ihrem g\u00f6ttlichen Sohne Jesus Christus gr\u00fc\u00dfe ich dich.Ich bewundere die Gr\u00f6\u00dfe, zu der dich Gott erhoben hat.Durch Maria danke ich dem Allerh\u00f6chsten f\u00fcr all die &hellip; <a href=\"https:\/\/ecclesiae.de\/blog\/?page_id=10485\">Weiterlesen <span class=\"meta-nav\">&rarr;<\/span><\/a><\/p>\n","protected":false},"author":3,"featured_media":0,"parent":10370,"menu_order":0,"comment_status":"closed","ping_status":"closed","template":"","meta":{"footnotes":""},"class_list":["post-10485","page","type-page","status-publish","hentry"],"_links":{"self":[{"href":"https:\/\/ecclesiae.de\/blog\/index.php?rest_route=\/wp\/v2\/pages\/10485","targetHints":{"allow":["GET"]}}],"collection":[{"href":"https:\/\/ecclesiae.de\/blog\/index.php?rest_route=\/wp\/v2\/pages"}],"about":[{"href":"https:\/\/ecclesiae.de\/blog\/index.php?rest_route=\/wp\/v2\/types\/page"}],"author":[{"embeddable":true,"href":"https:\/\/ecclesiae.de\/blog\/index.php?rest_route=\/wp\/v2\/users\/3"}],"replies":[{"embeddable":true,"href":"https:\/\/ecclesiae.de\/blog\/index.php?rest_route=%2Fwp%2Fv2%2Fcomments&post=10485"}],"version-history":[{"count":1,"href":"https:\/\/ecclesiae.de\/blog\/index.php?rest_route=\/wp\/v2\/pages\/10485\/revisions"}],"predecessor-version":[{"id":10486,"href":"https:\/\/ecclesiae.de\/blog\/index.php?rest_route=\/wp\/v2\/pages\/10485\/revisions\/10486"}],"up":[{"embeddable":true,"href":"https:\/\/ecclesiae.de\/blog\/index.php?rest_route=\/wp\/v2\/pages\/10370"}],"wp:attachment":[{"href":"https:\/\/ecclesiae.de\/blog\/index.php?rest_route=%2Fwp%2Fv2%2Fmedia&parent=10485"}],"curies":[{"name":"wp","href":"https:\/\/api.w.org\/{rel}","templated":true}]}}