{"id":10487,"date":"2022-07-21T06:08:22","date_gmt":"2022-07-21T06:08:22","guid":{"rendered":"http:\/\/ecclesiae.de\/blog\/?page_id=10487"},"modified":"2022-07-21T06:08:22","modified_gmt":"2022-07-21T06:08:22","slug":"novene-zur-mutter-der-immerwaehrenden-hilfe","status":"publish","type":"page","link":"https:\/\/ecclesiae.de\/blog\/?page_id=10487","title":{"rendered":"Novene zur Mutter der immerw\u00e4hrenden Hilfe"},"content":{"rendered":"\n<figure class=\"wp-block-table\"><table><tbody><tr><td><\/td><td> \u00a0<\/td><\/tr><tr><td>Mutter von der immerw\u00e4hrenden Hilfe, ich liebe es, zu F\u00fc\u00dfen deines Gnadenbildes mich zum Gebet einzufinden. Immer weckt sein Anblick in meiner Seele das innigste und kindlichste Vertrauen. In deinen Armen ruht als Kind Jesus, mein Erl\u00f6ser und mein Gott, der Allm\u00e4chtige, der h\u00f6chste Herr \u00fcber Leben und Tod, der alleinige Ausspender alles Guten, aller Gnaden. \u2013 Du bist seine Mutter, Als solche ist dir das Recht geworden, f\u00fcr uns zu bitten und Gew\u00e4hrung der Bitte zu erhoffen. Und noch nie hat das Kind in deinen Armen dir eine Bitte abgeschlagen.<br><br>Darum, o Mutter meines Jesus, rufe ich zu dir um deine alles verm\u00f6gende F\u00fcrsprache und flehe dich an, du wollest mir in meiner neunt\u00e4gigen Andacht die Gnade erlangen . . . (nenne hier die Gnade, die du begehrst). Ich wende mich an dich mit ganzem Vertrauen und bin \u00fcberzeugt, dass du f\u00fcr mich bei deinem Kind bitten wirst.<br><br>Vater unser . . .<br>Ave Maria . . .<br>Ehre sei dem Vater . . .<br>( &#8222;Novene und Notgebete zur Mutter von der immerw\u00e4hrenden Hilfe&#8220; von P. Karl M. Jordan aus dem Redemptoristenorden 1955)<\/td><\/tr><\/tbody><\/table><\/figure>\n","protected":false},"excerpt":{"rendered":"<p>\u00a0 Mutter von der immerw\u00e4hrenden Hilfe, ich liebe es, zu F\u00fc\u00dfen deines Gnadenbildes mich zum Gebet einzufinden. Immer weckt sein Anblick in meiner Seele das innigste und kindlichste Vertrauen. In deinen Armen ruht als Kind Jesus, mein Erl\u00f6ser und mein &hellip; <a href=\"https:\/\/ecclesiae.de\/blog\/?page_id=10487\">Weiterlesen <span class=\"meta-nav\">&rarr;<\/span><\/a><\/p>\n","protected":false},"author":3,"featured_media":0,"parent":10370,"menu_order":0,"comment_status":"closed","ping_status":"closed","template":"","meta":{"footnotes":""},"class_list":["post-10487","page","type-page","status-publish","hentry"],"_links":{"self":[{"href":"https:\/\/ecclesiae.de\/blog\/index.php?rest_route=\/wp\/v2\/pages\/10487","targetHints":{"allow":["GET"]}}],"collection":[{"href":"https:\/\/ecclesiae.de\/blog\/index.php?rest_route=\/wp\/v2\/pages"}],"about":[{"href":"https:\/\/ecclesiae.de\/blog\/index.php?rest_route=\/wp\/v2\/types\/page"}],"author":[{"embeddable":true,"href":"https:\/\/ecclesiae.de\/blog\/index.php?rest_route=\/wp\/v2\/users\/3"}],"replies":[{"embeddable":true,"href":"https:\/\/ecclesiae.de\/blog\/index.php?rest_route=%2Fwp%2Fv2%2Fcomments&post=10487"}],"version-history":[{"count":1,"href":"https:\/\/ecclesiae.de\/blog\/index.php?rest_route=\/wp\/v2\/pages\/10487\/revisions"}],"predecessor-version":[{"id":10488,"href":"https:\/\/ecclesiae.de\/blog\/index.php?rest_route=\/wp\/v2\/pages\/10487\/revisions\/10488"}],"up":[{"embeddable":true,"href":"https:\/\/ecclesiae.de\/blog\/index.php?rest_route=\/wp\/v2\/pages\/10370"}],"wp:attachment":[{"href":"https:\/\/ecclesiae.de\/blog\/index.php?rest_route=%2Fwp%2Fv2%2Fmedia&parent=10487"}],"curies":[{"name":"wp","href":"https:\/\/api.w.org\/{rel}","templated":true}]}}