{"id":10499,"date":"2022-07-22T08:03:07","date_gmt":"2022-07-22T08:03:07","guid":{"rendered":"http:\/\/ecclesiae.de\/blog\/?page_id=10499"},"modified":"2022-07-22T08:03:07","modified_gmt":"2022-07-22T08:03:07","slug":"litanei-vom-bitteren-leiden-christi","status":"publish","type":"page","link":"https:\/\/ecclesiae.de\/blog\/?page_id=10499","title":{"rendered":"Litanei vom bitteren Leiden Christi"},"content":{"rendered":"\n<p><br>Herr erbarme Dich unser!<br>Christus erbarme Dich unser!<br>Herr erbarme Dich unser!<br>Christus h\u00f6re uns Christus erh\u00f6re uns!<br>Gott Vater vom Himmel, &#8211; Erbarme Dich unser!<br>Gott Sohn Erl\u00f6ser der Welt, &#8211; Erbarme Dich unser!<br>Gott Heiliger Geist, &#8211; Erbarme Dich unser!<br>Heilige Dreifaltigkeit, ein Gott, &#8211; Erbarme Dich unser!<br>Jesus, Du Heiland der Welt, &#8211; Erbarme Dich unser!<br>Jesus, im Garten Gethsemani zum Vater betend, &#8211; Erbarme Dich unser!<br>Jesus, in der Todesangst von Blutschwei\u00df \u00fcberronnen, &#8211; Erbarme Dich unser!<br>Jesus, vom Engel gest\u00e4rkt, &#8211; Erbarme Dich unser!<br>Jesus, von Judas mit einem Kusse verraten, &#8211; Erbarme Dich unser!<br>Jesus, von den Henkern mit Stricken gebunden, &#8211; Erbarme Dich unser!<br>Jesus, von Deinen J\u00fcngern verlassen, &#8211; Erbarme Dich unser!<br>Jesus, dem Annas und Kaiphas als ein Misset\u00e4ter vorgestellt, &#8211; Erbarme Dich unser!<br>Jesus, vom Knechte des Hohenpriesters ins Angesicht geschlagen, &#8211; Erbarme Dich unser!<br><br>Jesus, von falschen Zeugen angeklagt, &#8211; Erbarme Dich unser!<br>Jesus, verspottet, bespien, verh\u00fcllt und verh\u00f6hnt, &#8211; Erbarme Dich unser!<br>Jesus, von Petrus dreimal verleugnet, &#8211; Erbarme Dich unser!<br>Jesus, gebunden dem Pilatus \u00fcberliefert, &#8211; Erbarme Dich unser!<br>Jesus, von Herodes mit einem wie\u00dfen Kleide verspottet, &#8211; Erbarme Dich unser!<br><br>Jesus, dem M\u00f6rder Barrabas nachgesetzt, &#8211; Erbarme Dich unser!<br>Jesus, mit Gei\u00dfeln zerschlagen, &#8211; Erbarme Dich unser!<br>Jesus, zum Hohne mit einem Purpurmantel bekleidet, &#8211; Erbarme Dich unser!<br>Jesus, mit Dornen gekr\u00f6nt, &#8211; Erbarme Dich unser!<br>Jesus, mit einem Rohr aufs Haupt geschlagen, &#8211; Erbarme Dich unser!<br>Jesus, von Pilatus dem Volke zum Mitleid vorgestellt, &#8211; Erbarme Dich unser!<br>Jesus, von den Juden einhellig zum Tode gefordert, &#8211; Erbarme Dich unser!<br>Jesus, von Pilatus unschuldig zur Kreuzigung \u00fcberliefert, &#8211; Erbarme Dich unser!<br><br>Jesus, mit der Last des Kreuzes beladen, &#8211; Erbarme Dich unser!<br>Jesus, wie ein Lamm zur Schlachtbank gef\u00fchrt, &#8211; Erbarme Dich unser!<br>Jesus, auf dem Kalvarienberg Deiner Kleider beraubt, &#8211; Erbarme Dich unser!<br>Jesus, mit N\u00e4geln ans Kreuz geschlagen, &#8211; Erbarme Dich unser!<br>Jesus, am Kreuze noch verspottet und gel\u00e4stert, &#8211; Erbarme Dich unser!<br>Jesus, mit Galle und Essig getr\u00e4nkt, &#8211; Erbarme Dich unser!<br>Jesus, Dein Haupt zum Tode neigend, &#8211; Erbarme Dich unser!<br>Jesus, gehorsam bis zum Todes des Kreuzes, &#8211; Erbarme Dich unser!<br>Sei uns gn\u00e4dig! &#8211; Verschone uns, o Jesus!<br>Sei uns gn\u00e4dig! &#8211; Erh\u00f6re uns, o Jesus!<br>Von allem \u00dcbel, &#8211; Erl\u00f6se uns, o Jesus!<br>Von aller S\u00fcnde, &#8211; Erl\u00f6se uns, o Jesus!<br>Von Gleichg\u00fcltigkeit gegen Dein heiliges Leiden und Sterben, &#8211; Erl\u00f6se uns, o Jesus!<br>Von Ungeduld im Leiden, &#8211; Erl\u00f6se uns, o Jesus!<br>Von Mangel an Mitleid, &#8211; Erl\u00f6se uns, o Jesus!<br>Von Unbu\u00dffertigkeit des Herzens, &#8211; Erl\u00f6se uns, o Jesus!<br>Vom ewigen Tode, &#8211; Erl\u00f6se uns, o Jesus!<br>Durch Deine unendliche Liebe, &#8211; Erl\u00f6se uns, o Jesus!<br>Durch Deinen Blutschwei\u00df im Garten Gethsemani, &#8211; Erl\u00f6se uns, o Jesus!<br>Durch Deine Gefangennahme, &#8211; Erl\u00f6se uns, o Jesus!<br>Durch Deine Verspottung und Mi\u00dfhandlung, &#8211; Erl\u00f6se uns, o Jesus!<br>Durch Deine Gei\u00dfelung und Kr\u00f6nung, &#8211; Erl\u00f6se uns, o Jesus!<br>Durch Dein m\u00fchseliges Kreuztragen, &#8211; Erl\u00f6se uns, o Jesus!<br>Durch Deine grausame Kreuzigung, &#8211; Erl\u00f6se uns, o Jesus!<br>Durch Deine Verlassenheit am Kreuze, &#8211; Erl\u00f6se uns, o Jesus!<br>Durch Deine heiligen Wunden, &#8211; Erl\u00f6se uns, o Jesus!<br>Durch Deinen bitteren Tod, &#8211; Erl\u00f6se uns, o Jesus!<br>In der Stunde unseres Todes, &#8211; Erl\u00f6se uns, o Jesus!<br>Am Tage des Gerichtes, &#8211; Erl\u00f6se uns, o Jesus!<br>Wir armen S\u00fcnder, &#8211; Wir bitten Dich erh\u00f6re uns!<br>Da\u00df Du uns in Deinem heiligen Blute von allen S\u00fcnden reinigen wollest, \u00a0&#8211; Wir bitten Dich erh\u00f6re uns!<br>Da\u00df Du uns die Fr\u00fcchte Deines Leidens mitteilen wollest, \u00a0&#8211; Wir bitten Dich erh\u00f6re uns!<br>Da\u00df Du uns zu wahren Liebhabern Deines heiligen Kreuzes machen wollest, \u00a0&#8211; Wir bitten Dich erh\u00f6re uns!<br>Dass wir durch die Kraft Deines heiligen Kreuzes den Teufel, die Welt und das Fleisch \u00fcberwinden, \u00a0&#8211; Wir bitten Dich erh\u00f6re uns!<br>Dass wir unser Kreuz t\u00e4glich auf uns nehmen und Dir bereitwillig nachtragen, \u00a0&#8211; Wir bitten Dich erh\u00f6re uns!<br>Dass aus Liebe zu Dir uns die Welt und wir der Welt gekreuzigt seien, \u00a0&#8211; Wir bitten Dich erh\u00f6re uns!<br>Dass wir bei aller Tr\u00fcbsal in Deinem heiligen Kreuz Geduld und Hilfe finden, \u00a0&#8211; Wir bitten Dich erh\u00f6re uns!<br>Dass uns in der Sterbestunde Dein heiliges Kreuz Trost und St\u00e4rke gew\u00e4hre, \u00a0&#8211; Wir bitten Dich erh\u00f6re uns!<br>Dass wir durch Dein heiliges Kreuz zur himmlischen Glorie gelangen, \u00a0&#8211; Wir bitten Dich erh\u00f6re uns!<br>Jesus Christus f\u00fcr uns ge\u00e4ngstigt, verspottet, gegei\u00dfelt, gekr\u00f6nt und gekreuzigt, \u00a0&#8211; Wir bitten Dich erh\u00f6re uns!<br>Lamm Gottes, Du nimmst hinweg die S\u00fcnden der Welt, &#8211; Verschone uns \u00a0o Herr!<br>Lamm Gottes, Du nimmst hinweg die S\u00fcnden der Welt, &#8211; Erh\u00f6re uns o Herr!<br>Lamm Gottes, Du nimmst hinweg die S\u00fcnden der Welt, &#8211; Erbarme Dich unser!<br>Christus, h\u00f6re uns!<br>Christus, erh\u00f6re uns!<br><br>Herr, erbarme Dich unser!<br>Christus, erbarme Dich unser!<br>Herr, erbarme Dich unser!<br>Vater unser&#8230; Gegr\u00fc\u00dfet seist du, Maria..<br>V. Gott hat selbst seines Sohnes nicht geschont.<br>A. E hat ihn f\u00fcr uns alle in den Tod gegeben.<br>Lasset uns beten!<br>Herr Jesus Christus, der Du den Scho\u00df Deines Himmlischen Vaters verlassen und am Stamme des Kreuzes<br>Dein kostbares Blut zur Vergebung unserer S\u00fcnden vergossen hast: Wir bitten Dich dem\u00fctig,<br>Du wollest uns in Deinem heiligen Blute rein waschen von allen unseren S\u00fcnden und uns am Tage des Gerichtes<br>aufnehmen in die ewigen Freuden, der Du lebst und herrschest von Ewigkeit zu Ewigkeit. Amen.<br><br>Q: Die heilige Stunde Impr. 1949<\/p>\n","protected":false},"excerpt":{"rendered":"<p>Herr erbarme Dich unser!Christus erbarme Dich unser!Herr erbarme Dich unser!Christus h\u00f6re uns Christus erh\u00f6re uns!Gott Vater vom Himmel, &#8211; Erbarme Dich unser!Gott Sohn Erl\u00f6ser der Welt, &#8211; Erbarme Dich unser!Gott Heiliger Geist, &#8211; Erbarme Dich unser!Heilige Dreifaltigkeit, ein Gott, &#8211; &hellip; <a href=\"https:\/\/ecclesiae.de\/blog\/?page_id=10499\">Weiterlesen <span class=\"meta-nav\">&rarr;<\/span><\/a><\/p>\n","protected":false},"author":3,"featured_media":0,"parent":10496,"menu_order":0,"comment_status":"closed","ping_status":"closed","template":"","meta":{"footnotes":""},"class_list":["post-10499","page","type-page","status-publish","hentry"],"_links":{"self":[{"href":"https:\/\/ecclesiae.de\/blog\/index.php?rest_route=\/wp\/v2\/pages\/10499","targetHints":{"allow":["GET"]}}],"collection":[{"href":"https:\/\/ecclesiae.de\/blog\/index.php?rest_route=\/wp\/v2\/pages"}],"about":[{"href":"https:\/\/ecclesiae.de\/blog\/index.php?rest_route=\/wp\/v2\/types\/page"}],"author":[{"embeddable":true,"href":"https:\/\/ecclesiae.de\/blog\/index.php?rest_route=\/wp\/v2\/users\/3"}],"replies":[{"embeddable":true,"href":"https:\/\/ecclesiae.de\/blog\/index.php?rest_route=%2Fwp%2Fv2%2Fcomments&post=10499"}],"version-history":[{"count":1,"href":"https:\/\/ecclesiae.de\/blog\/index.php?rest_route=\/wp\/v2\/pages\/10499\/revisions"}],"predecessor-version":[{"id":10500,"href":"https:\/\/ecclesiae.de\/blog\/index.php?rest_route=\/wp\/v2\/pages\/10499\/revisions\/10500"}],"up":[{"embeddable":true,"href":"https:\/\/ecclesiae.de\/blog\/index.php?rest_route=\/wp\/v2\/pages\/10496"}],"wp:attachment":[{"href":"https:\/\/ecclesiae.de\/blog\/index.php?rest_route=%2Fwp%2Fv2%2Fmedia&parent=10499"}],"curies":[{"name":"wp","href":"https:\/\/api.w.org\/{rel}","templated":true}]}}