{"id":10501,"date":"2022-07-22T08:04:15","date_gmt":"2022-07-22T08:04:15","guid":{"rendered":"http:\/\/ecclesiae.de\/blog\/?page_id=10501"},"modified":"2022-07-22T08:04:15","modified_gmt":"2022-07-22T08:04:15","slug":"litanei-vom-heiligsten-namen-jesu","status":"publish","type":"page","link":"https:\/\/ecclesiae.de\/blog\/?page_id=10501","title":{"rendered":"Litanei vom heiligsten Namen Jesu"},"content":{"rendered":"\n<figure class=\"wp-block-table\"><table><tbody><tr><td><br>Herr, erbarme Dich unser<br>Christus, erbarme Dich unser<br>Herr, erbarme Dich unser<br>Jesus, h\u00f6re uns<br>Jesus, erh\u00f6re uns<br>Gott Vater vom Himmel, &#8211; erbarme Dich unser<br>Gott Sohn, Erl\u00f6ser der Welt<br>Gott Heiliger Geist<br>Heilige Dreifaltigkeit, ein einiger Gott<br>Jesus, Du Sohn des lebendigen Gottes<br>Jesus, Du Abglanz des Vaters<br>Jesus, Du Glanz des ewigen Lichtes<br>Jesus, Du K\u00f6nig der Herrlichkeit<br>Jesus, Du Sonne der Gerechtigkeit<br>Jesus, Du Sohn der Jungfrau Maria<br>Du liebensw\u00fcrdiger Jesus<br>Du wunderbarer Jesus<br>Jesus, Du starker Gott<br>Jesus, Du Vater der kommenden Welt<br>Jesus, Du Verk\u00fcnder des gro\u00dfen Ratschlusses<br>Du m\u00e4chtigster Jesus<br>Du geduldigsterer Jesus<br>Du gehorsamsterer Jesus<br>Jesus, sanftm\u00fctig und dem\u00fctig von Herzen<br>Jesus, Du Freund der Keuschheit<br>Jesus, unser Freund<br>Jesus, Du Gott des Friedens<br>Jesus, Du Urheber des Lebens<br>Jesus, Du Vorbild der Tugenden<br>Jesus, Du Eiferer f\u00fcr die Seelen<br>Jesus, unser Gott<br>Jesus, unsere Zuflucht<br>Jesus, Du Vater der Armen<br>Jesus, Du Kleinod der Gl\u00e4ubigen<br>Jesus, Du guter Hirt<br>Jesus, Du wahres Licht<br>Jesus, Du ewige Weisheit<br>Jesus, Du unendliche G\u00fcte<br>Jesus, unser Weg und unser Leben<br>Jesus, Du Freude der Engel<br>Jesus, Du K\u00f6nig der Patriarchen<br>Jesus, Du Meister der Apostel<br>Jesus, Du Lehrer der Evangelisten<br>Jesus, Du St\u00e4rke der Martyrer<br>Jesus, Du Licht der Bekenner<br>Jesus, Du Reinheit der Jungfrauen<br>Jesus, Du Krone aller Heiligen<br>Sei uns gn\u00e4dig &#8211; verschone uns, o Jesus<br>Sei uns gn\u00e4dig &#8211; erh\u00f6re uns, o Jesus<br>Von allem \u00dcbel &#8211; erl\u00f6se uns o Jesus<br>Von aller S\u00fcnde<br>Von Deinem Zorne<br>Von den Nachstellungen des Teufels<br>Vom Geiste der Unlauterkeit<br>Vom ewigen Tode<br>Von der Vernachl\u00e4ssigung Deiner Einsprechungen<br>Durch das Geheimnis Deiner heiligen Menschwerdung<br>Durch Deine Geburt<br>Durch Deine Kindheit<br>Durch Dein ganz g\u00f6ttliches Leben<br>Durch Deine M\u00fchseligkeiten<br>Durch Deine Todesangst und Dein Leiden<br>Durch Dein Kreuz und Deine Verlassenheit<br>Durch Deine Todesschmerzen<br>Durch Deinen Tod und Dein Begr\u00e4bnis<br>Durch Deine Auferstehung<br>Durch Deine Himmelfahrt<br>Durch die Einsetzung der heiligsten Eucharistie<br>Durch Deine Freuden<br>Durch Deine Herrlichkeit<br>O Lamm Gottes, das Du hinwegnimmst die S\u00fcnden der Welt, &#8211;<br>verschone uns, o Jesus.<br>O Lamm Gottes, das Du hinwegnimmst die S\u00fcnden der Welt, &#8211;<br>erh\u00f6re uns, o Jesus.<br>O Lamm Gottes, das Du hinwegnimmst die S\u00fcnden der Welt, &#8211;<br>erbarme Dich unser, o Jesus.<br>V.: Jesus, h\u00f6re uns.<br>A.: Jesus, erh\u00f6re uns.<br>V.:Lasset uns beten. Herr Jesus Christus, Du hast gesagt: Bittet, und ihr werdet empfangen; suchet, und ihr werdet finden; klopfet an, und es wird euch aufgetanwerden: Wir bitten Dich, gib uns die Glut Deiner g\u00f6ttlichen Liebe, auf da\u00df wir Dich von ganzem Herzen mit Wort und Tat lieben und nimmermehr von Deinem Lobe lassen! Lehre uns o Herr, Deinen Heiligen Namen immerdar f\u00fcrchten und lieben! Niemals entziehst du ja denen deine F\u00fchrung, die du in deiner Liebe befestigst. Der Du lebst und regierst in Ewigkeit. Amen.<br><br>Aus dem gottesdienst 1928<br>A.:Amen.<\/td><\/tr><tr><td><\/td><\/tr><\/tbody><\/table><\/figure>\n","protected":false},"excerpt":{"rendered":"<p>Herr, erbarme Dich unserChristus, erbarme Dich unserHerr, erbarme Dich unserJesus, h\u00f6re unsJesus, erh\u00f6re unsGott Vater vom Himmel, &#8211; erbarme Dich unserGott Sohn, Erl\u00f6ser der WeltGott Heiliger GeistHeilige Dreifaltigkeit, ein einiger GottJesus, Du Sohn des lebendigen GottesJesus, Du Abglanz des VatersJesus, &hellip; <a href=\"https:\/\/ecclesiae.de\/blog\/?page_id=10501\">Weiterlesen <span class=\"meta-nav\">&rarr;<\/span><\/a><\/p>\n","protected":false},"author":3,"featured_media":0,"parent":10496,"menu_order":0,"comment_status":"closed","ping_status":"closed","template":"","meta":{"footnotes":""},"class_list":["post-10501","page","type-page","status-publish","hentry"],"_links":{"self":[{"href":"https:\/\/ecclesiae.de\/blog\/index.php?rest_route=\/wp\/v2\/pages\/10501","targetHints":{"allow":["GET"]}}],"collection":[{"href":"https:\/\/ecclesiae.de\/blog\/index.php?rest_route=\/wp\/v2\/pages"}],"about":[{"href":"https:\/\/ecclesiae.de\/blog\/index.php?rest_route=\/wp\/v2\/types\/page"}],"author":[{"embeddable":true,"href":"https:\/\/ecclesiae.de\/blog\/index.php?rest_route=\/wp\/v2\/users\/3"}],"replies":[{"embeddable":true,"href":"https:\/\/ecclesiae.de\/blog\/index.php?rest_route=%2Fwp%2Fv2%2Fcomments&post=10501"}],"version-history":[{"count":1,"href":"https:\/\/ecclesiae.de\/blog\/index.php?rest_route=\/wp\/v2\/pages\/10501\/revisions"}],"predecessor-version":[{"id":10502,"href":"https:\/\/ecclesiae.de\/blog\/index.php?rest_route=\/wp\/v2\/pages\/10501\/revisions\/10502"}],"up":[{"embeddable":true,"href":"https:\/\/ecclesiae.de\/blog\/index.php?rest_route=\/wp\/v2\/pages\/10496"}],"wp:attachment":[{"href":"https:\/\/ecclesiae.de\/blog\/index.php?rest_route=%2Fwp%2Fv2%2Fmedia&parent=10501"}],"curies":[{"name":"wp","href":"https:\/\/api.w.org\/{rel}","templated":true}]}}