{"id":10509,"date":"2022-07-22T08:09:32","date_gmt":"2022-07-22T08:09:32","guid":{"rendered":"http:\/\/ecclesiae.de\/blog\/?page_id=10509"},"modified":"2022-07-22T08:09:32","modified_gmt":"2022-07-22T08:09:32","slug":"litanei-von-dem-heiligsten-namen-mariae","status":"publish","type":"page","link":"https:\/\/ecclesiae.de\/blog\/?page_id=10509","title":{"rendered":"Litanei von dem heiligsten Namen Mariae"},"content":{"rendered":"\n<p><br><br>Herr, erbarme Dich unser!<br>Christus, erbarme Dich unser!<br>Herr, erbarme Dich unser!<br>Gott Vater vom Himmel, erbarme Dich unser!<br>Gott Sohn, Erl\u00f6ser der Welt, erbarme Dich unser!<br>Gott Heiliger Geist, erbarme Dich unser!<br>Heiligste Dreifaltigkeit, ein einiger Gott, erbarme Dich unser!<br><br><br>Heilige Maria, deren Namen der Engel mit gr\u00f6\u00dfter Ehrfurcht ausgesprochen hat. \u2013 Bitte f\u00fcr uns.<br>Heilige Maria, deren Name glorreich und bewunderungsw\u00fcrdig ist. Bitte f\u00fcr uns.<br>Heilige Maria, deren Name nach dem Namen Jesus \u00fcber alle Namen gebenedeit ist. Bitte f\u00fcr uns.<br>Heilige Maria, deren Name Jesus das Leben und Heil aller Rechtgl\u00e4ubigen ist. Bitte f\u00fcr uns.<br>Heilige Maria, deren Name nach dem Namen Jesu denjenigen, die ihn and\u00e4chtig verehren, alles ist. Bitte f\u00fcr uns.<br>Heilige Maria, deren Name die Herzen der S\u00fcnder zerknirscht. Bitte f\u00fcr uns.<br>Heilige Maria, deren Name die Seelen der Frommen entz\u00fcndet. Bitte f\u00fcr uns.<br>Heilige Maria, deren Name die Traurigen in Freude versetzt. Bitte f\u00fcr uns.<br>Heilige Maria, deren Name die Sterbenden st\u00e4rkt. Bitte f\u00fcr uns.<br>Heilige Maria, deren Name selbst die h\u00f6llischen Geister ehren und f\u00fcrchten. Bitte f\u00fcr uns.<br>Durch die Erh\u00f6hung und Verherrlichung deines heiligsten Namens. Bitte f\u00fcr uns.<br>Durch die Macht und die Kraft deines heiligsten Namens. Bitte f\u00fcr uns.<br>Durch die Liebe und S\u00fc\u00dfigkeit deines heiligsten Namens. Bitte f\u00fcr uns.<br>Dass wir deinen heiligsten Namen nach dem Namen Jesus \u00fcber alle andern Namen mit h\u00f6chster Andacht verehren m\u00f6gen. Bitte f\u00fcr uns.<br>Dass wir deinen heiligsten Namen nach dem Namen Jesu, vor allen andern Namen mit gr\u00f6\u00dfter Zuversicht anrufen m\u00f6gen. Bitte f\u00fcr uns.<br>Dass wir alle Liebe und Ehrfurcht gegen deinen heiligsten Namen \u00e4u\u00dfern m\u00f6gen. \u00a0Bitte f\u00fcr uns.<br>Dass wir deinen heiligsten Namen in jeder Versuchung und Tr\u00fcbsal mit Mund und Herz anrufen m\u00f6gen. Bitte f\u00fcr uns.<br>Dass wir alle Liebe und Ehrfurcht gegen deinen heiligsten Namen \u00e4u\u00dfern m\u00f6gen. Bitte f\u00fcr uns.<br>Dass wir deinen heiligsten Namen in jeder Versuchung und Tr\u00fcbsal mit Mund und Herz anrufen m\u00f6gen. Bitte f\u00fcr uns.<br>Dass wir in Kraft deines m\u00e4chtigen Namens \u00fcber alle sichtbaren Feinde glorreich siegen m\u00f6gen. Bitte f\u00fcr uns.<br>Dass wir im Tode durch Aussprechung und Verehrung deines heiligsten Namens vollkommene Verzeihung unserer S\u00fcnden erlangen m\u00f6gen. Bitte f\u00fcr uns.<br>Dass der Name deines Jesus und dein heiligster Name, o Maria, uns Sterbenden die letzten Worte sein m\u00f6gen. Bitte f\u00fcr uns.<br>Dass unsere Namen im Buche des ewigen Lebens eingetragen werden m\u00f6gen. Bitte f\u00fcr uns.<br>Heilige Maria, du Mutter Jesu und Mutter der Gnade. Bitte f\u00fcr uns.<br>O du Lamm Gottes, welches du hinwegnimmst die S\u00fcnden der Welt. \u2013 Verschone uns, o Herr, wegen der F\u00fcrbitte Mari\u00e4.<br>O du Lamm Gottes, welches du hinwegnimmst die S\u00fcnden der Welt. \u2013 Erl\u00f6se uns, o Herr, wegen der F\u00fcrbitte Mari\u00e4-<br>O du Lamm Gottes, welches du hinwegnimmst die S\u00fcnden der Welt. \u2013 Erbarme Dich unser, o Herr, wegen der F\u00fcrbitte Mari\u00e4.<br>Christus h\u00f6re uns. \u2013 Christus, erh\u00f6re uns.<br>Vater unser..<br>Jene, die deinen Namen lieben, werden vor Freude h\u00fcpfen; weil du, o Maria, deinen Segen \u00fcber sie als Gerechte ergie\u00dfen wirst.<br>Bitt f\u00fcr uns, o Heilige Gottesmutter, auf dass wir in deinem Namen das Heil von dem Herrn erhalten.<br><br>Gebet: O Gott, der du den Namen der allerheiligsten Gottesgeb\u00e4rerin und Jungfrau Maria so glorreich gemacht hast, dass es nach dem s\u00fc\u00dfen Namen Jesus, deines gebenedeiten Sohnes, keinen anderen Namen unter der Sonne gibt, wodurch uns Menschen so viel Heil verschafft wird, verleihe uns eine zarte Andacht zu diesem heiligsten und verehrungsw\u00fcrdigsten Namen, dass wir ihn best\u00e4ndig in unserm Herzen und in unserm Munde mit jener Ehrfurcht tragen m\u00f6gen, die diesem glorreichen Namen geb\u00fchrt und unsern Namen im Himmel verewigt. Durch eben denselben unsern Herrn Jesum Christum. Amen.<\/p>\n","protected":false},"excerpt":{"rendered":"<p>Herr, erbarme Dich unser!Christus, erbarme Dich unser!Herr, erbarme Dich unser!Gott Vater vom Himmel, erbarme Dich unser!Gott Sohn, Erl\u00f6ser der Welt, erbarme Dich unser!Gott Heiliger Geist, erbarme Dich unser!Heiligste Dreifaltigkeit, ein einiger Gott, erbarme Dich unser! Heilige Maria, deren Namen der &hellip; <a href=\"https:\/\/ecclesiae.de\/blog\/?page_id=10509\">Weiterlesen <span class=\"meta-nav\">&rarr;<\/span><\/a><\/p>\n","protected":false},"author":3,"featured_media":0,"parent":10496,"menu_order":0,"comment_status":"closed","ping_status":"closed","template":"","meta":{"footnotes":""},"class_list":["post-10509","page","type-page","status-publish","hentry"],"_links":{"self":[{"href":"https:\/\/ecclesiae.de\/blog\/index.php?rest_route=\/wp\/v2\/pages\/10509","targetHints":{"allow":["GET"]}}],"collection":[{"href":"https:\/\/ecclesiae.de\/blog\/index.php?rest_route=\/wp\/v2\/pages"}],"about":[{"href":"https:\/\/ecclesiae.de\/blog\/index.php?rest_route=\/wp\/v2\/types\/page"}],"author":[{"embeddable":true,"href":"https:\/\/ecclesiae.de\/blog\/index.php?rest_route=\/wp\/v2\/users\/3"}],"replies":[{"embeddable":true,"href":"https:\/\/ecclesiae.de\/blog\/index.php?rest_route=%2Fwp%2Fv2%2Fcomments&post=10509"}],"version-history":[{"count":1,"href":"https:\/\/ecclesiae.de\/blog\/index.php?rest_route=\/wp\/v2\/pages\/10509\/revisions"}],"predecessor-version":[{"id":10510,"href":"https:\/\/ecclesiae.de\/blog\/index.php?rest_route=\/wp\/v2\/pages\/10509\/revisions\/10510"}],"up":[{"embeddable":true,"href":"https:\/\/ecclesiae.de\/blog\/index.php?rest_route=\/wp\/v2\/pages\/10496"}],"wp:attachment":[{"href":"https:\/\/ecclesiae.de\/blog\/index.php?rest_route=%2Fwp%2Fv2%2Fmedia&parent=10509"}],"curies":[{"name":"wp","href":"https:\/\/api.w.org\/{rel}","templated":true}]}}