{"id":10511,"date":"2022-07-22T08:11:04","date_gmt":"2022-07-22T08:11:04","guid":{"rendered":"http:\/\/ecclesiae.de\/blog\/?page_id=10511"},"modified":"2022-07-22T08:11:04","modified_gmt":"2022-07-22T08:11:04","slug":"litanei-vom-kostbaren-blut","status":"publish","type":"page","link":"https:\/\/ecclesiae.de\/blog\/?page_id=10511","title":{"rendered":"Litanei vom kostbaren Blut!"},"content":{"rendered":"\n<figure class=\"wp-block-table\"><table><tbody><tr><td><\/td><td>&nbsp;<\/td><\/tr><tr><td>Papst Johannes XXIII. hat in dem Verlangen, die Verehrung des kostbaren Blutes zu f\u00f6rdern, nachstehende, von der hl. Ritenkongregation verfasste Litanei am 24. Febr. 1960 approbiert und herausgegeben.<br><br>Herr, erbarme Dich unser!<br>Christus, erbarme Dich unser!<br>Herr, erbarme Dich unser!<br>Christus, h\u00f6re uns!<br>Christus, erh\u00f6re uns!<br>Gott Vater im Himmel, &nbsp; &nbsp; &nbsp; &nbsp; &nbsp; &nbsp; &nbsp; &nbsp; &nbsp; &nbsp; &nbsp; &nbsp; &nbsp; &nbsp; &nbsp; &nbsp; erbarme Dich unser<br>Gott Sohn, Erl\u00f6ser der Welt,<br>Gott heiliger Geist,<br>Heiligste Dreifaltigkeit, ein einiger Gott,<br>Blut Christi, des Eingeborenen des ewigen Vaters, &nbsp; &nbsp; &nbsp; &nbsp; &nbsp; &nbsp; &nbsp; rette uns!<br>Blut Christi, des menschgewordenen Wortes Gottes,<br>Blut Christi, des Neuen und Ewigen Bundes,<br>Blut Christi, in der Todesangst zur Erde geronnen,<br>Blut Christi, bei der Gei\u00dfelung vergossen,<br>Blut Christi, bei der Dornenkr\u00f6nung verstr\u00f6mt,<br>Blut Christi, am Kreuze ausgegossen,<br>Blut Christi, Kaufpreis unseres Heiles,<br>Blut Christi, einzige Vergebung der S\u00fcnden,<br>Blut Christi, im Altarsakrament Trank und Reinigung der Seelen,<br>Blut Christi, Strom der Barmherzigkeit,<br>Blut Christi, Besieger aller b\u00f6sen Geister,<br>Blut Christi, Starkmut der M\u00e4rtyrer,<br>Blut Christi, Kraft der Bekenner,<br>Blut Christi, Lebensquell der Jungrauen,<br>Blut Christi, St\u00fctze der Gef\u00e4hrdeten,<br>Blut Christi, Linderung der Leidenden,<br>Blut Christi, Trost der Weinenden,<br>Blut Christi, Hoffnung der B\u00fc\u00dfenden,<br>Blut Christi, Zuflucht der Sterbenden,<br>Blut Christi, Friede und Wonne aller Herzen,<br>Blut Christi, Unterpfand des ewigen Lebens,<br>Blut Christi, Erl\u00f6sung aus der Tiefe des Reinigungsortes,<br>Blut Christi, aller Herrlichkeit und Ehre \u00fcberaus w\u00fcrdig,<br>Lamm Gottes, Du nimmst hinweg die S\u00fcnden der Welt:<br>Verschone uns o Herr!<br>Lamm Gottes Du nimmst hinweg die S\u00fcnden der Welt:<br>Erh\u00f6re uns o Herr!<br>Lamm Gottes Du nimmst hinweg die S\u00fcnden der Welt:<br>Erbarme Dich unser o Herr!<br>V. Du hast uns erl\u00f6st, o Herr, in Deinem Blute.<br>R. Und uns zu Deinem Gottesreich gemacht.<br><br>Lasset uns beten:<br>Allm\u00e4chtiger ewiger Gott, Du hast Deinen eingeborenen Sohn<br>Zum Erl\u00f6ser der Welt eingesetzt und wolltest durch sein Blut Dich vers\u00f6hnen lassen,<br>so lasse uns denn, wir bitten Dich, den L\u00f6sepreis unseres Heiles verehren<br>und durch seine Kraft vor den \u00dcbeln dieses Lebens auf Erden beschirmt werden,<br>so dass wir uns im Himmel ewig seiner Frucht erfreuen d\u00fcrfen,<br>Durch denselben Christus, unseren Herrn .Amen<\/td><\/tr><\/tbody><\/table><\/figure>\n","protected":false},"excerpt":{"rendered":"<p>&nbsp; Papst Johannes XXIII. hat in dem Verlangen, die Verehrung des kostbaren Blutes zu f\u00f6rdern, nachstehende, von der hl. Ritenkongregation verfasste Litanei am 24. Febr. 1960 approbiert und herausgegeben. Herr, erbarme Dich unser!Christus, erbarme Dich unser!Herr, erbarme Dich unser!Christus, h\u00f6re &hellip; <a href=\"https:\/\/ecclesiae.de\/blog\/?page_id=10511\">Weiterlesen <span class=\"meta-nav\">&rarr;<\/span><\/a><\/p>\n","protected":false},"author":3,"featured_media":0,"parent":10496,"menu_order":0,"comment_status":"closed","ping_status":"closed","template":"","meta":{"footnotes":""},"class_list":["post-10511","page","type-page","status-publish","hentry"],"_links":{"self":[{"href":"https:\/\/ecclesiae.de\/blog\/index.php?rest_route=\/wp\/v2\/pages\/10511","targetHints":{"allow":["GET"]}}],"collection":[{"href":"https:\/\/ecclesiae.de\/blog\/index.php?rest_route=\/wp\/v2\/pages"}],"about":[{"href":"https:\/\/ecclesiae.de\/blog\/index.php?rest_route=\/wp\/v2\/types\/page"}],"author":[{"embeddable":true,"href":"https:\/\/ecclesiae.de\/blog\/index.php?rest_route=\/wp\/v2\/users\/3"}],"replies":[{"embeddable":true,"href":"https:\/\/ecclesiae.de\/blog\/index.php?rest_route=%2Fwp%2Fv2%2Fcomments&post=10511"}],"version-history":[{"count":1,"href":"https:\/\/ecclesiae.de\/blog\/index.php?rest_route=\/wp\/v2\/pages\/10511\/revisions"}],"predecessor-version":[{"id":10512,"href":"https:\/\/ecclesiae.de\/blog\/index.php?rest_route=\/wp\/v2\/pages\/10511\/revisions\/10512"}],"up":[{"embeddable":true,"href":"https:\/\/ecclesiae.de\/blog\/index.php?rest_route=\/wp\/v2\/pages\/10496"}],"wp:attachment":[{"href":"https:\/\/ecclesiae.de\/blog\/index.php?rest_route=%2Fwp%2Fv2%2Fmedia&parent=10511"}],"curies":[{"name":"wp","href":"https:\/\/api.w.org\/{rel}","templated":true}]}}