{"id":10513,"date":"2022-07-22T08:12:25","date_gmt":"2022-07-22T08:12:25","guid":{"rendered":"http:\/\/ecclesiae.de\/blog\/?page_id=10513"},"modified":"2022-07-22T08:12:25","modified_gmt":"2022-07-22T08:12:25","slug":"litanei-von-der-heiligen-eucharistie","status":"publish","type":"page","link":"https:\/\/ecclesiae.de\/blog\/?page_id=10513","title":{"rendered":"Litanei von der Heiligen Eucharistie"},"content":{"rendered":"\n<figure class=\"wp-block-table\"><table><tbody><tr><td><\/td><td>&nbsp;<\/td><\/tr><tr><td><br>Herr erbarme Dich unser! \u2013 &nbsp;<br>Christus erbarme Dich unser! \u2013 &nbsp;<br>Herr erbarme Dich unser! &nbsp;<br>Christus h\u00f6re uns! Christus erh\u00f6re uns! &nbsp;<br>Gott Vater vom Himmel, &#8211; erbarme Dich unser! &nbsp;<br>Gott Sohn, Erl\u00f6ser der Welt, &nbsp;<br>Gott Heiliger Geist, &nbsp;<br>Heilige Dreifaltigkeit, ein einiger Gott, &nbsp;<br>Jesus, Du lebendiges Brot, das vom Himmel gekommen ist, &nbsp;<br>Du Brot, das der Welt zum Leben geschenkt ist, &nbsp;<br>Jesus, Du immerw\u00e4hrendes Opfer des Neuen Bundes, &nbsp;<br>Du w\u00fcrdiges Opfer der Anbetung, &nbsp;<br>Du erhabenes Opfer des Lobes und Dankes, &nbsp;<br>Du m\u00e4chtiges Bittopfer, &nbsp;<br>Du wahres Vers\u00f6hnungsopfer f\u00fcr Lebende und Verstorbene, &nbsp;<br>Du Lamm Gottes ohne Makel, &nbsp;<br>Jesus, Du Speise der Erl\u00f6sten, &nbsp;<br>Du Brunnen des lebendigen Wassers, &nbsp;<br>Du Band des Friedens und der Liebe, &nbsp;<br>Du himmlisches Heilmittel wider die S\u00fcnde &nbsp;<br>Du Arznei der Unsterblichkeit, &nbsp;<br>Du Wegzehrung der im Herrn Sterbenden, &nbsp;<br>Sei uns gn\u00e4dig, &#8211; verschone uns, o Herr! &nbsp;<br>Sei uns gn\u00e4dig, &#8211; erh\u00f6re uns o Herr! &nbsp;<br>Vom unw\u00fcrdigen Genusse Deines heiligen Leibes und Blutes, &#8211; erl\u00f6se uns o Herr! &nbsp;<br>Von der Begierlichkeit des Fleisches, &nbsp;<br>Von der Begierlichkeit der Augen, &nbsp;<br>Von der Hoffart des Lebens, &nbsp;<br>Von aller Lieblosigkeit gegen den N\u00e4chsten, &nbsp;<br>Von aller Gefahr und Gelegenheit zur S\u00fcnde, &nbsp;<br>Vom ewigen Tode, &nbsp;<br>Durch Deine Sehnsucht, mit Deinen J\u00fcngern das Osterlamm zu essen. &nbsp;<br>Durch die Demut, mit der Du Deinen J\u00fcngern die F\u00fc\u00dfe gewaschen hast &nbsp;<br>Durch die Liebe, mit der Du das Heiligste Sakrament eingesetzt hast. &nbsp;<br>Durch Dein Verlangen, bis zum Ende der Welt bei uns zu bleiben. &nbsp;<br>Durch die heiligen f\u00fcnf Wunden Deines verkl\u00e4rten Leibes. &nbsp;<br>Durch Dein von Liebe brennendes Herz. &nbsp;<br>Wir armen S\u00fcnder, &#8211; Wir bitten dich erh\u00f6re uns! &nbsp;<br>Da\u00df Du in uns den Glauben und die Ehrfurcht gegen dieses heiligste Sakrament erhalten und &nbsp;<br>vermehren wollest, &nbsp;<br>Da\u00df Du in uns das Verlangen nach \u00f6fterem Genuss Deines Leibes und Blutes erwecken wollest, &nbsp;<br>Da\u00df Du uns die kostbaren Fr\u00fcchte dieses heiligsten Sakramentes schenken wollest, &nbsp;<br>Da\u00df Du uns durch dieses heiligste Sakrament in unserer Schwachheit st\u00e4rken und in der Traurigkeit tr\u00f6sten wollest, &nbsp;<br>Da\u00df Du in uns das Feuer Deiner Liebe entz\u00fcnden wollest. &nbsp;<br>Da\u00df Du uns alle untereinander mit dem Bande christlicher Liebe vereinigen wollest, &nbsp;<br>Da\u00df Du uns vor unserem Tode mit dieser himmlischen Speise st\u00e4rken wollest &nbsp;<br>Da\u00df Du uns durch Sie zur seligen Unsterblichkeit auferwecken wollest. &nbsp;<br>Jesus Du Sohn Gottes und Heiland der Welt, &nbsp;<br>Lamm Gottes, Du nimmst hinweg die S\u00fcnden der Welt, &#8211; verschone uns, o Herr! &nbsp;<br>Lamm Gottes, Du nimmst hinweg die S\u00fcnden der Welt, &#8211; erh\u00f6re uns, o Herr! &nbsp;<br>Lamm &nbsp;Gottes, Du nimmst hinweg die S\u00fcnden der Welt, -erbarme Dich unser. &nbsp;<br>Brot vom Himmel hast Du uns gegeben. &nbsp;<br>Das alle S\u00fc\u00dfigkeit in sich enth\u00e4lt. &nbsp;<br>&nbsp;<br>Lasset uns beten. O Gott, Du hast uns in dem wunderbaren Sakramente das Ged\u00e4chtnis Deines Leidens hinterlassen; gib uns, wir bitten Dich, die Geheimnisse Deines Leibes und Blutes so zu verehren, dass wir die Frucht der Erl\u00f6sung allzeit in uns erfahren: der Du lebst und regierst, Gott von Ewigkeit zu Ewigkeit. Amen<\/td><\/tr><tr><td><\/td><\/tr><\/tbody><\/table><\/figure>\n","protected":false},"excerpt":{"rendered":"<p>&nbsp; Herr erbarme Dich unser! \u2013 &nbsp;Christus erbarme Dich unser! \u2013 &nbsp;Herr erbarme Dich unser! &nbsp;Christus h\u00f6re uns! Christus erh\u00f6re uns! &nbsp;Gott Vater vom Himmel, &#8211; erbarme Dich unser! &nbsp;Gott Sohn, Erl\u00f6ser der Welt, &nbsp;Gott Heiliger Geist, &nbsp;Heilige Dreifaltigkeit, ein &hellip; <a href=\"https:\/\/ecclesiae.de\/blog\/?page_id=10513\">Weiterlesen <span class=\"meta-nav\">&rarr;<\/span><\/a><\/p>\n","protected":false},"author":3,"featured_media":0,"parent":10496,"menu_order":0,"comment_status":"closed","ping_status":"closed","template":"","meta":{"footnotes":""},"class_list":["post-10513","page","type-page","status-publish","hentry"],"_links":{"self":[{"href":"https:\/\/ecclesiae.de\/blog\/index.php?rest_route=\/wp\/v2\/pages\/10513","targetHints":{"allow":["GET"]}}],"collection":[{"href":"https:\/\/ecclesiae.de\/blog\/index.php?rest_route=\/wp\/v2\/pages"}],"about":[{"href":"https:\/\/ecclesiae.de\/blog\/index.php?rest_route=\/wp\/v2\/types\/page"}],"author":[{"embeddable":true,"href":"https:\/\/ecclesiae.de\/blog\/index.php?rest_route=\/wp\/v2\/users\/3"}],"replies":[{"embeddable":true,"href":"https:\/\/ecclesiae.de\/blog\/index.php?rest_route=%2Fwp%2Fv2%2Fcomments&post=10513"}],"version-history":[{"count":1,"href":"https:\/\/ecclesiae.de\/blog\/index.php?rest_route=\/wp\/v2\/pages\/10513\/revisions"}],"predecessor-version":[{"id":10514,"href":"https:\/\/ecclesiae.de\/blog\/index.php?rest_route=\/wp\/v2\/pages\/10513\/revisions\/10514"}],"up":[{"embeddable":true,"href":"https:\/\/ecclesiae.de\/blog\/index.php?rest_route=\/wp\/v2\/pages\/10496"}],"wp:attachment":[{"href":"https:\/\/ecclesiae.de\/blog\/index.php?rest_route=%2Fwp%2Fv2%2Fmedia&parent=10513"}],"curies":[{"name":"wp","href":"https:\/\/api.w.org\/{rel}","templated":true}]}}