{"id":10517,"date":"2022-07-22T08:15:17","date_gmt":"2022-07-22T08:15:17","guid":{"rendered":"http:\/\/ecclesiae.de\/blog\/?page_id=10517"},"modified":"2022-07-22T08:15:17","modified_gmt":"2022-07-22T08:15:17","slug":"litanei-zum-hl-erzengel-michael","status":"publish","type":"page","link":"https:\/\/ecclesiae.de\/blog\/?page_id=10517","title":{"rendered":"Litanei zum Hl. Erzengel Michael"},"content":{"rendered":"\n<p><br>Herr, erbarme dich unser!<br>Christus, erbarme dich unser!<br>Herr, erbarme dich unser!<br>Christus, h\u00f6re uns!<br>Christus, erh\u00f6re uns!<br>Gott Vater im Himmel, \u00a0&#8211; erbarme dich unser!<br>Gott Sohn, Erl\u00f6ser der Welt, &#8230;<br>Gott Heiliger Geist, &#8230;<br>Heilige Dreifaltigkeit, ein einiger Gott,&#8230;<br>Hl. Maria, K\u00f6nigin der Engel, \u00a0&#8211; bitte f\u00fcr uns!<br>Hl. Erzengel Michael,&#8230;<br>Hl. Erz. Michael, Du glorw\u00fcrdiger himmlischer F\u00fcrst,&#8230;<br>Hl. Erz. Michael, der Du einer der vornehmsten F\u00fcrsten am Throne Gottes bist,&#8230;<br>Hl. Erz. Michael, der Du mit dem h\u00f6llischen Drachen gek\u00e4mpft hast, &#8230;<br>Hl. Erz. Michael, der Du die alte Schlange, den Verleumder und Widersacher, der die ganze Welt verf\u00fchrt, auf die Erde hinabgest\u00fcrzt hast,&#8230;<br>Hl. Erz. Michael, der Du den Teufel samt den abtr\u00fcnnigen Engeln aus dem Himmel vertrieben hast,&#8230;<br>Hl. Erz. Michael, der Du den Ankl\u00e4ger unserer Br\u00fcder in den Abgrund der H\u00f6lle gest\u00fcrzt hast,&#8230;<br>Hl. Erz. Michael, der Du um den Leib des Moses mit dem Teufel in heftigem Streit gelegen bist,&#8230;<br>Hl. Erz. Michael, der Du das verlorene Paradies zu bewachen hast,&#8230;<br>Hl. Erz. Michael, der Du vor dem Angesicht Gottes herrlich erschienen bist,&#8230;<br>Hl. Erz. Michael, der Du f\u00fcr die Kinder Gottes einstehst,&#8230;<br>Hl. Erz. Michael, der Du den gerechten Seelen beistehst,&#8230;<br>Hl. Erz. Michael, dem die Seelen der Heiligen \u00fcbergeben sind,&#8230;<br>Hl. Erz. Michael, dazu bestellt, die Seelen der Verstorbenen in Empfang zu nehmen,&#8230;<br>Hl. Erz. Michael, der Du die Seelen der Heiligen in das Paradies ewiger Freude geleitest,&#8230;<br>Hl. Erz. Michael, der Du dem Volke Gottes als Helfer gesandt bist,&#8230;<br>Hl. Erz. Michael, der Du Dich allezeit als Besch\u00fctzer des Volkes Gottes erwiesen hast,&#8230;<br>Hl. Erz. Michael, der Du die Feinde des Volkes Gottes schon oft in die Flucht geschlagen und zerstreut hast,&#8230;<br>Hl. Erz. Michael, der Du den heiligen V\u00e4tern oft schon erschienen bist,&#8230;<br>Hl. Erz. Michael, der Du den Propheten g\u00f6ttliche Geheimnisse geoffenbart hast,&#8230;<br>Hl. Erz. Michael, der Du f\u00fcr das Volk Gottes gro\u00dfe Zeichen und Wunder gewirkt hast,&#8230;<br>Hl. Erz. Michael, der Du mit dem goldenen Rauchgef\u00e4\u00df beim Altare Gottes stehst,&#8230;<br>Hl. Erz. Michael, aus dessen H\u00e4nden der Rauch des Wohlgeruchs vor das Angesicht Gottes emporsteigt,&#8230;<br>Hl. Erz. Michael, dessen F\u00fcrbitte und Hilfe uns in allen Gefahren besch\u00fctzt, &#8230;<br>Hl. Erz. Michael, der Du uns im Kampf wider den b\u00f6sen Feind beschirmen m\u00f6gest,&#8230;<br>Hl. Erz. Michael, der Du unser Schutz gegen die Bosheit und die Nachstellungen des Teufels sein m\u00f6gest,&#8230;<br>Hl. Erz. Michael, der Du den Satan und die \u00e4ndern b\u00f6sen Geister, die zum Verderben der Seelen die Welt durchziehen, in den Abgrund der H\u00f6lle hinabst\u00fcrzen m\u00f6gest,&#8230;<br>Hl. Erz. Michael, Du F\u00fcrst der himmlischen Heerscharen,&#8230;<br>Lamm Gottes, Du nimmst hinweg die S\u00fcnden der Welt, verschone uns, o Herr!<br>Lamm Gottes, Du nimmst hinweg die S\u00fcnden der Welt, erh\u00f6re uns, o Herr!<br>Lamm Gottes, Du nimmst hinweg die S\u00fcnden der Welt, erbarme Dich unser, o Herr!<br>Christus, h\u00f6re uns!<br>Christus, erh\u00f6re uns!<br>Herr, erbarme Dich unser! &#8211; Christus,&#8230; &#8211; Herr,&#8230;<br>V. Heiliger Erzengel Michael, besch\u00fctze uns im Streite,<br>A. Dass wir nicht zugrunde gehen und verderben im schrecklichen Gerichte!<br>Lasset uns beten!<br>Gott durch Deinen heiligen Erzengel Michael lass uns und die ganze Kirche allezeit und an allen Orten besch\u00fctzt und beschirmt sein; lass uns kraft seiner F\u00fcrsprache einmal zu den Freuden des ewigen Lebens und zur Gemeinschaft mit den heiligen Engeln gelangen. Darum bitten wir durch Christus, unsern Herrn. Amen.<\/p>\n","protected":false},"excerpt":{"rendered":"<p>Herr, erbarme dich unser!Christus, erbarme dich unser!Herr, erbarme dich unser!Christus, h\u00f6re uns!Christus, erh\u00f6re uns!Gott Vater im Himmel, \u00a0&#8211; erbarme dich unser!Gott Sohn, Erl\u00f6ser der Welt, &#8230;Gott Heiliger Geist, &#8230;Heilige Dreifaltigkeit, ein einiger Gott,&#8230;Hl. Maria, K\u00f6nigin der Engel, \u00a0&#8211; bitte f\u00fcr &hellip; <a href=\"https:\/\/ecclesiae.de\/blog\/?page_id=10517\">Weiterlesen <span class=\"meta-nav\">&rarr;<\/span><\/a><\/p>\n","protected":false},"author":3,"featured_media":0,"parent":10496,"menu_order":0,"comment_status":"closed","ping_status":"closed","template":"","meta":{"footnotes":""},"class_list":["post-10517","page","type-page","status-publish","hentry"],"_links":{"self":[{"href":"https:\/\/ecclesiae.de\/blog\/index.php?rest_route=\/wp\/v2\/pages\/10517","targetHints":{"allow":["GET"]}}],"collection":[{"href":"https:\/\/ecclesiae.de\/blog\/index.php?rest_route=\/wp\/v2\/pages"}],"about":[{"href":"https:\/\/ecclesiae.de\/blog\/index.php?rest_route=\/wp\/v2\/types\/page"}],"author":[{"embeddable":true,"href":"https:\/\/ecclesiae.de\/blog\/index.php?rest_route=\/wp\/v2\/users\/3"}],"replies":[{"embeddable":true,"href":"https:\/\/ecclesiae.de\/blog\/index.php?rest_route=%2Fwp%2Fv2%2Fcomments&post=10517"}],"version-history":[{"count":1,"href":"https:\/\/ecclesiae.de\/blog\/index.php?rest_route=\/wp\/v2\/pages\/10517\/revisions"}],"predecessor-version":[{"id":10518,"href":"https:\/\/ecclesiae.de\/blog\/index.php?rest_route=\/wp\/v2\/pages\/10517\/revisions\/10518"}],"up":[{"embeddable":true,"href":"https:\/\/ecclesiae.de\/blog\/index.php?rest_route=\/wp\/v2\/pages\/10496"}],"wp:attachment":[{"href":"https:\/\/ecclesiae.de\/blog\/index.php?rest_route=%2Fwp%2Fv2%2Fmedia&parent=10517"}],"curies":[{"name":"wp","href":"https:\/\/api.w.org\/{rel}","templated":true}]}}