{"id":10520,"date":"2022-07-22T08:16:45","date_gmt":"2022-07-22T08:16:45","guid":{"rendered":"http:\/\/ecclesiae.de\/blog\/?page_id=10520"},"modified":"2022-07-22T08:16:45","modified_gmt":"2022-07-22T08:16:45","slug":"litanei-zum-heiligen-geist","status":"publish","type":"page","link":"https:\/\/ecclesiae.de\/blog\/?page_id=10520","title":{"rendered":"Litanei zum Heiligen Geist"},"content":{"rendered":"\n<p><strong>Die verl\u00e4ngerte Form der Hl. Geist Litanei<br>von Kardinal Mercier<br><\/strong><br>Herr, erbarme Dich unser!<br>Christus, erbarme Dich unser!<br>Herr, erbarme Dich unser!<br>Christus, h\u00f6re uns! \u2013 Christus, erh\u00f6re uns!<br>Gott Vater vom Himmel \u2013 Erbarme Dich unser!<br>Gott Sohn, Erl\u00f6ser der Welt \u00a0 &#8222;<br>Gott Heiliger Geist<br>Heilige Dreifaltigkeit, ein einiger Gott<br>Geist des Vaters und des Sohnes<br>Geist der Weisheit und des Verstandes<br>Geist des Rates und der St\u00e4rke<br>Geist der Wissenschaft und der Fr\u00f6mmigkeit<br>Geist der Furcht Gottes<br>Geist des Glaubens, der Hoffnung und der Liebe<br>Geist der Freude und des Friedens<br>Geist der Demut und Sanftmut<br>Geist der Geduld und Langmut<br>Geist der G\u00fcte und Erbarmung<br>Geist der Keuschheit und Reinheit<br>Geist der Treue und Wahrhaftigkeit<br>Geist der Heiligkeit und Gerechtigkeit<br>Geist der Vollkommenheit<br>Geist der auserw\u00e4hlten Kinder Gottes<br>Du Lehrer und Besch\u00fctzer der Kirche<br>Du Erforscher der menschlichen Herzen<br>Du Ausspender aller himmlischen Gnaden<br>Du Tr\u00f6ster der Betr\u00fcbten<br>Du ewiges Licht<br>Du heiliges Feuer<br>Du Brunn des Lebens<br>Du Salbung des Geistes<br>Du Freude der Engel<br>Du Erleuchter der Patriarchen<br>Du Einsprecher der Propheten<br>Du Lehrer der Apostel<br>Du St\u00e4rke der M\u00e4rtyrer<br>Du Trost der Bekenner<br>Du Reinheit der Jungfrauen<br>Du Seligkeit aller Heiligen<br>Sei uns gn\u00e4dig \u2013 Verschone uns, o Herr!<br>Sei uns gn\u00e4dig \u2013 Erh\u00f6re uns, o Herr!<br>Von allem \u00dcbel \u2013 Erl\u00f6se uns, o Herr!<br>Von aller S\u00fcnde &#8211; \u00a0 \u00a0&#8222;<br>Von den Versuchungen des b\u00f6sen Feindes<br>Vom Geist des Irrtums und der L\u00fcge<br>Vom Geist des Unglaubens und des Aberglaubens<br>Vom Geist der Hoffart und des Neides<br>Vom Geist der L\u00e4sterung und Verleumdung<br>Vom Geist der Unlauterkeit<br>Vom Geist der Begierlichkeit und Tr\u00e4gheit<br>Von Vermessenheit und Verzweiflung<br>Vom Widerstreben gegen die erkannte Wahrheit<br>Von einem verstockten und unbu\u00dffertigen Herzen<br>Von einem j\u00e4hen und unversehenen Tode<br>Am Tage des Gerichtes<br>Wir arme S\u00fcnder \u2013 Wir bitten Dich, erh\u00f6re uns!<br>Da\u00df Du die Glieder der wahren Kirche beleben und heiligen wollest<br>Da\u00df Du die heilige katholische Kirche regieren und erhalten wollest<br>Da\u00df Du den apostolischen Oberhirten erleuchten und festigen wollest<br>Da\u00df Du alle Irrlehren ausrotten wollest<br>Da\u00df Du alle V\u00f6lker vers\u00f6hnen und im Frieden erhalten wollest<br>Da\u00df Du alle V\u00f6lker zur Einheit des Glaubens und der Liebe f\u00fchren wollest<br>Da\u00df Du uns mit Deiner Gnade zu allem Guten antreiben und st\u00e4rken wollest<br>Da\u00df Du die christliche Jugend mit Deinen heiligen Gaben erf\u00fcllen wollest<br>Da\u00df Du uns die Gnade der Beharrlichkeit verleihen wollest<br>Da\u00df Du die Seelen im Fegfeuer heimsuchen und ewig beseligen wollest<br>O Du Lamm Gottes, das Du hinwegnimmst die S\u00fcnden der Welt \u2013 Verschone uns, o Herr!<br>O Du Lamm Gottes, das Du hinwegnimmst die S\u00fcnden der Welt \u2013 Erh\u00f6re uns, o Herr!<br>O Du Lamm Gottes, das Du hinwegnimmst die S\u00fcnden der Welt \u2013 Erbarme Dich unser!<br>V. Sende aus Deinen Geist, und alles wird neu geschaffen. (Alleluja)<br>A. Und Du erneuerst das Angesicht der Erde. (Alleluja)<br>Lasset uns beten! O Gott, dem jedes Herz offen steht, zu dem selbst das Wollen redet und dem nichts Geheimes verborgen ist: reinige durch die Eingie\u00dfung des Heiligen Geistes die Gedanken unserer Herzen, damit wir Dich vollkommen zu lieben und w\u00fcrdig zu loben verm\u00f6gen. Durch Christus, unsern Herrn. Amen.<\/p>\n\n\n\n<p>Litanei zum Heiligen Geist<br><br>Herr, erbarme Dich unser!<br>Christus, erbarme Dich unser!<br>Herr, erbarme Dich unser!<br>Christus, h\u00f6re uns! \u2013<br>Christus, erh\u00f6re uns!<br>Gott Vater vom Himmel \u2013 Erbarme Dich unser!<br>Gott Sohn, Erl\u00f6ser der Welt&nbsp; &nbsp;&#8222;<br>Gott Heiliger Geist<br>Heilige Dreifaltigkeit, ein einiger Gott<br>O Geist der Weisheit und des Verstandes<br>O Geist des Rates und der St\u00e4rke<br>O Geist der Erkenntnis und der Gottseligkeit.<br>O Geist der Furcht des Herrn<br>O Geist des Glaubens, der Hoffnung und der Liebe<br>O Geist der Freude und des Friedens<br>O Geist der Demut und Sanftmut<br>O Geist der Geduld und Langmut<br>O Geist der G\u00fcte und Erbarmung<br>O Geist der Keuschheit und Reinigkeit<br>O Geist der Treue und Wahrhaftigkeit<br>O Geist der Heiligkeit und Gerechtigkeit<br>O Geist der Vollkommenheit<br>O Geist der auserw\u00e4hlten Kinder Gottes<br>Du Regierer und Besch\u00fctzer der Kirche<br>Du Erforscher der menschlichen Herzen<br>Du Ausspender aller himmlischen Gnaden<br>Du Tr\u00f6ster der Betr\u00fcbten<br>Du ewiges Licht<br>Du seliges Feuer<br>Du Quelle des Lebens<br>Du Salbung des Geistes<br>Du Freude der Engel<br>Du Erleuchter der Patriarchen<br>Du Einsprecher der Propheten<br>Du Lehrer der Apostel<br>Du St\u00e4rke und Sieg der M\u00e4rtyrer<br>Du Trost der Bekenner<br>Du Reinigkeit der Jungfrauen<br>Du Seligkeit aller Heiligen<br>Sei uns gn\u00e4dig \u2013 Verschone uns, o Heiliger Geist!<br>Sei uns gn\u00e4dig \u2013 Erh\u00f6re uns, o Heiliger Geist!<br>Von allem \u00dcbel \u2013 Erl\u00f6se uns, o Heiliger Geist!<br>Von aller S\u00fcnde &#8211;&nbsp; &nbsp; &#8222;<br>Von den Versuchungen des b\u00f6sen Feindes<br>Vom Geiste des Irrtums und der L\u00fcge<br>Vom Geiste des Unglaubens und des Aberglaubens<br>Vom Geiste der Hoffart und des Neides<br>Vom Geiste der L\u00e4sterung und der Verleumdung<br>Vom Geiste der Unreinigkeit<br>Vom Geiste der Begierlichkeit und Tr\u00e4gheit<br>Von Vermessenheit und Verzweiflung<br>Vom Widerstreben gegen die erkannte Wahrheit<br>Von einem verstockten und unbu\u00dffertigen Herzen<br>Von einem j\u00e4hen und unversehenen Tode<br>Am Tage des Gerichtes<br>Wir arme S\u00fcnder \u2013 Wir bitten Dich, erh\u00f6re uns!<br>Da\u00df Du die Kinder der wahren Kirche beleben und heiligen wollest.<br>Da\u00df Du die heilige katholische Kirche regieren und erhalten wollest<br>Da\u00df Du den apostolischen Oberhirten erleuchten und befestigen wollest<br>Da\u00df Du alle Irrglauben ausrotten wollest<br>Da\u00df Du die christlichen F\u00fcrsten vereinigen und in Frieden erhalten wollest.<br>Da\u00df Du alle V\u00f6lker zur Erkenntnis und Einigkeit des wahren Glaubens f\u00fchren wollest.<br>Das Du uns mit Deiner Gnade zuvorkommen und beistehen wollest.<br>Da\u00df Du die christliche Jugend mit Deinen heiligen Gaben erf\u00fcllen wollest<br>Da\u00df Du die Seelen im Fegfeuer heimsuchen und ewig beseligen wollest<br>O Du Lamm Gottes, das Du hinwegnimmst die S\u00fcnden der Welt \u2013 Verschone uns, o Herr!<br>O Du Lamm Gottes, das Du hinwegnimmst die S\u00fcnden der Welt \u2013 Erh\u00f6re uns, o Herr!<br>O Du Lamm Gottes, das Du hinwegnimmst die S\u00fcnden der Welt \u2013 Erbarme Dich unser!<br>V. Sende Deinen Heiligen Geist aus, und alles wird neu geschaffen. (Alleluja)<br>A. Und Du wirst das Angesicht der Erde erneuern. (Alleluja)<br>Komm Heiliger Geist, erf\u00fclle die Herzen Deiner Gl\u00e4ubigen<br>Und entz\u00fcnde in ihnen das Feuer Deiner Liebe<br>Gebet. O Gott, der Du die Herzen der Gl\u00e4ubigen durch die Erleuchtung des Heiligen Geistes gelehrt hast: gib, dass wir in demselben Geiste das, was recht ist, verstehen und seines Trostes uns allzeit erfreuen. Durch Christus unsern Herrn. Amen.<br>Q: Laudate katholisches Andachtsbuch auch zum Gebrauche bei dem&nbsp; \u00f6ffentlichen Gottesdienste im Bistum Augsburg 1925<\/p>\n","protected":false},"excerpt":{"rendered":"<p>Die verl\u00e4ngerte Form der Hl. Geist Litaneivon Kardinal MercierHerr, erbarme Dich unser!Christus, erbarme Dich unser!Herr, erbarme Dich unser!Christus, h\u00f6re uns! \u2013 Christus, erh\u00f6re uns!Gott Vater vom Himmel \u2013 Erbarme Dich unser!Gott Sohn, Erl\u00f6ser der Welt \u00a0 &#8222;Gott Heiliger GeistHeilige Dreifaltigkeit, &hellip; <a href=\"https:\/\/ecclesiae.de\/blog\/?page_id=10520\">Weiterlesen <span class=\"meta-nav\">&rarr;<\/span><\/a><\/p>\n","protected":false},"author":3,"featured_media":0,"parent":10496,"menu_order":0,"comment_status":"closed","ping_status":"closed","template":"","meta":{"footnotes":""},"class_list":["post-10520","page","type-page","status-publish","hentry"],"_links":{"self":[{"href":"https:\/\/ecclesiae.de\/blog\/index.php?rest_route=\/wp\/v2\/pages\/10520","targetHints":{"allow":["GET"]}}],"collection":[{"href":"https:\/\/ecclesiae.de\/blog\/index.php?rest_route=\/wp\/v2\/pages"}],"about":[{"href":"https:\/\/ecclesiae.de\/blog\/index.php?rest_route=\/wp\/v2\/types\/page"}],"author":[{"embeddable":true,"href":"https:\/\/ecclesiae.de\/blog\/index.php?rest_route=\/wp\/v2\/users\/3"}],"replies":[{"embeddable":true,"href":"https:\/\/ecclesiae.de\/blog\/index.php?rest_route=%2Fwp%2Fv2%2Fcomments&post=10520"}],"version-history":[{"count":1,"href":"https:\/\/ecclesiae.de\/blog\/index.php?rest_route=\/wp\/v2\/pages\/10520\/revisions"}],"predecessor-version":[{"id":10521,"href":"https:\/\/ecclesiae.de\/blog\/index.php?rest_route=\/wp\/v2\/pages\/10520\/revisions\/10521"}],"up":[{"embeddable":true,"href":"https:\/\/ecclesiae.de\/blog\/index.php?rest_route=\/wp\/v2\/pages\/10496"}],"wp:attachment":[{"href":"https:\/\/ecclesiae.de\/blog\/index.php?rest_route=%2Fwp%2Fv2%2Fmedia&parent=10520"}],"curies":[{"name":"wp","href":"https:\/\/api.w.org\/{rel}","templated":true}]}}