{"id":10522,"date":"2022-07-22T08:23:50","date_gmt":"2022-07-22T08:23:50","guid":{"rendered":"http:\/\/ecclesiae.de\/blog\/?page_id=10522"},"modified":"2022-07-22T08:23:50","modified_gmt":"2022-07-22T08:23:50","slug":"herz-jesu-litanei-alt","status":"publish","type":"page","link":"https:\/\/ecclesiae.de\/blog\/?page_id=10522","title":{"rendered":"Herz Jesu Litanei (alt)"},"content":{"rendered":"\n<figure class=\"wp-block-table\"><table><tbody><tr><td><\/td><td>&nbsp;<\/td><\/tr><tr><td>\u00c4lteste deutsche Herz-Jesu-Litanei von 1699<br>(Zum Privatgebrauch.)<br><br>Herz Jesu in dem Sakramente des Altares, &#8211; erbarme dich unser,<br>\u2028Herz Jesu, du gr\u00f6\u00dfte Freude des Vaters,\u2028<br>Herz Jesu, du Ruhest\u00e4tte des Sohnes,<br>\u2028Herz Jesu, du Werkzeug des heiligen Geistes,\u2028<br>Herz Jesu, du Ehrensaal der heiligsten Dreifaltigkeit,\u2028<br>Herz Jesu, du Thron der vollkommensten Seele,\u2028<br>Herz Jesu, du wahre Freude der Jungfrau Maria,\u2028<br>Herz Jesu, du st\u00e4ndiger Sitz der g\u00f6ttlichen Liebe,\u2028<br>Herz Jesu, du reichste Schatzkammer aller Gaben Gottes,<br>\u2028Herz Jesu, du Spiegel aller Tugenden,\u2028<br>Herz Jesu, du Paradies aller Heiligen,\u2028<br>Herz Jesu, du Herz unseres besten Freundes,\u2028<br>Herz Jesu, du Herz unseres gr\u00f6\u00dften Liebhabers,\u2028<br>Herz Jesu, du reinstes Herz,\u2028<br>Herz Jesu, du dem\u00fctigstes Herz\u2028<br>Herz Jesu, du sanftm\u00fctigstes Herz<br>\u2028Herz Jesu, du geduldigstes Herz\u2028<br>Herz Jesu, du liebreichstes Herz,<br>\u2028Herz Jesu, du treuestes Herz,\u2028<br>Herz Jesu, du erbarmungsvollstes Herz,\u2028<br>Herz Jesu, du liebensw\u00fcrdigstes Herz\u2028<br>Herz Jesu, du Buch der Auserw\u00e4hlten,\u2028<br>Herz Jesu, du Arznei der Schwachen,\u2028<br>Herz Jesu, du Arche der Bedr\u00e4ngten,\u2028<br>Herz Jesu, du feste Burg der Angefochtenen,\u2028<br>Herz Jesu, du Freudensonne der Traurigen,\u2028<br>Herz Jesu, du Himmelsbrot der Hungrigen,\u2028<br>Herz Jesu, du Gnadenquell der D\u00fcrstenden,\u2028<br>Herz Jesu, du S\u00fchnopfer der S\u00fcnder,\u2028<br>Herz Jesu, du Lebensbaum der Sterbenden,\u2028\u2028<br><br>O Herz des Lammes Gottes, das hinweg nimmt die S\u00fcnden der Welt, &#8211; verschone uns.\u2028<br>O Herz des Lammes Gottes, das hinweg nimmt die S\u00fcnden der Welt, &#8211; erh\u00f6re uns.\u2028<br>O Herz des Lammes Gottes, das hinweg nimmt die S\u00fcnden der Welt, &#8211; erbarme dich unser.\u2028\u2028<br>Herz Jesu sei gebenedeit; jetzt und in Ewigkeit.<br><br><strong>\u2028\u2028Lasset uns beten.<\/strong><br>Liebreichster Jesu, der du, um unsre Herzen durch Liebe g\u00e4nzlich an dich zu ziehen, dein heiligstes Herz in dem heiligen Sakramente des Altares zur Speise<br>und zum Troste uns hast darreichen wollen, erh\u00f6re das Gebet derer, die dich anrufen,<br>und verleihe gn\u00e4diglich, dass alle, welche die Entehrungen<br>und die Undankbarkeit der Menschen gegen dieses g\u00f6ttliche Herz verabscheuen<br>und beweinen, und, um sie zu ersetzen, ihm m\u00f6glichst Ehre zu beweisen sich bem\u00fchen,<br>mit der Liebe dieses heiligsten Herzens entz\u00fcndet werden<br>und deine G\u00fcte, die sie erfahren, ewig loben und preisen m\u00f6gen. \u2028Amen.<\/td><\/tr><\/tbody><\/table><\/figure>\n","protected":false},"excerpt":{"rendered":"<p>&nbsp; \u00c4lteste deutsche Herz-Jesu-Litanei von 1699(Zum Privatgebrauch.) Herz Jesu in dem Sakramente des Altares, &#8211; erbarme dich unser,\u2028Herz Jesu, du gr\u00f6\u00dfte Freude des Vaters,\u2028Herz Jesu, du Ruhest\u00e4tte des Sohnes,\u2028Herz Jesu, du Werkzeug des heiligen Geistes,\u2028Herz Jesu, du Ehrensaal der heiligsten &hellip; <a href=\"https:\/\/ecclesiae.de\/blog\/?page_id=10522\">Weiterlesen <span class=\"meta-nav\">&rarr;<\/span><\/a><\/p>\n","protected":false},"author":3,"featured_media":0,"parent":10496,"menu_order":0,"comment_status":"closed","ping_status":"closed","template":"","meta":{"footnotes":""},"class_list":["post-10522","page","type-page","status-publish","hentry"],"_links":{"self":[{"href":"https:\/\/ecclesiae.de\/blog\/index.php?rest_route=\/wp\/v2\/pages\/10522","targetHints":{"allow":["GET"]}}],"collection":[{"href":"https:\/\/ecclesiae.de\/blog\/index.php?rest_route=\/wp\/v2\/pages"}],"about":[{"href":"https:\/\/ecclesiae.de\/blog\/index.php?rest_route=\/wp\/v2\/types\/page"}],"author":[{"embeddable":true,"href":"https:\/\/ecclesiae.de\/blog\/index.php?rest_route=\/wp\/v2\/users\/3"}],"replies":[{"embeddable":true,"href":"https:\/\/ecclesiae.de\/blog\/index.php?rest_route=%2Fwp%2Fv2%2Fcomments&post=10522"}],"version-history":[{"count":1,"href":"https:\/\/ecclesiae.de\/blog\/index.php?rest_route=\/wp\/v2\/pages\/10522\/revisions"}],"predecessor-version":[{"id":10523,"href":"https:\/\/ecclesiae.de\/blog\/index.php?rest_route=\/wp\/v2\/pages\/10522\/revisions\/10523"}],"up":[{"embeddable":true,"href":"https:\/\/ecclesiae.de\/blog\/index.php?rest_route=\/wp\/v2\/pages\/10496"}],"wp:attachment":[{"href":"https:\/\/ecclesiae.de\/blog\/index.php?rest_route=%2Fwp%2Fv2%2Fmedia&parent=10522"}],"curies":[{"name":"wp","href":"https:\/\/api.w.org\/{rel}","templated":true}]}}