{"id":10526,"date":"2022-07-22T08:31:48","date_gmt":"2022-07-22T08:31:48","guid":{"rendered":"http:\/\/ecclesiae.de\/blog\/?page_id=10526"},"modified":"2022-07-22T08:31:48","modified_gmt":"2022-07-22T08:31:48","slug":"litanei-zum-troste-der-armen-seelen","status":"publish","type":"page","link":"https:\/\/ecclesiae.de\/blog\/?page_id=10526","title":{"rendered":"Litanei zum Troste der Armen Seelen"},"content":{"rendered":"\n<figure class=\"wp-block-table\"><table><tbody><tr><td><strong>Litanei zum Troste der Armen Seelen (Alte Version)<\/strong><br><\/td><td>&nbsp;<\/td><\/tr><tr><td><br>Herr, erbarme dich ihrer &#8211; \u00a0 \u00a0 \u00a0Herr, erbarme dich ihrer<br>Christus, erbarme dich ihrer &#8211; Christus, erbarme dich ihrer<br>Herr, erbarme dich ihrer &#8211; \u00a0 \u00a0 \u00a0Herr, erbarme dich ihrer<br>Christus, h\u00f6re uns &#8211; \u00a0 \u00a0 \u00a0 \u00a0 \u00a0 \u00a0 \u00a0 Christus, erh\u00f6re uns<br>Gott Vater im Himmel &#8211; \u00a0 \u00a0 \u00a0 \u00a0 \u00a0erbarme dich ihrer<br>Gott Sohn, Erl\u00f6ser der Welt &#8211; \u00a0erbarme dich ihrer<br>Gott Heiliger Geist &#8211; \u00a0 \u00a0 \u00a0 \u00a0 \u00a0 \u00a0 \u00a0 erbarme dich ihrer<br>Heilige Dreifaltigkeit,<br>ein einiger Gott &#8211; \u00a0 \u00a0 \u00a0 \u00a0 \u00a0 \u00a0 \u00a0 \u00a0 \u00a0 erbarme dich ihrer<br>Heilige Maria, &#8211; \u00a0 \u00a0 \u00a0 \u00a0 \u00a0 \u00a0 \u00a0 \u00a0 \u00a0 \u00a0 \u00a0 \u00a0 \u00a0 \u00a0 bitte f\u00fcr sie<br>Du Mutter der g\u00f6ttlichen Gnade \u00a0 \u00a0 \u00a0 \u00a0 \u00a0\u00a0 \u00a0 &#8222;<br>Du Mutter der Barmherzigkeit \u00a0 \u00a0 \u00a0 \u00a0 \u00a0 \u00a0 \u00a0\u00a0 &#8222;<br>Du Pforte des Himmels \u00a0 \u00a0 \u00a0 \u00a0 \u00a0 \u00a0 \u00a0 \u00a0 \u00a0 \u00a0 \u00a0\u00a0 \u00a0 &#8222;<br>Du Tr\u00f6sterin der Betr\u00fcbten \u00a0 \u00a0 \u00a0 \u00a0 \u00a0 \u00a0 \u00a0 \u00a0 \u00a0\u00a0 &#8222;<br><br>Heiliger Erzengel Michael \u00a0 \u00a0 \u00a0 \u00a0 \u00a0 \u00a0 \u00a0 \u00a0 \u00a0 \u00a0\u00a0 \u00a0&#8222;<br>Alle heiligen Engel \u00a0 \u00a0 \u00a0 \u00a0 \u00a0 \u00a0 \u00a0 \u00a0 \u00a0 \u00a0 \u00a0 \u00a0 \u00a0 \u00a0 \u00a0\u00a0 &#8222;<br>Heiliger Johannes der T\u00e4ufer \u00a0 \u00a0 \u00a0 \u00a0 \u00a0 \u00a0 \u00a0\u00a0 \u00a0&#8222;<br>Alle heiligen Patriarchen \u00a0 \u00a0 \u00a0 \u00a0 \u00a0 \u00a0 \u00a0 \u00a0 \u00a0 \u00a0 \u00a0\u00a0&#8222;<br>Alle heiligen Apostel und Evangelisten \u00a0 \u00a0bittet f\u00fcr sie<br>Alle heiligen J\u00fcnger des Herrn \u00a0 \u00a0 \u00a0 \u00a0 \u00a0 \u00a0 \u00a0 \u00a0 \u00a0 \u00a0\u00a0&#8222;<br>Alle heiligen unschuldigen Kinder \u00a0 \u00a0 \u00a0 \u00a0 \u00a0 \u00a0 \u00a0\u00a0 \u00a0&#8222;<br>Alle heiligen M\u00e4rtyrer \u00a0 \u00a0 \u00a0 \u00a0 \u00a0 \u00a0 \u00a0 \u00a0 \u00a0 \u00a0 \u00a0 \u00a0 \u00a0 \u00a0 \u00a0 \u00a0 \u00a0&#8222;<br>Alle heiligen Bisch\u00f6fe und Bekenner \u00a0 \u00a0 \u00a0 \u00a0 \u00a0 \u00a0 &#8222;<br>Alle heiligen Kirchenlehrer \u00a0 \u00a0 \u00a0 \u00a0 \u00a0 \u00a0 \u00a0 \u00a0 \u00a0 \u00a0 \u00a0 \u00a0 \u00a0 &#8222;<br>Alle heiligen Priester und Leviten \u00a0 \u00a0 \u00a0 \u00a0 \u00a0 \u00a0 \u00a0 \u00a0 \u00a0&#8222;<br>Alle heiligen M\u00f6nche und Einsiedler \u00a0 \u00a0 \u00a0 \u00a0 \u00a0 \u00a0 \u00a0 &#8222;<br>Alle heiligen Jungfrauen und Witwen \u00a0 \u00a0 \u00a0 \u00a0 \u00a0 \u00a0 &#8222;<br>Alle Heiligen Gottes \u00a0 \u00a0 \u00a0 \u00a0 \u00a0 \u00a0 \u00a0 \u00a0 \u00a0 \u00a0 \u00a0 \u00a0 \u00a0 \u00a0 \u00a0 \u00a0 \u00a0 \u00a0 &#8222;<br><br>Sei Ihnen gn\u00e4dig &#8211; \u00a0 \u00a0 \u00a0 \u00a0 \u00a0 \u00a0 \u00a0 \u00a0 \u00a0 \u00a0 \u00a0 \u00a0 \u00a0 \u00a0 \u00a0 \u00a0 \u00a0 \u00a0 \u00a0verschone sie, o Herr<br>Sei Ihnen gn\u00e4dig &#8211; \u00a0 \u00a0 \u00a0 \u00a0 \u00a0 \u00a0 \u00a0 \u00a0 \u00a0 \u00a0 \u00a0 \u00a0 \u00a0 \u00a0 \u00a0 \u00a0 \u00a0 \u00a0 \u00a0erl\u00f6se sie, o Herr<br>Von allem \u00dcbel &#8211; \u00a0 \u00a0 \u00a0 \u00a0 \u00a0 \u00a0 \u00a0 \u00a0 \u00a0 \u00a0 \u00a0 \u00a0 \u00a0 \u00a0 \u00a0 \u00a0 \u00a0 \u00a0 \u00a0 \u00a0 erl\u00f6se sie, o Herr<br>Von deinem Zorne &#8211; \u00a0 \u00a0 \u00a0 \u00a0 \u00a0 \u00a0 \u00a0 \u00a0 \u00a0 \u00a0 \u00a0 \u00a0 \u00a0 \u00a0 \u00a0 \u00a0 \u00a0 \u00a0erl\u00f6se sie, o Herr<br>Von der Strenge deiner Gerechtigkeit &#8211; \u00a0 \u00a0 \u00a0 \u00a0 erl\u00f6se sie, o Herr<br>Von dem nagendem Wurm des Gewissens &#8211; \u00a0erl\u00f6se sie, o Herr<br>Von der tiefen Traurigkeit &#8211; \u00a0 \u00a0 \u00a0 \u00a0 \u00a0 \u00a0 \u00a0 \u00a0 \u00a0 \u00a0 \u00a0 \u00a0 \u00a0erl\u00f6se sie, o Herr<br>Von der schmerzlichen Sehnsucht &#8211; \u00a0 \u00a0 \u00a0 \u00a0 \u00a0 \u00a0 \u00a0 erl\u00f6se sie, o Herr<br>Von der harten Gefangenschaft &#8211; \u00a0 \u00a0 \u00a0 \u00a0 \u00a0 \u00a0 \u00a0 \u00a0 \u00a0erl\u00f6se sie, o Herr<br>Von dem verzehrenden Feuer &#8211; \u00a0 \u00a0 \u00a0 \u00a0 \u00a0 \u00a0 \u00a0 \u00a0 \u00a0 \u00a0erl\u00f6se sie, o Herr<br>Von allen Strafen &#8211; \u00a0 \u00a0 \u00a0 \u00a0 \u00a0 \u00a0 \u00a0 \u00a0 \u00a0 \u00a0 \u00a0 \u00a0 \u00a0 \u00a0 \u00a0 \u00a0 \u00a0 \u00a0 \u00a0erl\u00f6se sie, o Herr<br><br>Durch deine wunderbare Menschwerdung &#8211; \u00a0 \u00a0erl\u00f6se sie, o Herr<br>Durch deine heilige Geburt &#8211; \u00a0 \u00a0 \u00a0 \u00a0 \u00a0 \u00a0 \u00a0 \u00a0 \u00a0 \u00a0 \u00a0 \u00a0 erl\u00f6se sie, o Herr<br>Durch deinen liebreichen Namen &#8211; \u00a0 \u00a0 \u00a0 \u00a0 \u00a0 \u00a0 \u00a0 \u00a0erl\u00f6se sie, o Herr<br>Durch deine Taufe und dein heiliges Fasten &#8211; erl\u00f6se sie, o Herr<br>Durch deine tiefe Demut &#8211; \u00a0 \u00a0 \u00a0 \u00a0 \u00a0 \u00a0 \u00a0 \u00a0 \u00a0 \u00a0 \u00a0 \u00a0 \u00a0 \u00a0erl\u00f6se sie, o Herr<br>Durch deinen vollkommenen Gehorsam &#8211; \u00a0 \u00a0 \u00a0erl\u00f6se sie, oh Herr<br>Durch deine \u00e4u\u00dferste Armut &#8211; \u00a0 \u00a0 \u00a0 \u00a0 \u00a0 \u00a0 \u00a0 \u00a0 \u00a0 \u00a0 erl\u00f6se sie, oh Herr<br>Durch deine Geduld und Sanftmut \u00a0 \u00a0 \u00a0 \u00a0 \u00a0 \u00a0 \u00a0 \u00a0 \u00a0 \u00a0 \u00a0 \u00a0&#8222;<br>Durch deine unendliche Liebe \u00a0 \u00a0 \u00a0 \u00a0 \u00a0 \u00a0 \u00a0 \u00a0 \u00a0 \u00a0 \u00a0 \u00a0\u00a0 \u00a0 \u00a0 &#8220; \u00a0 \u00a0 \u00a0<br>Durch deine bitteren Leiden \u00a0 \u00a0 \u00a0 \u00a0 \u00a0 \u00a0 \u00a0 \u00a0 \u00a0 \u00a0 \u00a0 \u00a0 \u00a0 \u00a0\u00a0 \u00a0 \u00a0&#8222;<br>Durch deinen blutigen Angstschwei\u00df \u00a0 \u00a0 \u00a0 \u00a0 \u00a0 \u00a0 \u00a0 \u00a0 \u00a0\u00a0 \u00a0&#8222;<br>Durch deine Gefangenschaft \u00a0 \u00a0 \u00a0 \u00a0 \u00a0 \u00a0 \u00a0 \u00a0 \u00a0 \u00a0 \u00a0 \u00a0 \u00a0 \u00a0 \u00a0\u00a0 &#8222;<br>Durch deine schmerzliche Gei\u00dfelung \u00a0 \u00a0 \u00a0 \u00a0 \u00a0 \u00a0 \u00a0 \u00a0 \u00a0\u00a0 \u00a0&#8222;<br>Durch deine schmachvolle Dornenkr\u00f6nung \u00a0 \u00a0 \u00a0 \u00a0 \u00a0 \u00a0&#8222;<br>Durch deine schimpfliche Verspottung \u00a0 \u00a0 \u00a0 \u00a0 \u00a0 \u00a0 \u00a0\u00a0 \u00a0\u00a0&#8222;<br>Durch deine ungerechte Verurteilung \u00a0 \u00a0 \u00a0 \u00a0 \u00a0 \u00a0 \u00a0\u00a0 \u00a0\u00a0 &#8222;<br>Durch deinen m\u00fchseligen Kreuzweg \u00a0 \u00a0 \u00a0 \u00a0 \u00a0 \u00a0 \u00a0 \u00a0\u00a0 \u00a0\u00a0&#8222;<br>Durch deine grausame Kreuzigung \u00a0 \u00a0 \u00a0 \u00a0 \u00a0 \u00a0 \u00a0 \u00a0 \u00a0 \u00a0 \u00a0&#8222;<br>Durch deine qualvolle Verlassenheit \u00a0 \u00a0 \u00a0 \u00a0 \u00a0 \u00a0 \u00a0 \u00a0 \u00a0 \u00a0&#8222;<br>Durch deinen heiligen Tod &#8211; \u00a0 \u00a0 \u00a0 \u00a0 \u00a0 \u00a0 \u00a0 \u00a0 \u00a0 \u00a0 \u00a0 \u00a0 \u00a0 erl\u00f6se sie, o Herr<br>Durch deine heiligen f\u00fcnf Wunden &#8211; \u00a0 \u00a0 \u00a0 \u00a0 \u00a0 \u00a0 \u00a0 \u00a0erl\u00f6se sie, o Herr<br>Durch dein heiligstes Herz &#8211; \u00a0 \u00a0 \u00a0 \u00a0 \u00a0 \u00a0 \u00a0 \u00a0 \u00a0 \u00a0 \u00a0 \u00a0 \u00a0\u00a0erl\u00f6se sie, o Herr<br>Durch deine glorreiche Auferstehung &#8211; \u00a0 \u00a0 \u00a0 \u00a0 \u00a0 \u00a0erl\u00f6se sie, o Herr<br>Durch deine wunderbare Himmelfahrt- \u00a0 \u00a0 \u00a0 \u00a0 \u00a0 erl\u00f6se sie, o Herr<br>Durch die Sendung des Heiligen Geistes &#8211; \u00a0 \u00a0 \u00a0 erl\u00f6se sie, o Herr<br>Durch die Verdienste<br>und die F\u00fcrbitte deiner heiligen Mutter &#8211; \u00a0 \u00a0 \u00a0 \u00a0 erl\u00f6se sie, o Herr<br>Durch die Verdienste<br>und die F\u00fcrbitte aller deiner Heiligen &#8211; \u00a0 \u00a0 \u00a0 \u00a0 \u00a0 erl\u00f6se sie, o Herr<br><br>Wir armen S\u00fcnder &#8211; \u00a0 \u00a0 \u00a0 \u00a0 \u00a0 \u00a0 \u00a0 \u00a0 \u00a0 \u00a0 \u00a0 \u00a0 \u00a0 \u00a0 \u00a0 \u00a0 \u00a0 \u00a0 \u00a0 \u00a0 \u00a0 \u00a0 \u00a0 \u00a0 \u00a0 \u00a0 \u00a0 \u00a0 \u00a0 \u00a0 \u00a0 \u00a0 \u00a0 \u00a0 \u00a0 \u00a0 \u00a0 \u00a0 \u00a0 \u00a0 \u00a0 \u00a0 Wir bitten dich, erh\u00f6re uns<br>Dass du die leidenden Seelen verschonen wollest &#8211; \u00a0 \u00a0 \u00a0 \u00a0 \u00a0 \u00a0 \u00a0 \u00a0 \u00a0 \u00a0 \u00a0 \u00a0 \u00a0 \u00a0 \u00a0 \u00a0 \u00a0 \u00a0 \u00a0 \u00a0 \u00a0Wir bitten dich, erh\u00f6re uns<br>Dass du sie aus ihren Peinen und Qualen erretten wollest &#8211; \u00a0 \u00a0 \u00a0 \u00a0 \u00a0 \u00a0 \u00a0 \u00a0 \u00a0 \u00a0 \u00a0 \u00a0 \u00a0 \u00a0 \u00a0 Wir bitten dich, erh\u00f6re uns<br>Dass du sie aller guten Werke der ganzen Christenheit teilhaft machen wollest &#8211; Wir bitten dich, erh\u00f6re uns<br>Dass du unser Gebet f\u00fcr sie allzeit erh\u00f6hen wollest &#8211; \u00a0 \u00a0 \u00a0 \u00a0 \u00a0 \u00a0 \u00a0 \u00a0 \u00a0 \u00a0 \u00a0 \u00a0 \u00a0 \u00a0 \u00a0 \u00a0 \u00a0 \u00a0 \u00a0 \u00a0Wir bitten dich, erh\u00f6re uns<br>Dass du sie durch den heiligen Erzengel Michael<br>und deine heiligen Engel tr\u00f6sten und zum ewigen Lichte f\u00fchren wollest &#8211; \u00a0 \u00a0 \u00a0 \u00a0 \u00a0 Wir bitten dich, erh\u00f6re uns<br>Dass du sie bald mit deiner seligen Anschauung begnaden wollest &#8211; \u00a0 \u00a0 \u00a0 \u00a0 \u00a0 \u00a0 \u00a0 \u00a0 \u00a0 Wir bitten dich, erh\u00f6re uns<br>Dass du unsern verstorbenen Eltern, Geschwistern, Freunden<br>und Wohlt\u00e4tern die ewigen G\u00fcter verleihen wollest &#8211; \u00a0 \u00a0 \u00a0 \u00a0 \u00a0 \u00a0 \u00a0 \u00a0 \u00a0 \u00a0 \u00a0 \u00a0 \u00a0 \u00a0 \u00a0 \u00a0 \u00a0 \u00a0 \u00a0 \u00a0Wir bitten dich, erh\u00f6re uns<br>Dass du der Armen Seelen, deren niemand auf Erden gedenkt,<br>dich mildreich erbarmen wollest &#8211; \u00a0 \u00a0 \u00a0 \u00a0 \u00a0 \u00a0 \u00a0 \u00a0 \u00a0 \u00a0 \u00a0 \u00a0 \u00a0 \u00a0 \u00a0 \u00a0 \u00a0 \u00a0 \u00a0 \u00a0 \u00a0 \u00a0 \u00a0 \u00a0 \u00a0 \u00a0 \u00a0 \u00a0 \u00a0 \u00a0 \u00a0 \u00a0 \u00a0 Wir bitten dich, erh\u00f6re uns<br>Dass du allen Christgl\u00e4ubigen<br>barmherzige Liebe zu den Armen Seelen einfl\u00f6\u00dfen wollest &#8211; \u00a0 \u00a0 \u00a0 \u00a0 \u00a0 \u00a0 \u00a0 \u00a0 \u00a0 \u00a0 \u00a0 \u00a0 \u00a0 \u00a0 \u00a0Wir bitten dich, erh\u00f6re uns<br>Dass du allen abgeschiedenen Seelen der Christgl\u00e4ubigen<br>die ewige Ruhe verleihen wollest &#8211; \u00a0 \u00a0 \u00a0 \u00a0 \u00a0 \u00a0 \u00a0 \u00a0 \u00a0 \u00a0 \u00a0 \u00a0 \u00a0 \u00a0 \u00a0 \u00a0 \u00a0 \u00a0 \u00a0 \u00a0 \u00a0 \u00a0 \u00a0 \u00a0 \u00a0 \u00a0 \u00a0 \u00a0 \u00a0 \u00a0 \u00a0 \u00a0 \u00a0Wir bitten dich, erh\u00f6re uns<br>Du K\u00f6nig der Herrlichkeit &#8211; \u00a0 \u00a0 \u00a0 \u00a0 \u00a0 \u00a0 \u00a0 \u00a0 \u00a0 \u00a0 \u00a0 \u00a0 \u00a0 \u00a0 \u00a0 \u00a0 \u00a0 \u00a0 \u00a0 \u00a0 \u00a0 \u00a0 \u00a0 \u00a0 \u00a0 \u00a0 \u00a0 \u00a0 \u00a0 \u00a0 \u00a0 \u00a0 \u00a0 \u00a0 \u00a0 \u00a0 \u00a0 \u00a0 Wir bitten dich, erh\u00f6re uns<br>Jesus Du Sohn Gottes &#8211; \u00a0 \u00a0 \u00a0 \u00a0 \u00a0 \u00a0 \u00a0 \u00a0 \u00a0 \u00a0 \u00a0 \u00a0 \u00a0 \u00a0 \u00a0 \u00a0 \u00a0 \u00a0 \u00a0 \u00a0 \u00a0 \u00a0 \u00a0 \u00a0 \u00a0 \u00a0 \u00a0 \u00a0 \u00a0 \u00a0 \u00a0 \u00a0 \u00a0 \u00a0 \u00a0 \u00a0 \u00a0 \u00a0 \u00a0 \u00a0 \u00a0Wir bitten dich, erh\u00f6re uns<br><br>O Lamm Gottes, das du hinwegnimmst die S\u00fcnden der Welt &#8211; verschone sie, o Herr<br>O Lamm Gottes, das du hinwegnimmst die S\u00fcnden der Welt &#8211; erh\u00f6re sie, o Herr<br>O Lamm Gottes, das du hinwegnimmst die S\u00fcnden der Welt &#8211; erbarme dich ihrer, o Herr<br><br>Von der Pforten des Fegefeuers &#8211; errette, o Herr, ihre Seelen<br><br>Lasset uns beten. O Herr, wir bitten dich, du wollest deinen Dienern und Dienerinnen, die an dich geglaubt und auf dich gehofft haben, deine unendliche Barmherzigkeit erzeigen und ihnen alle Schuld und Stra\u00dfe der S\u00fcnden gn\u00e4dig nachlassen. Durch Christus unseren Herrn &#8211; Amen<br><br>Aus dem Gottedienst 1950<\/td><\/tr><tr><td><\/td><\/tr><\/tbody><\/table><\/figure>\n\n\n\n<figure class=\"wp-block-table\"><table><tbody><tr><td>Noch eine andere sch\u00f6ne Version der Armen Seelen-Litanei, wobei ich die obere als besser befinde, da sie mit einem Ablass versehen ist.<br><br><br>Litanei f\u00fcr die Verstorbenen und zum Trost der Armen Seelen<br>Herr, erbarme Dich der Verstorbenen!<br><br>Christus, erbarme Dich ihrer!<br><br>Herr, erbarme Dich ihrer!<br><br>Christus, h\u00f6re uns!<br><br>Christus, erh\u00f6re uns!<br><br>Gott Vater im Himmel, erbarme Dich ihrer!<br><br>Gott Sohn, Erl\u00f6ser der Welt, erbarme Dich ihrer!<br><br>Gott Heiliger Geist, erbarme Dich ihrer!<br><br>Heilige Dreifaltigkeit ein einiger Gott, erbarme Dich ihrer!<br><br>Heilige Maria, bitte f\u00fcr sie!<br><br>Heilige Gottesgeb\u00e4rerin, bitte f\u00fcr sie!<br><br>Heilige Jungfrau der Jungfrauen, bitte f\u00fcr sie!<br><br>Du schmerzhafte Mutter Gottes ,bitte f\u00fcr sie!<br><br>Du Mutter der Barmherzigkeit, bitte f\u00fcr sie!<br><br>Du Pforte des Himmels, bitte f\u00fcr sie!<br><br>Du Tr\u00f6sterin der Betr\u00fcbten, bitte f\u00fcr sie!<br><br>Alle Heiligen Patriarchen und Propheten, bittet f\u00fcr sie!<br><br>Heiliger Johannes der T\u00e4ufer ,bitte f\u00fcr sie!<br><br>Heiliger Josef, bitte f\u00fcr sie!<br><br>Alle heiligen Apostel und Evangelisten, bittet f\u00fcr sie!<br><br>Alle heiligen J\u00fcnger des Herren, bittet f\u00fcr sie!<br><br>Alle heiligen unschuldigen Kinder, bittet f\u00fcr sie!<br><br>Alle heiligen M\u00e4rtyrer, bittet f\u00fcr sie!<br><br>Alle heiligen Bischofe und Bekenner, bittet f\u00fcr sie!<br><br>Alle heiligen Kirchenlehrer, bittet f\u00fcr sie!<br><br>Alle heiliger Priester und Diakone, bittet f\u00fcr sie!<br><br>Alle heiligen M\u00f6nche und Einsiedler, bittet f\u00fcr sie!<br><br>Alle heiligen Jungfrauen und Witwen, bittet f\u00fcr sie!<br><br>Alle heiligen Gottes, bittet f\u00fcr sie!<br><br>Sei ihnen gn\u00e4dig, verschone sie, o Herr!<br><br>Sei ihnen gn\u00e4dig, erl\u00f6se sie, o Herr!<br><br>Von allem \u00dcbel, erl\u00f6se sie Herr!<br><br>Von Deinem Zorne, erl\u00f6se sie Herr!<br><br>Von der Strenge Deiner Gerecht, erl\u00f6se sie Herr!<br><br>Vom nagenden Wurm des Gewissens, erl\u00f6se sie, o Herr!<br><br>Von der tiefen Traurigkeit, erl\u00f6se sie Herr!<br><br>Von der harten Gefangenschaft, erl\u00f6se sie, o Herr!<br><br>Vom verzehrenden Feuer, erl\u00f6se sie, o Herr!<br><br>Von der schmerzlichen Sehnsucht, erl\u00f6se sie, o Herr!<br><br>Von allen Strafen, erl\u00f6se sie, o Herr!<br><br>Durch Deine wunderbare Menschwerdung, erl\u00f6se sie, o Herr!<br><br>Durch Deine heilige Geburt, erl\u00f6se, sie Herr!<br><br>Durch Deinen heiligen Namen, erl\u00f6se sie, o Herr!<br><br>Durch Deine Taufe und Dein heiligen Fasten, erl\u00f6se sie, o Herr!<br><br>Durch Deine Tiefe Demut, erl\u00f6se sie, o Herr!<br><br>Durch Deinen vollkommenen Gehorsam, erl\u00f6se sie, o Herr!<br><br>Durch Leine \u00e4u\u00dferste Armut, erl\u00f6se sie, o Herr!<br><br>Durch Deine Geduld und Sanftmut, erl\u00f6se sie, o Herr!<br><br>Durch Deine unsagbar gro\u00dfe Liebe, erl\u00f6se sie, o Herr!<br><br>Durch Dein bitteres Leiden, erl\u00f6se sie, o Herr!<br><br>Durch Deinen heiligen Angstschwei\u00df, erl\u00f6se sie, o Herr!<br><br>Durch Deine Gefangennahme, erl\u00f6se sie, o Herr!<br><br>Durch Deine schmerzliche Genesung, erl\u00f6se sie, o Herr!<br><br>Durch Deine schimpfliche Verspottung, erl\u00f6se sie, o Herr!<br><br>Durch Deine ungerechte Verurteilung, erl\u00f6se sie, o Herr!<br><br>Durch Deine m\u00fchevolle Kreuztragung, erl\u00f6se sie, o Herr!<br><br>Durch Deine grausame Kreuzigung, erl\u00f6se sie, o Herr!<br><br>Durch Deine qualvolle Verlassenheit, erl\u00f6se sie, o Herr!<br><br>Durch Deinen heiligen Opfertod, erl\u00f6se sie, o Herr!<br><br>Durch Deine heiligen f\u00fcnf Wunden; erl\u00f6se sie, o Herr!<br><br>Durch Dein durchbohrtes Herz, erl\u00f6se sie, o Herr!<br><br>Durch Deine glorreiche Auferstehung, erl\u00f6se sie, o Herr!<br><br>Durch Deine wunderbare Himmelfahrt, erl\u00f6se sie, o Herr!<br><br>Durch sie Sendung des hl. Geistes, erl\u00f6se sie, o Herr!<br><br>Durch die Verdienste und die F\u00fcrbitte Deiner heiligen Mutter, erl\u00f6se sie, o Herr!<br><br>Durch die Verdienste und die F\u00fcrsprache aller Deiner Heiligen, erl\u00f6se sie, o Herr!<br><br>Wir armen S\u00fcnder, wir bitten Dich, erh\u00f6re uns!<br><br>Dass du die leidenden Seelen im Fegefeuer verschonen wollest, wir armen S\u00fcnder, wir bitten Dich, erh\u00f6re uns!<br><br>Dass Du sie aus ihren Peinen und Qualen erretten wollest, wir armen S\u00fcnder, wir bitten Dich, erh\u00f6re uns!<br><br>Dass Du sie aller guten Werke der Christenheit teilhaftig machen wollest, wir armen S\u00fcnder, wir bitten Dich, erh\u00f6re uns!<br><br>Dass Du unser Gebet f\u00fcr sie allezeit erh\u00f6ren wollest, wir armen S\u00fcnder, wir bitten Dich, erh\u00f6re uns!<br><br>Dass Du sie durch den heiligen Erzengel Michael und Deine heiligen Engel tr\u00f6sten und zum ewigen Licht f\u00fchren wollest, wir armen S\u00fcnder, wir bitten Dich, erh\u00f6re uns!<br><br>Dass Du sie bald mit Deiner beseligenden Anschauung begl\u00fccken wollest, wir armen S\u00fcnder, wir bitten Dich, erh\u00f6re uns!<br><br>Dass Du unseren verstorbenen Eltern ,Geschwistern und Wohlt\u00e4tern die ewige Seligkeit verleihen wollest, wir armen S\u00fcnder, wir bitten Dich, erh\u00f6re uns!<br><br>Dass Du dich jener Armen Seelen. an die auf Erden niemand mehr denkt, mildreich erbarmen wollest, wir armen S\u00fcnder, wir bitten Dich, erh\u00f6re uns!<br><br>Dass Du allen Christgl\u00e4ubigen barmherzige liebe zu den Armen Seelen einflossen wollest, wir armen S\u00fcnder, wir bitten Dich, erh\u00f6re uns!<br><br>Dass Du den Seelen aller verstorbenen Christgl\u00e4ubigen die ewige Ruhe verleihen wollest, wir armen S\u00fcnder, wir bitten Dich, erh\u00f6re uns!<br><br>Sohn Gottes K\u00f6nig der ewigen Herrlichkeit, wir armen S\u00fcnder, wir bitten Dich, erh\u00f6re uns!<br><br>Lamm Gottes, du nimmst hinweg die S\u00fcnden der Welt, verschone sie, o Herr!<br><br>Lamm Gottes, du nimmst hinweg die S\u00fcnden der Welt, erh\u00f6re sie, o Herr!<br><br>Lamm Gottes, du nimmst hin die S\u00fcnden der Welt, erbarme Dich ihrer, o Herr!<br><br>Lasset uns beten!<br><br>Gott, Du Herr \u00fcber Leben und Tod, erzeige Deinen Dienern und Dienerinnen, die an Dich geglaubt und auf Dich gehofft haben Deine unendliche Barmherzigkeit. Schenke ihnen Nachlass aller Schuld und Strafe und erl\u00f6se ihre Seelen aus der jenseitigen L\u00e4uterung. Darum bitten wir durch Christus, unseren Herren.<br>Amen<br><br>Herr, gib ihnen die ewige Ruhe.<br>Und das ewige Licht leuchte ihnen.<br>Lass sie ruhen in Frieden.<br>Amen.<\/td><\/tr><tr><td><\/td><\/tr><\/tbody><\/table><\/figure>\n","protected":false},"excerpt":{"rendered":"<p>Litanei zum Troste der Armen Seelen (Alte Version) &nbsp; Herr, erbarme dich ihrer &#8211; \u00a0 \u00a0 \u00a0Herr, erbarme dich ihrerChristus, erbarme dich ihrer &#8211; Christus, erbarme dich ihrerHerr, erbarme dich ihrer &#8211; \u00a0 \u00a0 \u00a0Herr, erbarme dich ihrerChristus, h\u00f6re uns &hellip; <a href=\"https:\/\/ecclesiae.de\/blog\/?page_id=10526\">Weiterlesen <span class=\"meta-nav\">&rarr;<\/span><\/a><\/p>\n","protected":false},"author":3,"featured_media":0,"parent":10496,"menu_order":0,"comment_status":"closed","ping_status":"closed","template":"","meta":{"footnotes":""},"class_list":["post-10526","page","type-page","status-publish","hentry"],"_links":{"self":[{"href":"https:\/\/ecclesiae.de\/blog\/index.php?rest_route=\/wp\/v2\/pages\/10526","targetHints":{"allow":["GET"]}}],"collection":[{"href":"https:\/\/ecclesiae.de\/blog\/index.php?rest_route=\/wp\/v2\/pages"}],"about":[{"href":"https:\/\/ecclesiae.de\/blog\/index.php?rest_route=\/wp\/v2\/types\/page"}],"author":[{"embeddable":true,"href":"https:\/\/ecclesiae.de\/blog\/index.php?rest_route=\/wp\/v2\/users\/3"}],"replies":[{"embeddable":true,"href":"https:\/\/ecclesiae.de\/blog\/index.php?rest_route=%2Fwp%2Fv2%2Fcomments&post=10526"}],"version-history":[{"count":1,"href":"https:\/\/ecclesiae.de\/blog\/index.php?rest_route=\/wp\/v2\/pages\/10526\/revisions"}],"predecessor-version":[{"id":10527,"href":"https:\/\/ecclesiae.de\/blog\/index.php?rest_route=\/wp\/v2\/pages\/10526\/revisions\/10527"}],"up":[{"embeddable":true,"href":"https:\/\/ecclesiae.de\/blog\/index.php?rest_route=\/wp\/v2\/pages\/10496"}],"wp:attachment":[{"href":"https:\/\/ecclesiae.de\/blog\/index.php?rest_route=%2Fwp%2Fv2%2Fmedia&parent=10526"}],"curies":[{"name":"wp","href":"https:\/\/api.w.org\/{rel}","templated":true}]}}