{"id":10528,"date":"2022-07-22T08:33:05","date_gmt":"2022-07-22T08:33:05","guid":{"rendered":"http:\/\/ecclesiae.de\/blog\/?page_id=10528"},"modified":"2022-07-22T08:33:05","modified_gmt":"2022-07-22T08:33:05","slug":"litanei-zu-den-heiligen-engeln","status":"publish","type":"page","link":"https:\/\/ecclesiae.de\/blog\/?page_id=10528","title":{"rendered":"Litanei zu den heiligen Engeln"},"content":{"rendered":"\n<p><br>Herr, erbarme Dich unser<br>Christus, erbarme Dich unser<br>Herr, erbarme Dich unser<br>Christus, erh\u00f6re uns<br>Gott Vater, du Sch\u00f6pfer der Engel, &#8211; erbarme Dich unser<br>Gott Sohn, Du Herr der Engel,&#8230;<br>Gott heiliger Geist, DU Leben der Engel,&#8230;<br>Heilige Dreifaltigkeit, Du Wonne der Engel,- erbarme Dich unser.<br>Heilige Maria, &#8211; bitte f\u00fcr uns!<br>Du K\u00f6nigin aller Engel,..<br>Alle heiligen Ch\u00f6re der seligen Geister, bittet f\u00fcr uns<br>Ihr heiligen Serafim, Engel der Liebe, &#8230;<br>Ihr heiligen Cherubim, Engel des Wortes, &#8230;<br>Ihr heiligen Throne, Engel des Lebens, &#8230;<br>Ihr heiligen Engel der Anbetung,&#8230;<br>Ihr heiligen Herrschaften,&#8230;<br>Ihr heiligen Gewalten,&#8230;<br>Ihr heiligen F\u00fcrsten des Himmels,&#8230;<br>Ihr heiligen M\u00e4chte, &#8230;<br>Heiliger Erzengel Michael, bitte f\u00fcr uns,&#8230;<br>Du Besieger Luzifers, &#8230;<br>Du Engel des Glaubens und der Demut, &#8230;<br>Du H\u00fcter der heiligen \u00d6lung,&#8230;<br>Du Patron der Sterbenden,&#8230;<br>Du F\u00fcrst der himmlischen Heerscharen,&#8230;<br>Du Weggeleiter der abgeschiedenen Seelen,&#8230;<br>Heiliger Erzengel Gabriel,&#8230;<br>Du Engel der Menschwerdung,..<br>Du getreuer Bote Gottes&#8230;<br>Du Engel der Hoffnung und des Friedens,&#8230;<br>Du Schirmherr aller Knechte und M\u00e4gde Gottes,&#8230;<br>Du H\u00fcter der heiligen Taufe,&#8230;<br>Du Patron der Priester,&#8230;<br>Heiliger Erzengel Raphael,&#8230;<br>Du Engel der g\u00f6ttlichen Liebe,&#8230;<br>Du Bezwinger des b\u00f6sen Feindes,&#8230;<br>Du Helfer in gro\u00dfer Not,&#8230;<br>Du Engel des Schmerzes und der Heilung,&#8230;<br>Du Patron der \u00c4rzte, der Wanderer und Reisenden,&#8230;<br>Ihr heiligen Engel, bittet f\u00fcr uns!<br>Ihr gro\u00dfen heiligen Erzengel, bittet f\u00fcr uns!<br>Ihr Engel des Dienstes vor Gottes Thron, &#8230;<br>Ihr Engel des Dienstes an uns Menschen, &#8230;<br>Ihr heiligen Schutzengel,&#8230;<br>Ihr Helfer in unseren N\u00f6ten,..<br>Ihr Licht in unserer Dunkelheit,&#8230;<br>Ihr St\u00fctzen in jeder Gefahr,&#8230;<br>Ihr Mahner in unserem Gewissen,&#8230;<br>Ihr F\u00fcrbitter an Gottes Thron,&#8230;<br>Ihr Schild der Abwehr des b\u00f6sen Feindes,&#8230;<br>Ihr unsere best\u00e4ndigen Begleiter,..<br>Ihr unsere sichersten F\u00fchrer,&#8230;<br>Ihr unsere treuesten Freunde,&#8230;<br>Ihr unsere klugen Ratgeber,&#8230;<br>Ihr unser Vorbild im fl\u00fcgelschnellen Gehorsam,&#8230;<br>Ihr Tr\u00f6ster in Verlassenheit, &#8230;<br>Ihr Spiegel der Demut und Lauterkeit,&#8230;<br>Ihr Engel unserer Familien,&#8230;<br>Ihr Engel unserer Priester und Seelsorger, &#8230;<br>Ihr Engel unserer Kinder,&#8230;<br>Ihr Engel unserer Heimat und des Vaterlandes,&#8230;<br>Ihr Engel der heiligen Kirche,..<br>Alle ihr heiligen Engel, bittet f\u00fcr uns<br>Im Leben steht uns bei!<br>Im Tode steht uns bei!<br>Im Himmel wollen wir es euch danken!<br>O Du Lamm Gottes, das Du hinwegnimmst die S\u00fcnden der Welt \u2014 Verschone uns, o Herr<br>O Du Lamm Gottes, das Du hinwegnimmst die S\u00fcnden der Welt \u2014 Erh\u00f6re uns, o Herr<br>O Du Lamm Gottes, das Du hinwegnimmst die S\u00fcnden der Welt \u2014 Erbarme Dich unser<br>Christus, h\u00f6re uns<br>Christus, erh\u00f6re uns<br>Herr, erbarme dich unser<br>Seinen Engeln hat Gott deinetwegen befohlen,<br>sie sollen dich beh\u00fcten auf allen deinen Wegen.<br>Lasset uns beten! Allm\u00e4chtiger, ewiger Gott! Verleihe uns die Hilfe deiner himmlischen Heerscharen, damit wir durch sie vor den f\u00fcrchterlichen Angriffen des b\u00f6sen Feindes bewahrt bleiben und, durch das kostbare Blut unseres Herrrn Jesus Christus und die F\u00fcrbitte der allerseligsten und unbefleckten Jungfrau von jeder Not befreit, Dir wieder in Frieden dienen k\u00f6nnen. Durch unsern Herrrn Jesus Christus, Deinen Sohn, der mit dir und dem Heiligen geist als Gott lebt und herrscht von Ewigkeit zu Ewigkeit. Amen.<\/p>\n","protected":false},"excerpt":{"rendered":"<p>Herr, erbarme Dich unserChristus, erbarme Dich unserHerr, erbarme Dich unserChristus, erh\u00f6re unsGott Vater, du Sch\u00f6pfer der Engel, &#8211; erbarme Dich unserGott Sohn, Du Herr der Engel,&#8230;Gott heiliger Geist, DU Leben der Engel,&#8230;Heilige Dreifaltigkeit, Du Wonne der Engel,- erbarme Dich unser.Heilige &hellip; <a href=\"https:\/\/ecclesiae.de\/blog\/?page_id=10528\">Weiterlesen <span class=\"meta-nav\">&rarr;<\/span><\/a><\/p>\n","protected":false},"author":3,"featured_media":0,"parent":10496,"menu_order":0,"comment_status":"closed","ping_status":"closed","template":"","meta":{"footnotes":""},"class_list":["post-10528","page","type-page","status-publish","hentry"],"_links":{"self":[{"href":"https:\/\/ecclesiae.de\/blog\/index.php?rest_route=\/wp\/v2\/pages\/10528","targetHints":{"allow":["GET"]}}],"collection":[{"href":"https:\/\/ecclesiae.de\/blog\/index.php?rest_route=\/wp\/v2\/pages"}],"about":[{"href":"https:\/\/ecclesiae.de\/blog\/index.php?rest_route=\/wp\/v2\/types\/page"}],"author":[{"embeddable":true,"href":"https:\/\/ecclesiae.de\/blog\/index.php?rest_route=\/wp\/v2\/users\/3"}],"replies":[{"embeddable":true,"href":"https:\/\/ecclesiae.de\/blog\/index.php?rest_route=%2Fwp%2Fv2%2Fcomments&post=10528"}],"version-history":[{"count":1,"href":"https:\/\/ecclesiae.de\/blog\/index.php?rest_route=\/wp\/v2\/pages\/10528\/revisions"}],"predecessor-version":[{"id":10529,"href":"https:\/\/ecclesiae.de\/blog\/index.php?rest_route=\/wp\/v2\/pages\/10528\/revisions\/10529"}],"up":[{"embeddable":true,"href":"https:\/\/ecclesiae.de\/blog\/index.php?rest_route=\/wp\/v2\/pages\/10496"}],"wp:attachment":[{"href":"https:\/\/ecclesiae.de\/blog\/index.php?rest_route=%2Fwp%2Fv2%2Fmedia&parent=10528"}],"curies":[{"name":"wp","href":"https:\/\/api.w.org\/{rel}","templated":true}]}}