{"id":10532,"date":"2022-07-22T08:35:17","date_gmt":"2022-07-22T08:35:17","guid":{"rendered":"http:\/\/ecclesiae.de\/blog\/?page_id=10532"},"modified":"2022-07-22T08:35:17","modified_gmt":"2022-07-22T08:35:17","slug":"zum-heiligsten-haupt-christi-als-sitz-der-goettlichen-weisheit","status":"publish","type":"page","link":"https:\/\/ecclesiae.de\/blog\/?page_id=10532","title":{"rendered":"Zum Heiligsten Haupt Christi als Sitz der G\u00f6ttlichen Weisheit!"},"content":{"rendered":"\n<figure class=\"wp-block-table\"><table><tbody><tr><td><br><br>Herr, erbarme Dich unser, Christus erbarme Dich unser.<br>Herr, erbarme Dich unser, Christus, h\u00f6re uns, Christus, erh\u00f6re uns.<br>Gott, Vater vom Himmel, erbarme Dich unser.<br>Gott, Sohn, Erl\u00f6ser der Welt<br>Gott, Heiliger Geist<br>Heilige Dreifaltigkeit, ein einiger Gott<br>Heiligstes Haupt Christi<br>Gebildet durch den Heiligen Geist im Schoss der Seligen Jungfrau Maria, erbarme Dich unser.<br>Heiligstes Haupt Christi, wesentlich vereint mit dem Worte Gottes<br>Heiligstes Haupt Christi, Tempel der G\u00f6ttlichen Weisheit<br>Heiligstes Haupt Christi, Heiligtum der unendlichen Einsicht<br>Heiligstes Haupt Christi, Schutz gegen den Irrtum<br>Heiligstes Haupt Christi, Sonne der Erde und des Himmels<br>Heiligstes Haupt Christi, Schatzkammer der Wissenschaft und des Glaubens<br>Heiligstes Haupt Christi, strahlend von Sch\u00f6nheit, Gerechtigkeit und Liebe Heiligstes Haupt Christi, voll von Gnade und Wahrheit<br>Heiligstes Haupt Christi, lebende Lehre der Demut<br>Heiligstes Haupt Christi, Widerschein der unendlichen Majest\u00e4t Gottes<br>Heiligstes Haupt Christi, Mittelpunkt des Universums<br>Heiligstes Haupt Christi, Gegenstand des Wohlgefallens des himmlischen<br>Vaters<br>Heiligstes Haupt Christi, das die Liebkosungen der Jungfrau Maria erhalten hat<br>Heiligstes Haupt Christi, auf welchem der Heilige Geist geruht hat<br>Heiligstes Haupt Christi, das einen Widerschein Seiner Herrlichkeit strahlen liess auf Tabor<br>Heiligstes Haupt Christi, das auf Erden keinen Ort hatte, sich hinzulegen<br>Heiligstes Haupt Christi, das die wohlriechende Salbung von Magdalena<br>gutgeheissen hat<br>Heiligstes Haupt Christi, bedeckt mit Blutschweiss auf Gethsemani<br>Heiligstes Haupt Christi, das geweint hat \u00fcber unsere S\u00fcnden<br>Heiligstes Haupt Christi, auf unw\u00fcrdige Weise misshandelt w\u00e4hrend seines Leidens<br>Heiligstes Haupt Christi, getr\u00f6stet durch die liebensw\u00fcrdige Tat Veronikas<br>Heiligstes Haupt Christi, welches sich neigte im Augenblick, da Du es erl\u00f6st hast durch die Trennung Deiner Seele und Deines Leibes auf dem Kreuze<br>Heiligstes Haupt Christi, Licht jedes Menschen, der in diese Welt kommt<br>Heiligstes Haupt Christi, unser F\u00fchrer und unsere Hoffnung<br>Heiligstes Haupt Christi, das alle unsere N\u00f6te kennt<br>Heiligstes Haupt Christi, das die Bewegungen des g\u00f6ttlichen Herzens leitet<br>Heiligstes Haupt Christi, das alle unsere Handlungen richten wird<br>Heiligstes Haupt Christi, das wir bekannt machen und verehren wollen<br>\u00fcber die ganze Erde<br>Heiligstes Haupt Christi, das die Heiligen und die Engel begl\u00fcckt<br>Heiligstes Haupt Christi, das wir eines Tages zu schauen hoffen ohne<br>Schleier<br>Ewiger Vater, durch das unbefleckte Herz Mariens, opfere ich Dir immerw\u00e4hrend das Heiligste Haupt Christi auf zu Deiner gr\u00f6sseren Ehre und Verherrlichung und zum Heil aller Seelen. Ehre sei dem Vater, Der uns erschaffen, Ehre sei dem Sohn, Der uns erl\u00f6st, Ehre sei dem Heiligen Geist, Der uns geheiligt hat!<br>Unbeflecktes Herz Mari\u00e4 sei unsere Rettung und die Rettung der ganzen Welt!<br>Q: Wallfahren.ch<\/td><\/tr><tr><td><\/td><\/tr><\/tbody><\/table><\/figure>\n","protected":false},"excerpt":{"rendered":"<p>Herr, erbarme Dich unser, Christus erbarme Dich unser.Herr, erbarme Dich unser, Christus, h\u00f6re uns, Christus, erh\u00f6re uns.Gott, Vater vom Himmel, erbarme Dich unser.Gott, Sohn, Erl\u00f6ser der WeltGott, Heiliger GeistHeilige Dreifaltigkeit, ein einiger GottHeiligstes Haupt ChristiGebildet durch den Heiligen Geist im &hellip; <a href=\"https:\/\/ecclesiae.de\/blog\/?page_id=10532\">Weiterlesen <span class=\"meta-nav\">&rarr;<\/span><\/a><\/p>\n","protected":false},"author":3,"featured_media":0,"parent":10496,"menu_order":0,"comment_status":"closed","ping_status":"closed","template":"","meta":{"footnotes":""},"class_list":["post-10532","page","type-page","status-publish","hentry"],"_links":{"self":[{"href":"https:\/\/ecclesiae.de\/blog\/index.php?rest_route=\/wp\/v2\/pages\/10532","targetHints":{"allow":["GET"]}}],"collection":[{"href":"https:\/\/ecclesiae.de\/blog\/index.php?rest_route=\/wp\/v2\/pages"}],"about":[{"href":"https:\/\/ecclesiae.de\/blog\/index.php?rest_route=\/wp\/v2\/types\/page"}],"author":[{"embeddable":true,"href":"https:\/\/ecclesiae.de\/blog\/index.php?rest_route=\/wp\/v2\/users\/3"}],"replies":[{"embeddable":true,"href":"https:\/\/ecclesiae.de\/blog\/index.php?rest_route=%2Fwp%2Fv2%2Fcomments&post=10532"}],"version-history":[{"count":1,"href":"https:\/\/ecclesiae.de\/blog\/index.php?rest_route=\/wp\/v2\/pages\/10532\/revisions"}],"predecessor-version":[{"id":10533,"href":"https:\/\/ecclesiae.de\/blog\/index.php?rest_route=\/wp\/v2\/pages\/10532\/revisions\/10533"}],"up":[{"embeddable":true,"href":"https:\/\/ecclesiae.de\/blog\/index.php?rest_route=\/wp\/v2\/pages\/10496"}],"wp:attachment":[{"href":"https:\/\/ecclesiae.de\/blog\/index.php?rest_route=%2Fwp%2Fv2%2Fmedia&parent=10532"}],"curies":[{"name":"wp","href":"https:\/\/api.w.org\/{rel}","templated":true}]}}