{"id":10534,"date":"2022-07-22T08:37:21","date_gmt":"2022-07-22T08:37:21","guid":{"rendered":"http:\/\/ecclesiae.de\/blog\/?page_id=10534"},"modified":"2022-07-22T08:37:21","modified_gmt":"2022-07-22T08:37:21","slug":"heilig-geist-rosenkranz","status":"publish","type":"page","link":"https:\/\/ecclesiae.de\/blog\/?page_id=10534","title":{"rendered":"\u00a0Heilig-Geist-Rosenkranz"},"content":{"rendered":"\n<p><br><br>\u00a0 \u00a0 1. Der unser Herz f\u00fcr die Gnadenf\u00fclle des Heiligen Geistes empf\u00e4nglich machen wolle.<br>\u00a0 \u00a0 2. Der uns den Heiligen Geist erbitten und in uns die drei g\u00f6ttlichen Tugenden vermehren       und st\u00e4rken wolle.<br>\u00a0 \u00a0 3. Der uns durch den Heiligen Geist st\u00e4rken, erleuchten, leiten, regieren, f\u00fchren und heiligen wolle.<br>\u00a0 \u00a0 4. Der unser Herz mit der Liebe des Heiligen Geistes entz\u00fcnden und mit tiefster Demut, Sanftmut, Geduld, Ergebung, Hingabe, Kraft und Heiligkeit erf\u00fcllen wolle.<br>\u00a0 \u00a0 5. Der uns die sieben Gaben und die zw\u00f6lf Fr\u00fcchte des Heiligen Geistes erflehen, alles Gute verleihen und alles B\u00f6se abhalten wolle.<\/p>\n","protected":false},"excerpt":{"rendered":"<p>\u00a0 \u00a0 1. Der unser Herz f\u00fcr die Gnadenf\u00fclle des Heiligen Geistes empf\u00e4nglich machen wolle.\u00a0 \u00a0 2. Der uns den Heiligen Geist erbitten und in uns die drei g\u00f6ttlichen Tugenden vermehren und st\u00e4rken wolle.\u00a0 \u00a0 3. Der uns durch den &hellip; <a href=\"https:\/\/ecclesiae.de\/blog\/?page_id=10534\">Weiterlesen <span class=\"meta-nav\">&rarr;<\/span><\/a><\/p>\n","protected":false},"author":3,"featured_media":0,"parent":10364,"menu_order":0,"comment_status":"closed","ping_status":"closed","template":"","meta":{"footnotes":""},"class_list":["post-10534","page","type-page","status-publish","hentry"],"_links":{"self":[{"href":"https:\/\/ecclesiae.de\/blog\/index.php?rest_route=\/wp\/v2\/pages\/10534","targetHints":{"allow":["GET"]}}],"collection":[{"href":"https:\/\/ecclesiae.de\/blog\/index.php?rest_route=\/wp\/v2\/pages"}],"about":[{"href":"https:\/\/ecclesiae.de\/blog\/index.php?rest_route=\/wp\/v2\/types\/page"}],"author":[{"embeddable":true,"href":"https:\/\/ecclesiae.de\/blog\/index.php?rest_route=\/wp\/v2\/users\/3"}],"replies":[{"embeddable":true,"href":"https:\/\/ecclesiae.de\/blog\/index.php?rest_route=%2Fwp%2Fv2%2Fcomments&post=10534"}],"version-history":[{"count":1,"href":"https:\/\/ecclesiae.de\/blog\/index.php?rest_route=\/wp\/v2\/pages\/10534\/revisions"}],"predecessor-version":[{"id":10535,"href":"https:\/\/ecclesiae.de\/blog\/index.php?rest_route=\/wp\/v2\/pages\/10534\/revisions\/10535"}],"up":[{"embeddable":true,"href":"https:\/\/ecclesiae.de\/blog\/index.php?rest_route=\/wp\/v2\/pages\/10364"}],"wp:attachment":[{"href":"https:\/\/ecclesiae.de\/blog\/index.php?rest_route=%2Fwp%2Fv2%2Fmedia&parent=10534"}],"curies":[{"name":"wp","href":"https:\/\/api.w.org\/{rel}","templated":true}]}}