{"id":10549,"date":"2022-07-22T12:32:51","date_gmt":"2022-07-22T12:32:51","guid":{"rendered":"http:\/\/ecclesiae.de\/blog\/?page_id=10549"},"modified":"2022-07-22T12:32:51","modified_gmt":"2022-07-22T12:32:51","slug":"weihegebet-an-das-heiligste-herz-jesu","status":"publish","type":"page","link":"https:\/\/ecclesiae.de\/blog\/?page_id=10549","title":{"rendered":"Weihegebet an das Heiligste Herz Jesu"},"content":{"rendered":"\n<figure class=\"wp-block-table\"><table><tbody><tr><td><\/td><td>&nbsp;<\/td><\/tr><tr><td><strong>Weihegebet der heiligen Margareta Maria:<\/strong><br><br>\u201eIch weihe und \u00fcbergebe hiermit dem heiligsten Herzen unseres Herrn Jesus Christus, meine Person,<br>mein Leben, meine Handlungen, M\u00fchseligkeiten und Leiden,<br>um mich in Zukunft ganz seiner Ehre und Verherrlichung zu weihen, Es ist mein fester und unwiderruflicher Entschluss,<br>ihm ganz anzugeh\u00f6ren, alles aus Liebe zu ihm zu tun, und aus ganzem Herzen allem zu entsagen, was diesem g\u00f6ttlichen Herzen missfallen k\u00f6nnte.<br><br>Ich erw\u00e4hle also Dich, o heiligstes Herz Jesu, zum einzigen Gegenstand meiner Liebe, zum Besch\u00fctzer meines Lebens,<br>zur Sicherheit meines Heiles, zur St\u00fctze in meiner Schwachheit und Unbest\u00e4ndigkeit und zur sicheren Zufluchtsst\u00e4tte in der Stunde meines Todes.<br><br>Sei also, o Herz der G\u00fcte, meine Vers\u00f6hnung bei Gott, Deinem Vater, und wende von mir ab, die Gei\u00dfel seines gerechten Zornes.<br>O Herz der Liebe, auf Dich setze ich mein ganzes Vertrauen, von meiner Bosheit und Schw\u00e4che bef\u00fcrchte ich alles,<br>aber von Deiner G\u00fcte hoffe ich auch alles.<br>So verzehre denn in mir alles, was Dir an mir missfallen oder widerstehen k\u00f6nnte.<br><br>Deine reine Liebe pr\u00e4ge sich so tief in meinem Herzen ein, dass ich Dich niemals vergessen noch jemals von Dir getrennt werden kann,<br>ich beschw\u00f6re Dich bei Deiner unendlichen G\u00fcte, lass meinen Namen tief in Deine heiligstes Herz eingegraben sein,<br>denn all mein Gl\u00fcck und mein ganzer Ruhm soll darin bestehen, in Deiner heiligen Liebe zu leben und zu sterben.\u201c Amen.<\/td><\/tr><tr><td><\/td><\/tr><\/tbody><\/table><\/figure>\n","protected":false},"excerpt":{"rendered":"<p>&nbsp; Weihegebet der heiligen Margareta Maria: \u201eIch weihe und \u00fcbergebe hiermit dem heiligsten Herzen unseres Herrn Jesus Christus, meine Person,mein Leben, meine Handlungen, M\u00fchseligkeiten und Leiden,um mich in Zukunft ganz seiner Ehre und Verherrlichung zu weihen, Es ist mein fester &hellip; <a href=\"https:\/\/ecclesiae.de\/blog\/?page_id=10549\">Weiterlesen <span class=\"meta-nav\">&rarr;<\/span><\/a><\/p>\n","protected":false},"author":3,"featured_media":0,"parent":10378,"menu_order":0,"comment_status":"closed","ping_status":"closed","template":"","meta":{"footnotes":""},"class_list":["post-10549","page","type-page","status-publish","hentry"],"_links":{"self":[{"href":"https:\/\/ecclesiae.de\/blog\/index.php?rest_route=\/wp\/v2\/pages\/10549","targetHints":{"allow":["GET"]}}],"collection":[{"href":"https:\/\/ecclesiae.de\/blog\/index.php?rest_route=\/wp\/v2\/pages"}],"about":[{"href":"https:\/\/ecclesiae.de\/blog\/index.php?rest_route=\/wp\/v2\/types\/page"}],"author":[{"embeddable":true,"href":"https:\/\/ecclesiae.de\/blog\/index.php?rest_route=\/wp\/v2\/users\/3"}],"replies":[{"embeddable":true,"href":"https:\/\/ecclesiae.de\/blog\/index.php?rest_route=%2Fwp%2Fv2%2Fcomments&post=10549"}],"version-history":[{"count":1,"href":"https:\/\/ecclesiae.de\/blog\/index.php?rest_route=\/wp\/v2\/pages\/10549\/revisions"}],"predecessor-version":[{"id":10550,"href":"https:\/\/ecclesiae.de\/blog\/index.php?rest_route=\/wp\/v2\/pages\/10549\/revisions\/10550"}],"up":[{"embeddable":true,"href":"https:\/\/ecclesiae.de\/blog\/index.php?rest_route=\/wp\/v2\/pages\/10378"}],"wp:attachment":[{"href":"https:\/\/ecclesiae.de\/blog\/index.php?rest_route=%2Fwp%2Fv2%2Fmedia&parent=10549"}],"curies":[{"name":"wp","href":"https:\/\/api.w.org\/{rel}","templated":true}]}}