{"id":10558,"date":"2022-07-22T13:12:20","date_gmt":"2022-07-22T13:12:20","guid":{"rendered":"http:\/\/ecclesiae.de\/blog\/?page_id=10558"},"modified":"2022-07-22T13:12:20","modified_gmt":"2022-07-22T13:12:20","slug":"gebet-fuer-die-priester","status":"publish","type":"page","link":"https:\/\/ecclesiae.de\/blog\/?page_id=10558","title":{"rendered":"Gebet f\u00fcr die Priester"},"content":{"rendered":"\n<figure class=\"wp-block-table\"><table><tbody><tr><td><br>Allm\u00e4chtiger, ewiger Gott, schau gn\u00e4dig auf das Antlitz Deines Christus, des ewigen Hohenpriesters,<br>und aus Liebe zu Ihm hab Erbarmen mit Deinen Priestern!<br>Gedenke, da\u00df auch sie schwache und gebrechliche Menschen sind.<br>Erhalte in ihnen lebendig das Feuer Deiner Liebe.<br>Bewahre sie in Deiner N\u00e4he, damit der Feind sie nicht \u00fcberwinde und da\u00df sie niemals ihres hohen Berufes unw\u00fcrdig werden.<br><br>O Jesus, ich bitte Dich f\u00fcr Deine treuen und eifrigen Priester,<br>f\u00fcr Deine lauen und untreuen Priester,<br>f\u00fcr Deine Priester, die nahe oder in fernen L\u00e4ndern arbeiten,<br>f\u00fcr Deine Priester, die Versuchungen erleiden,<br>f\u00fcr Deine Priester, die Einsamkeit und Verlassenheit erfahren,<br>f\u00fcr Deine jungen Priester,<br>f\u00fcr Deine alten Priester,<br>f\u00fcr Deine kranken Priester,<br>f\u00fcr Deine sterbenden Priester,<br>f\u00fcr die Seelen Deiner Priester, die im Fegfeuer sind.<br><br>Vor allem aber empfehle ich Dir die Priester, die mir besonders teuer sind:<br>den Priester, der mich getauft,<br>der mich von meinen S\u00fcnden losgesprochen hat,<br>die Priester, die mich gelehrt,<br>die mich ermutigt und mir geraten haben,<br>alle Priester, mit denen mich eine Schuld der Dankbarkeit verbindet.<br><br>O Jesus, bewahre sie alle nahe Deinem Herzen und gib ihnen Deinen reichen Segen in der Zeit und in der Ewigkeit.<br>Amen.<br>George William Kardinal Mundelein \u2020 2. Oktober 1939\u00a0<br>Erzbischof von Chicago.<\/td><\/tr><tr><td><\/td><\/tr><\/tbody><\/table><\/figure>\n\n\n\n<figure class=\"wp-block-table\"><table><tbody><tr><td><\/td><\/tr><tr><td><\/td><\/tr><\/tbody><\/table><\/figure>\n","protected":false},"excerpt":{"rendered":"<p>Allm\u00e4chtiger, ewiger Gott, schau gn\u00e4dig auf das Antlitz Deines Christus, des ewigen Hohenpriesters,und aus Liebe zu Ihm hab Erbarmen mit Deinen Priestern!Gedenke, da\u00df auch sie schwache und gebrechliche Menschen sind.Erhalte in ihnen lebendig das Feuer Deiner Liebe.Bewahre sie in Deiner &hellip; <a href=\"https:\/\/ecclesiae.de\/blog\/?page_id=10558\">Weiterlesen <span class=\"meta-nav\">&rarr;<\/span><\/a><\/p>\n","protected":false},"author":3,"featured_media":0,"parent":10545,"menu_order":0,"comment_status":"closed","ping_status":"closed","template":"","meta":{"footnotes":""},"class_list":["post-10558","page","type-page","status-publish","hentry"],"_links":{"self":[{"href":"https:\/\/ecclesiae.de\/blog\/index.php?rest_route=\/wp\/v2\/pages\/10558","targetHints":{"allow":["GET"]}}],"collection":[{"href":"https:\/\/ecclesiae.de\/blog\/index.php?rest_route=\/wp\/v2\/pages"}],"about":[{"href":"https:\/\/ecclesiae.de\/blog\/index.php?rest_route=\/wp\/v2\/types\/page"}],"author":[{"embeddable":true,"href":"https:\/\/ecclesiae.de\/blog\/index.php?rest_route=\/wp\/v2\/users\/3"}],"replies":[{"embeddable":true,"href":"https:\/\/ecclesiae.de\/blog\/index.php?rest_route=%2Fwp%2Fv2%2Fcomments&post=10558"}],"version-history":[{"count":1,"href":"https:\/\/ecclesiae.de\/blog\/index.php?rest_route=\/wp\/v2\/pages\/10558\/revisions"}],"predecessor-version":[{"id":10559,"href":"https:\/\/ecclesiae.de\/blog\/index.php?rest_route=\/wp\/v2\/pages\/10558\/revisions\/10559"}],"up":[{"embeddable":true,"href":"https:\/\/ecclesiae.de\/blog\/index.php?rest_route=\/wp\/v2\/pages\/10545"}],"wp:attachment":[{"href":"https:\/\/ecclesiae.de\/blog\/index.php?rest_route=%2Fwp%2Fv2%2Fmedia&parent=10558"}],"curies":[{"name":"wp","href":"https:\/\/api.w.org\/{rel}","templated":true}]}}