{"id":10561,"date":"2022-07-22T13:12:56","date_gmt":"2022-07-22T13:12:56","guid":{"rendered":"http:\/\/ecclesiae.de\/blog\/?page_id=10561"},"modified":"2022-07-22T13:12:56","modified_gmt":"2022-07-22T13:12:56","slug":"gebet-fuer-die-priester-mit-dem-hl-pfarrer-von-ars","status":"publish","type":"page","link":"https:\/\/ecclesiae.de\/blog\/?page_id=10561","title":{"rendered":"Gebet f\u00fcr die Priester mit dem hl. Pfarrer von Ars"},"content":{"rendered":"\n<p>Herr Jesus Christus, mit dem heiligen Pfarrer von Ars vertrauen wir dir an:<br>Alle Priester, die wir kennen, alle, denen wir begegnet sind, alle, die uns geholfen haben,<br>alle, die du uns heute als Seelsorger gibst. Du hast jeden bei seinem Namen gerufen; f\u00fcr jeden danken wir dir und f\u00fcr jeden bitten wir dich:<br>Bewahre sie in der Treue zu deinem Namen; du, der du sie geweiht hast, damit sie Hirten seien in deinem Namen;<br>verleihe ihnen Kraft, Vertrauen und Freude bei der Erf\u00fcllung ihrer Sendung im Schauen auf dein Antlitz.<br>Wir wissen wohl, dass du schwache Gesch\u00f6pfe erw\u00e4hlt hast, damit sie sich nichts auf sich selbst einbilden.<br>Auch darum vertrauen wir sie dir an, damit sie sich vor allem auf dich verlassen.<br>Die Eucharistie, die sie feiern, m\u00f6ge sie st\u00e4rken und ihnen die Kraft geben, damit sie sich zusammen mit dir einsetzen f\u00fcr uns, die Seelen.<br>Sie m\u00f6gen geborgen sein in deinem barmherzigen Herzen, damit sie immer Zeugen deiner Vergebungsbereitschaft sind.<br>Sie m\u00f6gen den Vater wahrhaft anbeten, damit sie uns den wahren Weg zur Heiligkeit lehren.<br>Vater, zusammen mit ihnen, den Priestern, opfern wir uns in Christus auf f\u00fcr die Kirche, dass sie missionarisch sei im Atem deines Heiligen Geistes.<br>Lehre uns, sie ganz einfach zu lieben, sie zu achten und sie wie ein Geschenk aus deiner Hand anzunehmen, damit wir gemeinsam noch mehr dein Werk vollenden, zum Heile aller. Amen.<br>Quelle: Gebetbuch Johannes-Maria Vianney, \u00c9ditions B\u00e9n\u00e9dictines, 2005<\/p>\n","protected":false},"excerpt":{"rendered":"<p>Herr Jesus Christus, mit dem heiligen Pfarrer von Ars vertrauen wir dir an:Alle Priester, die wir kennen, alle, denen wir begegnet sind, alle, die uns geholfen haben,alle, die du uns heute als Seelsorger gibst. Du hast jeden bei seinem Namen &hellip; <a href=\"https:\/\/ecclesiae.de\/blog\/?page_id=10561\">Weiterlesen <span class=\"meta-nav\">&rarr;<\/span><\/a><\/p>\n","protected":false},"author":3,"featured_media":0,"parent":10545,"menu_order":0,"comment_status":"closed","ping_status":"closed","template":"","meta":{"footnotes":""},"class_list":["post-10561","page","type-page","status-publish","hentry"],"_links":{"self":[{"href":"https:\/\/ecclesiae.de\/blog\/index.php?rest_route=\/wp\/v2\/pages\/10561","targetHints":{"allow":["GET"]}}],"collection":[{"href":"https:\/\/ecclesiae.de\/blog\/index.php?rest_route=\/wp\/v2\/pages"}],"about":[{"href":"https:\/\/ecclesiae.de\/blog\/index.php?rest_route=\/wp\/v2\/types\/page"}],"author":[{"embeddable":true,"href":"https:\/\/ecclesiae.de\/blog\/index.php?rest_route=\/wp\/v2\/users\/3"}],"replies":[{"embeddable":true,"href":"https:\/\/ecclesiae.de\/blog\/index.php?rest_route=%2Fwp%2Fv2%2Fcomments&post=10561"}],"version-history":[{"count":1,"href":"https:\/\/ecclesiae.de\/blog\/index.php?rest_route=\/wp\/v2\/pages\/10561\/revisions"}],"predecessor-version":[{"id":10562,"href":"https:\/\/ecclesiae.de\/blog\/index.php?rest_route=\/wp\/v2\/pages\/10561\/revisions\/10562"}],"up":[{"embeddable":true,"href":"https:\/\/ecclesiae.de\/blog\/index.php?rest_route=\/wp\/v2\/pages\/10545"}],"wp:attachment":[{"href":"https:\/\/ecclesiae.de\/blog\/index.php?rest_route=%2Fwp%2Fv2%2Fmedia&parent=10561"}],"curies":[{"name":"wp","href":"https:\/\/api.w.org\/{rel}","templated":true}]}}