{"id":10569,"date":"2022-07-22T13:17:23","date_gmt":"2022-07-22T13:17:23","guid":{"rendered":"http:\/\/ecclesiae.de\/blog\/?page_id=10569"},"modified":"2022-07-22T13:17:23","modified_gmt":"2022-07-22T13:17:23","slug":"herz-jesu-bitten","status":"publish","type":"page","link":"https:\/\/ecclesiae.de\/blog\/?page_id=10569","title":{"rendered":"Herz-Jesu- Bitten"},"content":{"rendered":"\n<p><br>G\u00f6ttliches Herz Jesu, Du hast versprochen,<br>uns alle Gnaden zu schenken,<br>die wir in unserem Stande brauchen. &#8211;<br>Wir bitten Dich, erh\u00f6re uns!<br>G\u00f6ttliches Herz Jesu, Du hast versprochen,<br>unseren Familien Frieden zu geben. &#8211;<br>Wir bitten Dich, erh\u00f6re uns!<br>G\u00f6ttliches Herz Jesu, Du hast versprochen,<br>uns in all unseren Tr\u00fcbsalen zu tr\u00f6sten. &#8211;<br>Wir bitten Dich, erh\u00f6re uns!<br>G\u00f6ttliches Herz Jesu, Du hast versprochen,<br>unsere sichere Zuflucht im Leben,<br>besonders aber in der Stunde unseres Todes zu sein. &#8211;<br>Wir bitten Dich, erh\u00f6re uns!<br>G\u00f6ttliches Herz Jesu, Du hast versprochen,<br>\u00fcberreichen Segen auf alle unsere Arbeiten auszugie\u00dfen. &#8211;<br>Wir bitten Dich, erh\u00f6re uns!<br>G\u00f6ttliches Herz Jesu, Du hast versprochen,<br>f\u00fcr die S\u00fcnder eine Quelle unersch\u00f6pflicher Barmherzigkeit<br>und Gnade zu sein. &#8211;<br>Wir bitten Dich, erh\u00f6re uns!<br>G\u00f6ttliches Herz Jesu, Du hast versprochen,<br>gleichg\u00fcltige Seelen liebegl\u00fchend zu machen. &#8211;<br>Wir bitten Dich, erh\u00f6re uns!<br>G\u00f6ttliches Herz Jesu, Du hast versprochen,<br>liebegl\u00fchende Seelen<br>schnell zur Vollkommen-heit zu f\u00fchren. &#8211;<br>Wir bitten Dich, erh\u00f6re uns!<br>G\u00f6ttliches Herz Jesu, Du hast versprochen,<br>jene H\u00e4user zu segnen,<br>in denen Dein heiliges Bild aufgestellt und verehrt wird. &#8211;<br>Wir bitten Dich, erh\u00f6re uns!<br>G\u00f6ttliches Herz Jesu, Du hast versprochen,<br>den Priestern die Kraft zu geben,<br>selbst die h\u00e4rtesten Herzen zu r\u00fchren. &#8211;<br>Wir bitten Dich, erh\u00f6re uns!<br>G\u00f6ttliches Herz Jesu, Du hast versprochen,<br>die Namen aller in Dein Herz zu schreiben,<br>die Deine Andacht verbreiten. &#8211;<br>Wir bitten Dich, erh\u00f6re uns!<br>Anrufungen von Margareta Maria Alacoque<\/p>\n","protected":false},"excerpt":{"rendered":"<p>G\u00f6ttliches Herz Jesu, Du hast versprochen,uns alle Gnaden zu schenken,die wir in unserem Stande brauchen. &#8211;Wir bitten Dich, erh\u00f6re uns!G\u00f6ttliches Herz Jesu, Du hast versprochen,unseren Familien Frieden zu geben. &#8211;Wir bitten Dich, erh\u00f6re uns!G\u00f6ttliches Herz Jesu, Du hast versprochen,uns in &hellip; <a href=\"https:\/\/ecclesiae.de\/blog\/?page_id=10569\">Weiterlesen <span class=\"meta-nav\">&rarr;<\/span><\/a><\/p>\n","protected":false},"author":3,"featured_media":0,"parent":10567,"menu_order":0,"comment_status":"closed","ping_status":"closed","template":"","meta":{"footnotes":""},"class_list":["post-10569","page","type-page","status-publish","hentry"],"_links":{"self":[{"href":"https:\/\/ecclesiae.de\/blog\/index.php?rest_route=\/wp\/v2\/pages\/10569","targetHints":{"allow":["GET"]}}],"collection":[{"href":"https:\/\/ecclesiae.de\/blog\/index.php?rest_route=\/wp\/v2\/pages"}],"about":[{"href":"https:\/\/ecclesiae.de\/blog\/index.php?rest_route=\/wp\/v2\/types\/page"}],"author":[{"embeddable":true,"href":"https:\/\/ecclesiae.de\/blog\/index.php?rest_route=\/wp\/v2\/users\/3"}],"replies":[{"embeddable":true,"href":"https:\/\/ecclesiae.de\/blog\/index.php?rest_route=%2Fwp%2Fv2%2Fcomments&post=10569"}],"version-history":[{"count":1,"href":"https:\/\/ecclesiae.de\/blog\/index.php?rest_route=\/wp\/v2\/pages\/10569\/revisions"}],"predecessor-version":[{"id":10570,"href":"https:\/\/ecclesiae.de\/blog\/index.php?rest_route=\/wp\/v2\/pages\/10569\/revisions\/10570"}],"up":[{"embeddable":true,"href":"https:\/\/ecclesiae.de\/blog\/index.php?rest_route=\/wp\/v2\/pages\/10567"}],"wp:attachment":[{"href":"https:\/\/ecclesiae.de\/blog\/index.php?rest_route=%2Fwp%2Fv2%2Fmedia&parent=10569"}],"curies":[{"name":"wp","href":"https:\/\/api.w.org\/{rel}","templated":true}]}}