{"id":10577,"date":"2022-07-22T13:24:18","date_gmt":"2022-07-22T13:24:18","guid":{"rendered":"http:\/\/ecclesiae.de\/blog\/?page_id=10577"},"modified":"2022-07-22T13:24:18","modified_gmt":"2022-07-22T13:24:18","slug":"abbitte-zum-heiligsten-herzen-jesu","status":"publish","type":"page","link":"https:\/\/ecclesiae.de\/blog\/?page_id=10577","title":{"rendered":"Abbitte zum Heiligsten Herzen Jesu"},"content":{"rendered":"\n<p><br>Mit einem Ablass von 200 Tagen jedes Mal f\u00fcr jeden, der sie mit wahrer Reue \u00fcber seine S\u00fcnden betet. Pius VII. 21 Jan. 1815<br><br>Mit jener tiefsten Ehrfurcht, welche der Glaube mir einfl\u00f6\u00dft, o mein Gott und mein Erl\u00f6ser Jesus Christus,<br>wahrer Gott und wahrer Mensch, liebe ich Dich von ganzem Herzen und bete Dich an, der Du in dem hochw\u00fcrdigsten Sakramente des Altars eingeschlossen bist,<br>zum Ersatze f\u00fcr alle Unehrerbietigkeiten, Entweihungen und gottesr\u00e4uberischen Frevel, die ich jemals ungl\u00fccklicherweise begangen haben k\u00f6nnte,<br>wie auch f\u00fcr alle diejenigen, die von anderen begangen worden sind und leider in Zukunft begangen werden.<br>Ich bete Dich also an, o mein Gott, nicht zwar so, wie Du w\u00fcrdig bist, angebetet zu werden, auch nicht so, wie ich es sollte,<br>aber doch wenigstens so gut, als ich kann; und ich w\u00fcnschte, dass ich es mit aller jener Vollkommenheit tun k\u00f6nnte, deren alle vern\u00fcnftigen Gesch\u00f6pfe f\u00e4hig sind.<br>Indessen mache ich die Meinung, Dich jetzt und f\u00fcr immer anzubeten, nicht allein f\u00fcr alle Katholiken,<br>welche Dich nicht anbeten und nicht lieben, sondern auch f\u00fcr die Bekehrung der schlechten Christen und aller Irrgl\u00e4ubigen, Schismatiker, &#8230;.G\u00f6tzendiener .<br>Ach ja, mein Jesus, m\u00f6chtest Du zu jeder Zeit von allen erkannt, angebetet, geliebt und dankbar verehrt werden in dem heiligsten und g\u00f6ttlichsten Sakramente. Amen<br><br>Dich bet ich an in jeglichem Moment,<br>O Lebensbrot vom Himmel, gro\u00dfes Sakrament!<br>O mein Jesus und du Herz Mari\u00e4,<br>Euch bitte ich zu segnen meine Seele.<br>O Jesus, Du mein heiligster Erl\u00f6ser,<br>Dir weihe ich mein Herz in reiner Liebe. \u00a0<br><br>Q: Maria meine Zuflucht und Trost. Impr. 1917<\/p>\n","protected":false},"excerpt":{"rendered":"<p>Mit einem Ablass von 200 Tagen jedes Mal f\u00fcr jeden, der sie mit wahrer Reue \u00fcber seine S\u00fcnden betet. Pius VII. 21 Jan. 1815 Mit jener tiefsten Ehrfurcht, welche der Glaube mir einfl\u00f6\u00dft, o mein Gott und mein Erl\u00f6ser Jesus &hellip; <a href=\"https:\/\/ecclesiae.de\/blog\/?page_id=10577\">Weiterlesen <span class=\"meta-nav\">&rarr;<\/span><\/a><\/p>\n","protected":false},"author":3,"featured_media":0,"parent":10567,"menu_order":0,"comment_status":"closed","ping_status":"closed","template":"","meta":{"footnotes":""},"class_list":["post-10577","page","type-page","status-publish","hentry"],"_links":{"self":[{"href":"https:\/\/ecclesiae.de\/blog\/index.php?rest_route=\/wp\/v2\/pages\/10577","targetHints":{"allow":["GET"]}}],"collection":[{"href":"https:\/\/ecclesiae.de\/blog\/index.php?rest_route=\/wp\/v2\/pages"}],"about":[{"href":"https:\/\/ecclesiae.de\/blog\/index.php?rest_route=\/wp\/v2\/types\/page"}],"author":[{"embeddable":true,"href":"https:\/\/ecclesiae.de\/blog\/index.php?rest_route=\/wp\/v2\/users\/3"}],"replies":[{"embeddable":true,"href":"https:\/\/ecclesiae.de\/blog\/index.php?rest_route=%2Fwp%2Fv2%2Fcomments&post=10577"}],"version-history":[{"count":1,"href":"https:\/\/ecclesiae.de\/blog\/index.php?rest_route=\/wp\/v2\/pages\/10577\/revisions"}],"predecessor-version":[{"id":10578,"href":"https:\/\/ecclesiae.de\/blog\/index.php?rest_route=\/wp\/v2\/pages\/10577\/revisions\/10578"}],"up":[{"embeddable":true,"href":"https:\/\/ecclesiae.de\/blog\/index.php?rest_route=\/wp\/v2\/pages\/10567"}],"wp:attachment":[{"href":"https:\/\/ecclesiae.de\/blog\/index.php?rest_route=%2Fwp%2Fv2%2Fmedia&parent=10577"}],"curies":[{"name":"wp","href":"https:\/\/api.w.org\/{rel}","templated":true}]}}