{"id":10591,"date":"2022-07-22T14:34:53","date_gmt":"2022-07-22T14:34:53","guid":{"rendered":"http:\/\/ecclesiae.de\/blog\/?page_id=10591"},"modified":"2022-07-22T14:34:53","modified_gmt":"2022-07-22T14:34:53","slug":"maria-name","status":"publish","type":"page","link":"https:\/\/ecclesiae.de\/blog\/?page_id=10591","title":{"rendered":"Maria Name"},"content":{"rendered":"\n<p>O allermildeste Jungfrau Maria!<br>Ich armer S\u00fcnder rufe dich vom Grunde meines Herzens an<br>und bitte dich durch die Kraft deines heiligen Namens,<br>du wolltest mir Barmherzigkeit erlangen.<br>O heiliger Name, o s\u00fc\u00dfer Name!<br>O Name Maria, du tr\u00f6stlicher Name!<br>O Name Maria, du lieblicher Name!<br>Denn was ist Maria anders als eine Zuflucht der S\u00fcnder und eine Tr\u00f6sterin der Betr\u00fcbten?<br>Darum, o Maria! Sei mir um deines Namens willen eine Zuflucht und Tr\u00f6sterin in allen meinen Leiden.<br>O Name Maria! &nbsp;Du Freude der Engel, du Trost der Frommen, du Hoffnung der S\u00fcnder!<br>Dich liebe ich, dich lobe ich, dich ehre ich! Dich will ich haben in meinem Herzen, dich will ich haben in meinem Munde!<br>Denn durch dich hoffe ich Gnade zu erlangen und Trost in allen meinen N\u00f6ten.<br>O du lieber, s\u00fc\u00dfer Name! Wenn ich dich h\u00f6re, erfreut sich mein Herz; wenn ich dich ausspreche, vers\u00fc\u00dft sich mein Mund.<br>Denn der liebe Gott hat dir solche Kraft verliehen, dass alle, welche mit Andacht dich aussprechen, St\u00e4rke und Trost von dir erlangen.<br>O g\u00fctige, o milde, o s\u00fc\u00dfe Maria!<br>Sei mein Trost in jeder Betr\u00fcbnis,<br>meine Hilfe in allen N\u00f6ten,<br>besonders aber in meiner letzten Not,<br>wenn ich vom b\u00f6sen Feinde angefochten<br>und ge\u00e4ngstigt werde!<br>Dann komme mir zu Hilfe, o Maria!<br>Und durch die Kraft deines heiligen Namens vertreibe den Feind von mir.<br>Wenn ich alsdann vielleicht deinen heiligen Namen nicht mehr werde anrufen k\u00f6nnen,<br>so rufe ich ihn schon jetzt f\u00fcr nun und alsdann an und spreche von Grund meines Herzens viel tausendmal:<br>Heilige Maria! heilige Maria ! heilige Maria! steh mir bei und verlass mich nicht in meiner letzten Not. Amen.<\/p>\n\n\n\n<p>&nbsp;Aus dem Buch: Leben und Leiden Jesu Christi von Martin von Cochem 1898<\/p>\n","protected":false},"excerpt":{"rendered":"<p>O allermildeste Jungfrau Maria!Ich armer S\u00fcnder rufe dich vom Grunde meines Herzens anund bitte dich durch die Kraft deines heiligen Namens,du wolltest mir Barmherzigkeit erlangen.O heiliger Name, o s\u00fc\u00dfer Name!O Name Maria, du tr\u00f6stlicher Name!O Name Maria, du lieblicher Name!Denn &hellip; <a href=\"https:\/\/ecclesiae.de\/blog\/?page_id=10591\">Weiterlesen <span class=\"meta-nav\">&rarr;<\/span><\/a><\/p>\n","protected":false},"author":3,"featured_media":0,"parent":10583,"menu_order":0,"comment_status":"closed","ping_status":"closed","template":"","meta":{"footnotes":""},"class_list":["post-10591","page","type-page","status-publish","hentry"],"_links":{"self":[{"href":"https:\/\/ecclesiae.de\/blog\/index.php?rest_route=\/wp\/v2\/pages\/10591","targetHints":{"allow":["GET"]}}],"collection":[{"href":"https:\/\/ecclesiae.de\/blog\/index.php?rest_route=\/wp\/v2\/pages"}],"about":[{"href":"https:\/\/ecclesiae.de\/blog\/index.php?rest_route=\/wp\/v2\/types\/page"}],"author":[{"embeddable":true,"href":"https:\/\/ecclesiae.de\/blog\/index.php?rest_route=\/wp\/v2\/users\/3"}],"replies":[{"embeddable":true,"href":"https:\/\/ecclesiae.de\/blog\/index.php?rest_route=%2Fwp%2Fv2%2Fcomments&post=10591"}],"version-history":[{"count":1,"href":"https:\/\/ecclesiae.de\/blog\/index.php?rest_route=\/wp\/v2\/pages\/10591\/revisions"}],"predecessor-version":[{"id":10592,"href":"https:\/\/ecclesiae.de\/blog\/index.php?rest_route=\/wp\/v2\/pages\/10591\/revisions\/10592"}],"up":[{"embeddable":true,"href":"https:\/\/ecclesiae.de\/blog\/index.php?rest_route=\/wp\/v2\/pages\/10583"}],"wp:attachment":[{"href":"https:\/\/ecclesiae.de\/blog\/index.php?rest_route=%2Fwp%2Fv2%2Fmedia&parent=10591"}],"curies":[{"name":"wp","href":"https:\/\/api.w.org\/{rel}","templated":true}]}}