{"id":10593,"date":"2022-07-22T14:35:39","date_gmt":"2022-07-22T14:35:39","guid":{"rendered":"http:\/\/ecclesiae.de\/blog\/?page_id=10593"},"modified":"2022-07-22T14:35:39","modified_gmt":"2022-07-22T14:35:39","slug":"marienlob","status":"publish","type":"page","link":"https:\/\/ecclesiae.de\/blog\/?page_id=10593","title":{"rendered":"Marienlob"},"content":{"rendered":"\n<p><br>Wir gr\u00fc\u00dfen dich, heilige Mutter,<br>Die du geboren den K\u00f6nig, der \u00fcber Himmel und Erde in alle Ewigkeit herrscht.<br>Selig bist du, denn du hast Ihn empfangen.<br>Selig bist du, denn du hast Ihn geboren.<br>Selig bist du, denn du hast Ihn gen\u00e4hrt, den Allern\u00e4hrer.<br>Selig bist du, denn in deinem Scho\u00dfe hast du den Gewaltigen getragen, der durch Seine Macht die Welt tr\u00e4gt, den, der alles lenkt und leitet.<br>Selig bist du, denn aus deinem Scho\u00df ging ein Glanz hervor, der den ganzen Erdkreis \u00fcberstrahlt und dein Lob verk\u00fcndet.<br>Sei gegr\u00fc\u00dft, du Morgenr\u00f6te des Heils, du Ursache unserer Freude.<br>Sei gegr\u00fc\u00dft, unsere Zuflucht.<br>Sei gegr\u00fc\u00dft, unser Ruhm. Durch dich ist unser Geschlecht zum Himmel erh\u00f6ht worden.<br>Bitte Gott, der aus dir geboren wurde: Er solle Seiner Kirche Schutz verleihen.<br>Durch die Kraft deines Gebetes, o Mutter des Allerh\u00f6chsten, m\u00f6ge Er der Erde und ihren Bewohnern v\u00f6lligen Frieden schenken.<br>Lob sei Ihm, der kam und aus dir aufging, dich zu Seiner Mutter machte und durch dich zum Kind ward.<br>Gebenedeit sei der K\u00f6nig der K\u00f6nige, der Mensch geworden ist und das Menschengeschlecht zur H\u00f6he des Paradieses erhoben hat.<br>Lob sei dem Vater, der Ihn gesandt hat zu unserer Erl\u00f6sung, und Preis dem Heiligen Geiste, der unsere S\u00fcnden tilgt.<br>Amen.<br>&#8222;Herr Jesus Christus (Sohn Gottes),<br>erh\u00f6re uns!&#8220;<br>Altchristliches Marienlob<\/p>\n","protected":false},"excerpt":{"rendered":"<p>Wir gr\u00fc\u00dfen dich, heilige Mutter,Die du geboren den K\u00f6nig, der \u00fcber Himmel und Erde in alle Ewigkeit herrscht.Selig bist du, denn du hast Ihn empfangen.Selig bist du, denn du hast Ihn geboren.Selig bist du, denn du hast Ihn gen\u00e4hrt, den &hellip; <a href=\"https:\/\/ecclesiae.de\/blog\/?page_id=10593\">Weiterlesen <span class=\"meta-nav\">&rarr;<\/span><\/a><\/p>\n","protected":false},"author":3,"featured_media":0,"parent":10583,"menu_order":0,"comment_status":"closed","ping_status":"closed","template":"","meta":{"footnotes":""},"class_list":["post-10593","page","type-page","status-publish","hentry"],"_links":{"self":[{"href":"https:\/\/ecclesiae.de\/blog\/index.php?rest_route=\/wp\/v2\/pages\/10593","targetHints":{"allow":["GET"]}}],"collection":[{"href":"https:\/\/ecclesiae.de\/blog\/index.php?rest_route=\/wp\/v2\/pages"}],"about":[{"href":"https:\/\/ecclesiae.de\/blog\/index.php?rest_route=\/wp\/v2\/types\/page"}],"author":[{"embeddable":true,"href":"https:\/\/ecclesiae.de\/blog\/index.php?rest_route=\/wp\/v2\/users\/3"}],"replies":[{"embeddable":true,"href":"https:\/\/ecclesiae.de\/blog\/index.php?rest_route=%2Fwp%2Fv2%2Fcomments&post=10593"}],"version-history":[{"count":1,"href":"https:\/\/ecclesiae.de\/blog\/index.php?rest_route=\/wp\/v2\/pages\/10593\/revisions"}],"predecessor-version":[{"id":10594,"href":"https:\/\/ecclesiae.de\/blog\/index.php?rest_route=\/wp\/v2\/pages\/10593\/revisions\/10594"}],"up":[{"embeddable":true,"href":"https:\/\/ecclesiae.de\/blog\/index.php?rest_route=\/wp\/v2\/pages\/10583"}],"wp:attachment":[{"href":"https:\/\/ecclesiae.de\/blog\/index.php?rest_route=%2Fwp%2Fv2%2Fmedia&parent=10593"}],"curies":[{"name":"wp","href":"https:\/\/api.w.org\/{rel}","templated":true}]}}