{"id":10595,"date":"2022-07-22T14:36:54","date_gmt":"2022-07-22T14:36:54","guid":{"rendered":"http:\/\/ecclesiae.de\/blog\/?page_id=10595"},"modified":"2022-07-22T14:36:54","modified_gmt":"2022-07-22T14:36:54","slug":"ganz-schoen-bist-du-maria","status":"publish","type":"page","link":"https:\/\/ecclesiae.de\/blog\/?page_id=10595","title":{"rendered":"Ganz schoen bist Du Maria"},"content":{"rendered":"\n<p>Ganz sch\u00f6n bist Du Maria.<br>Kein Makel der Erbschuld ist an Dir.<br>Du bist der Ruhm Jerusalems,<br>Du die Freude Israels,<br>Du die Ehre unsres Volkes,<br>Du die Zuflucht aller S\u00fcnder,<br>Maria.<br>Maria,<br>Du weiseste Jungfrau,<br>Du g\u00fctigste Mutter.<br>Bitt f\u00fcr uns,<br>tritt f\u00fcr uns ein beim Herrn Jesus Christus!<br>Mariengebet vom hl. Papst Pius X.<\/p>\n","protected":false},"excerpt":{"rendered":"<p>Ganz sch\u00f6n bist Du Maria.Kein Makel der Erbschuld ist an Dir.Du bist der Ruhm Jerusalems,Du die Freude Israels,Du die Ehre unsres Volkes,Du die Zuflucht aller S\u00fcnder,Maria.Maria,Du weiseste Jungfrau,Du g\u00fctigste Mutter.Bitt f\u00fcr uns,tritt f\u00fcr uns ein beim Herrn Jesus Christus!Mariengebet vom &hellip; <a href=\"https:\/\/ecclesiae.de\/blog\/?page_id=10595\">Weiterlesen <span class=\"meta-nav\">&rarr;<\/span><\/a><\/p>\n","protected":false},"author":3,"featured_media":0,"parent":10583,"menu_order":0,"comment_status":"closed","ping_status":"closed","template":"","meta":{"footnotes":""},"class_list":["post-10595","page","type-page","status-publish","hentry"],"_links":{"self":[{"href":"https:\/\/ecclesiae.de\/blog\/index.php?rest_route=\/wp\/v2\/pages\/10595","targetHints":{"allow":["GET"]}}],"collection":[{"href":"https:\/\/ecclesiae.de\/blog\/index.php?rest_route=\/wp\/v2\/pages"}],"about":[{"href":"https:\/\/ecclesiae.de\/blog\/index.php?rest_route=\/wp\/v2\/types\/page"}],"author":[{"embeddable":true,"href":"https:\/\/ecclesiae.de\/blog\/index.php?rest_route=\/wp\/v2\/users\/3"}],"replies":[{"embeddable":true,"href":"https:\/\/ecclesiae.de\/blog\/index.php?rest_route=%2Fwp%2Fv2%2Fcomments&post=10595"}],"version-history":[{"count":1,"href":"https:\/\/ecclesiae.de\/blog\/index.php?rest_route=\/wp\/v2\/pages\/10595\/revisions"}],"predecessor-version":[{"id":10596,"href":"https:\/\/ecclesiae.de\/blog\/index.php?rest_route=\/wp\/v2\/pages\/10595\/revisions\/10596"}],"up":[{"embeddable":true,"href":"https:\/\/ecclesiae.de\/blog\/index.php?rest_route=\/wp\/v2\/pages\/10583"}],"wp:attachment":[{"href":"https:\/\/ecclesiae.de\/blog\/index.php?rest_route=%2Fwp%2Fv2%2Fmedia&parent=10595"}],"curies":[{"name":"wp","href":"https:\/\/api.w.org\/{rel}","templated":true}]}}