{"id":10604,"date":"2022-07-22T14:43:02","date_gmt":"2022-07-22T14:43:02","guid":{"rendered":"http:\/\/ecclesiae.de\/blog\/?page_id=10604"},"modified":"2022-07-22T14:43:02","modified_gmt":"2022-07-22T14:43:02","slug":"herz-mariae","status":"publish","type":"page","link":"https:\/\/ecclesiae.de\/blog\/?page_id=10604","title":{"rendered":"Herz Mariae"},"content":{"rendered":"\n<p>Sei gegr\u00fc\u00dft, o glorw\u00fcrdigste Jungfrau, du gl\u00e4nzender Stern Jakobus, welcher uns die Sonne der Gerechtigkeit gebracht hat!<br>Sei gegr\u00fc\u00dft du liebliche Morgenr\u00f6te unseres Heils, erhabene Himmelsk\u00f6nigin, Mutter Jesu, des Eingebornen von Gott dem Vater!<br>Sei gegr\u00fc\u00dft, du wunderbare Blume des Paradieses. Wei\u00dfer als die Lilie, lieblicher als die Rose, geschm\u00fcckt mit allem Liebreiz himmlischer Sch\u00f6nheit!<br>Herz Mari\u00e4 sei gegr\u00fc\u00dft! Aus innerstem Herzen frohlocke ich \u00fcber deine gro\u00dfe Glorie und preise deinen heiligen Namen,<br>der wie mildes Licht in dem Dunkel dieses Erdentales leuchtet und alle Herzen erfreut.<br>O du gebenedeite Jungfrau!<br>Sieh mit einem Blicke deiner Barmherzigkeit auf mich und nimm gn\u00e4dig an die Begr\u00fc\u00dfungen und Bitten, die ich dir darbringe.<br>Q. Empor die Herzen v. Pfr. A. Steeger Impr. 1922<\/p>\n","protected":false},"excerpt":{"rendered":"<p>Sei gegr\u00fc\u00dft, o glorw\u00fcrdigste Jungfrau, du gl\u00e4nzender Stern Jakobus, welcher uns die Sonne der Gerechtigkeit gebracht hat!Sei gegr\u00fc\u00dft du liebliche Morgenr\u00f6te unseres Heils, erhabene Himmelsk\u00f6nigin, Mutter Jesu, des Eingebornen von Gott dem Vater!Sei gegr\u00fc\u00dft, du wunderbare Blume des Paradieses. Wei\u00dfer &hellip; <a href=\"https:\/\/ecclesiae.de\/blog\/?page_id=10604\">Weiterlesen <span class=\"meta-nav\">&rarr;<\/span><\/a><\/p>\n","protected":false},"author":3,"featured_media":0,"parent":10583,"menu_order":0,"comment_status":"closed","ping_status":"closed","template":"","meta":{"footnotes":""},"class_list":["post-10604","page","type-page","status-publish","hentry"],"_links":{"self":[{"href":"https:\/\/ecclesiae.de\/blog\/index.php?rest_route=\/wp\/v2\/pages\/10604","targetHints":{"allow":["GET"]}}],"collection":[{"href":"https:\/\/ecclesiae.de\/blog\/index.php?rest_route=\/wp\/v2\/pages"}],"about":[{"href":"https:\/\/ecclesiae.de\/blog\/index.php?rest_route=\/wp\/v2\/types\/page"}],"author":[{"embeddable":true,"href":"https:\/\/ecclesiae.de\/blog\/index.php?rest_route=\/wp\/v2\/users\/3"}],"replies":[{"embeddable":true,"href":"https:\/\/ecclesiae.de\/blog\/index.php?rest_route=%2Fwp%2Fv2%2Fcomments&post=10604"}],"version-history":[{"count":1,"href":"https:\/\/ecclesiae.de\/blog\/index.php?rest_route=\/wp\/v2\/pages\/10604\/revisions"}],"predecessor-version":[{"id":10605,"href":"https:\/\/ecclesiae.de\/blog\/index.php?rest_route=\/wp\/v2\/pages\/10604\/revisions\/10605"}],"up":[{"embeddable":true,"href":"https:\/\/ecclesiae.de\/blog\/index.php?rest_route=\/wp\/v2\/pages\/10583"}],"wp:attachment":[{"href":"https:\/\/ecclesiae.de\/blog\/index.php?rest_route=%2Fwp%2Fv2%2Fmedia&parent=10604"}],"curies":[{"name":"wp","href":"https:\/\/api.w.org\/{rel}","templated":true}]}}