{"id":10606,"date":"2022-07-22T14:43:58","date_gmt":"2022-07-22T14:43:58","guid":{"rendered":"http:\/\/ecclesiae.de\/blog\/?page_id=10606"},"modified":"2022-07-22T14:43:58","modified_gmt":"2022-07-22T14:43:58","slug":"suehnegebet-zum-unbefleckten-herzen-mariens","status":"publish","type":"page","link":"https:\/\/ecclesiae.de\/blog\/?page_id=10606","title":{"rendered":"S\u00fchnegebet zum Unbefleckten Herzen Mariens"},"content":{"rendered":"\n<p><br><br>Unbeflecktes Herz Mariens, in Demut und Reue \u00fcber unsere eigenen S\u00fcnden wollen wir S\u00fchne und Abbitte leisten f\u00fcr alle S\u00fcnden, durch die das anbetungsw\u00fcrdige Herz deines g\u00f6ttlichen Sohnes so sehr verwundet und auch dein eigenes Herz gemartert wurde.<br>Wir bitten dich um Verzeihung f\u00fcr unsere eigenen Verfehlungen, f\u00fcr unsere eigene Undankbarkeit und K\u00e4lte. Wir bitten dich um Verzeihung f\u00fcr alle armen S\u00fcnder, die durch Unwissenheit, Leidenschaft oder Bosheit verblendet sind.<br>Unbeflecktes Herz Mariens, wir bitten dich, vermehre unseren Glauben und bitte Jesus, ihn als Ersatz f\u00fcr den Unglauben so vieler Menschen anzunehmen. Vermehre unsere Liebe und unsere Dankbarkeit zum Heiligsten Herzen Jesu und deinem Unbefleckten Herzen, und bitte Jesus, sie als Ersatz f\u00fcr den Undank aller S\u00fcnder anzunehmen.<br>Unbeflecktes Herz Mariens, wir vertrauen auf dich und rufen zu dir, auch f\u00fcr alle jene, die dich nicht lieben, nicht auf deine m\u00fctterliche Liebe und G\u00fcte vertrauen und dich nicht anrufen.<br>Gerne wollen auch wir, wie du es von den drei Kindern, denen du in Fatima erschienen bist, verlangt hast, uns \u00bbGott schenken, bereit, jedes Opfer zu bringen und jedes Leiden anzunehmen, das er uns schicken wird, als S\u00fchne f\u00fcr die vielen S\u00fcnden, durch die die g\u00f6ttliche Majest\u00e4t beleidigt wird, zur Bekehrung der S\u00fcnder und als Genugtuung f\u00fcr die Fl\u00fcche und alle \u00fcbrigen Beleidigungen, die deinem Unbefleckten Herzen zugef\u00fcgt werden\u00ab.<br>Bekehre, o Mutter, bekehre die S\u00fcnder und offenbare auch ihnen dein Unbeflecktes Herz als sichere Zufluchtsst\u00e4tte, wo sich ihre Fl\u00fcche in Lobpreis Gottes, ihr Unglaube in Glaube, ihre Gleichg\u00fcltigkeit in Gebet und ihr Hass in Liebe wandeln werden.<br>Gib, dass wir Gott den Herrn nicht mehr beleidigen, der schon so viel beleidigt wurde. Erlange uns von deinem g\u00f6ttlichen Sohne die Gnade, stets treu in diesem Geiste der S\u00fchne zu verharren und dein Unbeflecktes Herz nachzuahmen durch Reinheit des Gewissens, durch Demut und Opfergeist, durch wahre Gottes- und N\u00e4chstenliebe.<br>Unbeflecktes Herz Mariens, dir sei Lob und Preis und Liebe. Wir vertrauen auf dich! Hilf uns in allen K\u00e4mpfen, N\u00f6ten und Gefahren, jetzt und in der Stunde unseres Todes. Amen.<br><br>Unbeflecktes Herz Mariens, wir vertrauen auf dich! Vernichte die Macht Satans und bitte f\u00fcr uns! G\u00f6ttliches Herz Jesu, erbarme dich unser!<br><br><strong>Aufgrund einer Erscheinung der Muttergottes in Fatima (von der Kirche anerkannt ) sie erbittet\u00a0 die Verehrung ihres unbefleckten Herzens, das t\u00e4gliche Rosenkranzgebet\u00a0 und die S\u00fchnekommunion an 5 aufeinanderfolgenden ersten Samstagen ( oder Sonntagen) des Monats.<br><br>Die Mutter Gottes in Fatima sagte am 13.6.1917: &#8222;Jesus will die Verehrung meines unbefleckten Herzens in der Welt begr\u00fcnden &#8211; wer sie \u00fcbt, dem verspreche ich das Heil.<br>Diese Seelen werden von Gott bevorzugt werden wie Blumen, die ich vor seinen Thron bringe.\u00a0<\/strong><\/p>\n","protected":false},"excerpt":{"rendered":"<p>Unbeflecktes Herz Mariens, in Demut und Reue \u00fcber unsere eigenen S\u00fcnden wollen wir S\u00fchne und Abbitte leisten f\u00fcr alle S\u00fcnden, durch die das anbetungsw\u00fcrdige Herz deines g\u00f6ttlichen Sohnes so sehr verwundet und auch dein eigenes Herz gemartert wurde.Wir bitten dich &hellip; <a href=\"https:\/\/ecclesiae.de\/blog\/?page_id=10606\">Weiterlesen <span class=\"meta-nav\">&rarr;<\/span><\/a><\/p>\n","protected":false},"author":3,"featured_media":0,"parent":10583,"menu_order":0,"comment_status":"closed","ping_status":"closed","template":"","meta":{"footnotes":""},"class_list":["post-10606","page","type-page","status-publish","hentry"],"_links":{"self":[{"href":"https:\/\/ecclesiae.de\/blog\/index.php?rest_route=\/wp\/v2\/pages\/10606","targetHints":{"allow":["GET"]}}],"collection":[{"href":"https:\/\/ecclesiae.de\/blog\/index.php?rest_route=\/wp\/v2\/pages"}],"about":[{"href":"https:\/\/ecclesiae.de\/blog\/index.php?rest_route=\/wp\/v2\/types\/page"}],"author":[{"embeddable":true,"href":"https:\/\/ecclesiae.de\/blog\/index.php?rest_route=\/wp\/v2\/users\/3"}],"replies":[{"embeddable":true,"href":"https:\/\/ecclesiae.de\/blog\/index.php?rest_route=%2Fwp%2Fv2%2Fcomments&post=10606"}],"version-history":[{"count":1,"href":"https:\/\/ecclesiae.de\/blog\/index.php?rest_route=\/wp\/v2\/pages\/10606\/revisions"}],"predecessor-version":[{"id":10607,"href":"https:\/\/ecclesiae.de\/blog\/index.php?rest_route=\/wp\/v2\/pages\/10606\/revisions\/10607"}],"up":[{"embeddable":true,"href":"https:\/\/ecclesiae.de\/blog\/index.php?rest_route=\/wp\/v2\/pages\/10583"}],"wp:attachment":[{"href":"https:\/\/ecclesiae.de\/blog\/index.php?rest_route=%2Fwp%2Fv2%2Fmedia&parent=10606"}],"curies":[{"name":"wp","href":"https:\/\/api.w.org\/{rel}","templated":true}]}}