{"id":10611,"date":"2022-07-22T14:52:07","date_gmt":"2022-07-22T14:52:07","guid":{"rendered":"http:\/\/ecclesiae.de\/blog\/?page_id=10611"},"modified":"2022-07-22T14:52:07","modified_gmt":"2022-07-22T14:52:07","slug":"weihe-der-welt-an-das-unbeflecktes-herz-mariens-durch-papst-pius-xii-am-31-10-1942","status":"publish","type":"page","link":"https:\/\/ecclesiae.de\/blog\/?page_id=10611","title":{"rendered":"Weihe der Welt an das Unbeflecktes Herz Mariens durch Papst Pius XII. am 31.10.1942"},"content":{"rendered":"\n<p><br>K\u00f6nigin des heiligen Rosenkranzes, Hilfe der Christen, Zuflucht des menschlichen Geschlechtes, Siegerin in allen Schlachten Gottes!<br><br>Flehend werfen wir uns vor deinem Throne nieder. Wir kommen voll Vertrauen, da\u00df wir Barmherzigkeit, Gnade und rechte Hilfe in unseren Bedr\u00e4ngnissen erlangen.<br>Wir vertrauen nicht auf unsere Verdienste, sondern einzig auf die unendliche G\u00fcte deines m\u00fctterlichen Herzens.<br>Dir und deinem unbefleckten Herzen vertrauen wir uns an und weihen wir uns in dieser entscheidenden Stunde der menschlichen Geschichte.<br>Dabei vereinigen wir uns mit der heiligen Kirche, dem geheimnisvollen Leib deines g\u00f6ttlichen Sohnes, der allenthalben leidet und blutet und so vielfach heimgesucht ist.<br>Wir vereinigen uns mit der ganzen Welt. Sie ist ein Opfer der eigenen S\u00fcnde, von furchtbarer Zwietracht zerrissen, brennend in Feuerflammen des Hasses.<br><br>Dich, o Mutter, r\u00fchren so viele Ruinen der Welt und der Seelen, so viele Schmerzen, so viele \u00c4ngste von V\u00e4tern und M\u00fcttern, von Ehegatten, Br\u00fcdern und unschuldigen Kindern;<br>dich r\u00fchren so viele in der Bl\u00fcte der Jahre dahingeraffte Menschenleben, so viele gemarterte und sterbende Menschen, so viele Seelen, die in Gefahr sind, ewig verlorenzugehen.<br>Du, o Mutter der Barmherzigkeit, erbitte uns von Gott den Frieden! Erbitte uns vor allem jene Gnaden, die in einem Augenblick die Seelen umwandeln k\u00f6nnen;<br>erbitte uns jene Gnaden, die den Frieden vorbereiten, herbeif\u00fchren und sichern! K\u00f6nigin des Friedens, bitte f\u00fcr uns und gib der Welt den Frieden, nach dem die V\u00f6lker seufzen,<br>den Frieden in der Wahrheit, in der Gerechtigkeit, in der Liebe Christi! Gib der Welt den Frieden der Waffen und den Frieden der Seelen, damit in der Ruhe der Ordnung das Reich Gottes sich ausbreite.<br><br>Gew\u00e4hre deinen Schutz den Ungl\u00e4ubigen und denen, die noch im Todesschatten liegen; schenke ihnen den Frieden! La\u00df f\u00fcr sie die Sonne der Wahrheit aufsteigen!<br>La\u00df sie mit uns vor dem einen Erl\u00f6ser der Welt die Worte wiederholen: \u201eEhre sei Gott in der H\u00f6he, und Friede den Menschen auf Erden, die eines guten Willens sind.\u201c<br><br>Wir bitten f\u00fcr die durch Irrtum und Zwietracht getrennten V\u00f6lker, vornehmlich f\u00fcr diejenigen, die dir eine besondere Andacht bezeugen.<br>Gib ihnen den Frieden! F\u00fchre sie zur\u00fcck zum einen Schafstall Christi unter dem einen und wahren Hirten!<br><br>Erflehe Frieden und volle Freiheit der heiligen Kirche Gottes! Halte die wachsende Flut des Neuheidentums auf!<br><br>Vermehre in den Gl\u00e4ubigen die Liebe zur Reinheit, die t\u00e4tige \u00dcbung des christlichen Lebens und den apostolischen Eifer!<br>La\u00df die Gemeinschaft derer, die Gott dienen, zunehmen an Verdienst und Zahl! Dem Herzen deines g\u00f6ttlichen Sohnes Jesus Christus wurde die Kirche und das ganze menschliche Geschlecht geweiht.<br>Auf ihn sollten alle ihre ganze Hoffnung setzen! Er sollte f\u00fcr sie Zeichen und Unterpfand des Sieges und der Rettung sein!<br>So weihen wir uns auf ewig auch Dir, deinem unbefleckten Herzen, o Mutter und K\u00f6nigin der Welt! Deine Liebe und dein Schutz sollen den Sieg des Reiches Gottes beschleunigen!<br>Alle V\u00f6lker, im Frieden mit sich und mit Gott, sollen dich selig preisen!<br>Mit dir sollen sie von einem Ende der Welt bis zum anderen das ewige Magnifikat der Glorie, der Liebe und Dankbarkeit zum Herzen Jesu anstimmen:<br>In ihm allein k\u00f6nnen sie die Wahrheit, das Leben und den Frieden finden. Amen.<\/p>\n","protected":false},"excerpt":{"rendered":"<p>K\u00f6nigin des heiligen Rosenkranzes, Hilfe der Christen, Zuflucht des menschlichen Geschlechtes, Siegerin in allen Schlachten Gottes! Flehend werfen wir uns vor deinem Throne nieder. Wir kommen voll Vertrauen, da\u00df wir Barmherzigkeit, Gnade und rechte Hilfe in unseren Bedr\u00e4ngnissen erlangen.Wir vertrauen &hellip; <a href=\"https:\/\/ecclesiae.de\/blog\/?page_id=10611\">Weiterlesen <span class=\"meta-nav\">&rarr;<\/span><\/a><\/p>\n","protected":false},"author":3,"featured_media":0,"parent":10378,"menu_order":0,"comment_status":"closed","ping_status":"closed","template":"","meta":{"footnotes":""},"class_list":["post-10611","page","type-page","status-publish","hentry"],"_links":{"self":[{"href":"https:\/\/ecclesiae.de\/blog\/index.php?rest_route=\/wp\/v2\/pages\/10611","targetHints":{"allow":["GET"]}}],"collection":[{"href":"https:\/\/ecclesiae.de\/blog\/index.php?rest_route=\/wp\/v2\/pages"}],"about":[{"href":"https:\/\/ecclesiae.de\/blog\/index.php?rest_route=\/wp\/v2\/types\/page"}],"author":[{"embeddable":true,"href":"https:\/\/ecclesiae.de\/blog\/index.php?rest_route=\/wp\/v2\/users\/3"}],"replies":[{"embeddable":true,"href":"https:\/\/ecclesiae.de\/blog\/index.php?rest_route=%2Fwp%2Fv2%2Fcomments&post=10611"}],"version-history":[{"count":1,"href":"https:\/\/ecclesiae.de\/blog\/index.php?rest_route=\/wp\/v2\/pages\/10611\/revisions"}],"predecessor-version":[{"id":10612,"href":"https:\/\/ecclesiae.de\/blog\/index.php?rest_route=\/wp\/v2\/pages\/10611\/revisions\/10612"}],"up":[{"embeddable":true,"href":"https:\/\/ecclesiae.de\/blog\/index.php?rest_route=\/wp\/v2\/pages\/10378"}],"wp:attachment":[{"href":"https:\/\/ecclesiae.de\/blog\/index.php?rest_route=%2Fwp%2Fv2%2Fmedia&parent=10611"}],"curies":[{"name":"wp","href":"https:\/\/api.w.org\/{rel}","templated":true}]}}