{"id":10613,"date":"2022-07-22T14:53:04","date_gmt":"2022-07-22T14:53:04","guid":{"rendered":"http:\/\/ecclesiae.de\/blog\/?page_id=10613"},"modified":"2022-07-22T14:53:04","modified_gmt":"2022-07-22T14:53:04","slug":"mutter-christi-und-unsere-mutter","status":"publish","type":"page","link":"https:\/\/ecclesiae.de\/blog\/?page_id=10613","title":{"rendered":"MUTTER CHRISTI UND UNSERE MUTTER"},"content":{"rendered":"\n<p><br><br>Du \u00c4hrenmadonna seit Jahrhunderten hier verehrt.<br>Deine Augen schauen g\u00fctig auf uns.<br>Mit kindlichem Vertrauen bitten wir dich:<br>st\u00e4rke unseren Glauben. Dein Glaube sei uns Vorbild.<br>Du F\u00fcrsprecherin am Throne Gottes und unsere Schutzfrau.<br>Erbitte den Segen f\u00fcr unsere H\u00e4user, Geh\u00f6fte, Familien, Eltern und Kinder.<br>Breite deinen Mantel aus \u00fcber alle Arbeitsst\u00e4tten, Krankenh\u00e4user und Menschen,<br>die sich einsam und verloren f\u00fchlen.<br>Beh\u00fcte unsere Bisch\u00f6fe, Priester und Ordensleute.<br>Stehe uns auch g\u00fctig bei in der Stunde unseres Todes. Amen.<br>Mit frdl. Erlaubnis von P. Kajetan BGL<\/p>\n","protected":false},"excerpt":{"rendered":"<p>Du \u00c4hrenmadonna seit Jahrhunderten hier verehrt.Deine Augen schauen g\u00fctig auf uns.Mit kindlichem Vertrauen bitten wir dich:st\u00e4rke unseren Glauben. Dein Glaube sei uns Vorbild.Du F\u00fcrsprecherin am Throne Gottes und unsere Schutzfrau.Erbitte den Segen f\u00fcr unsere H\u00e4user, Geh\u00f6fte, Familien, Eltern und Kinder.Breite &hellip; <a href=\"https:\/\/ecclesiae.de\/blog\/?page_id=10613\">Weiterlesen <span class=\"meta-nav\">&rarr;<\/span><\/a><\/p>\n","protected":false},"author":3,"featured_media":0,"parent":10583,"menu_order":0,"comment_status":"closed","ping_status":"closed","template":"","meta":{"footnotes":""},"class_list":["post-10613","page","type-page","status-publish","hentry"],"_links":{"self":[{"href":"https:\/\/ecclesiae.de\/blog\/index.php?rest_route=\/wp\/v2\/pages\/10613","targetHints":{"allow":["GET"]}}],"collection":[{"href":"https:\/\/ecclesiae.de\/blog\/index.php?rest_route=\/wp\/v2\/pages"}],"about":[{"href":"https:\/\/ecclesiae.de\/blog\/index.php?rest_route=\/wp\/v2\/types\/page"}],"author":[{"embeddable":true,"href":"https:\/\/ecclesiae.de\/blog\/index.php?rest_route=\/wp\/v2\/users\/3"}],"replies":[{"embeddable":true,"href":"https:\/\/ecclesiae.de\/blog\/index.php?rest_route=%2Fwp%2Fv2%2Fcomments&post=10613"}],"version-history":[{"count":1,"href":"https:\/\/ecclesiae.de\/blog\/index.php?rest_route=\/wp\/v2\/pages\/10613\/revisions"}],"predecessor-version":[{"id":10614,"href":"https:\/\/ecclesiae.de\/blog\/index.php?rest_route=\/wp\/v2\/pages\/10613\/revisions\/10614"}],"up":[{"embeddable":true,"href":"https:\/\/ecclesiae.de\/blog\/index.php?rest_route=\/wp\/v2\/pages\/10583"}],"wp:attachment":[{"href":"https:\/\/ecclesiae.de\/blog\/index.php?rest_route=%2Fwp%2Fv2%2Fmedia&parent=10613"}],"curies":[{"name":"wp","href":"https:\/\/api.w.org\/{rel}","templated":true}]}}