{"id":10615,"date":"2022-07-22T14:54:40","date_gmt":"2022-07-22T14:54:40","guid":{"rendered":"http:\/\/ecclesiae.de\/blog\/?page_id=10615"},"modified":"2022-07-22T14:54:40","modified_gmt":"2022-07-22T14:54:40","slug":"gebet-zur-rosa-mystica","status":"publish","type":"page","link":"https:\/\/ecclesiae.de\/blog\/?page_id=10615","title":{"rendered":"Gebet zur &#8222;Rosa Mystica&#8220;"},"content":{"rendered":"\n<p><br>Rosa Mystica, Unbefleckte Jungfrau, Mutter der Gnade, zur Ehre Deines g\u00f6ttlichen Sohnes werfen wir uns vor Dir nieder,<br>um von Gott Barmherzigkeit zu erflehen.<br>Nicht durch unsere Verdienste, sondern durch die G\u00fcte Deines m\u00fctterlichen Herzens erbitten wir Hilfe und Gnaden<br>in der Gewissheit, dass Du uns erh\u00f6ren wirst. \u00a0 \u00a0 \u00a0 \u00a0 \u00a0 \u00a0 \u00a0 \u00a0 \u00a0 \u00a0 \u00a0 \u00a0 \u00a0 \u00a0 \u00a0 \u00a0 \u00a0 \u00a0 \u00a0 \u00a0 \u00a0<br>Ave Maria &#8230;<br><br><br>Rosa Mystica, Mutter Jesu, K\u00f6nigin des Heiligen Rosenkranzes und Mutter der Kirche, des mystischen Leibes Christi,<br>wir erbitten f\u00fcr die durch Zwietracht zerrissene Welt das Geschenk der Einigkeit und des Friedens und alle jene Gnaden,<br>welche die Herzen so vieler Deiner Kinder umwandeln k\u00f6nnen. \u00a0 \u00a0 \u00a0 \u00a0 \u00a0 \u00a0 \u00a0 \u00a0 \u00a0 \u00a0 \u00a0 \u00a0 \u00a0 \u00a0 \u00a0 \u00a0 \u00a0 \u00a0 \u00a0 \u00a0 \u00a0 \u00a0 \u00a0 \u00a0 \u00a0 \u00a0 \u00a0 \u00a0 \u00a0 \u00a0 \u00a0 \u00a0 \u00a0 \u00a0 \u00a0 \u00a0 \u00a0 \u00a0 \u00a0 \u00a0<br>Ave Maria &#8230;<br><br>Rosa Mystica, K\u00f6nigin der Apostel, lasse rings um die eucharistischen Alt\u00e4re zahlreiche Priester- und Ordensberufe erbl\u00fchen,<br>welche mit der Heiligkeit des Lebens und mit gl\u00fchendem Eifer f\u00fcr die Seelen das Reich deines Sohnes Jesus in der ganzen Welt ausbreiten k\u00f6nnen.<br>Gie\u00dfe doch \u00fcber uns Deine himmlischen Gnaden aus! \u00a0 \u00a0 \u00a0 \u00a0 \u00a0 \u00a0 \u00a0 \u00a0 \u00a0 \u00a0 \u00a0 \u00a0 \u00a0 \u00a0<br>Ave Maria &#8230;<br>Gegr\u00fc\u00dfet seist Du K\u00f6nigin&#8230;. Rosa Mystica Mutter der Kirche bitte f\u00fcr uns!<\/p>\n","protected":false},"excerpt":{"rendered":"<p>Rosa Mystica, Unbefleckte Jungfrau, Mutter der Gnade, zur Ehre Deines g\u00f6ttlichen Sohnes werfen wir uns vor Dir nieder,um von Gott Barmherzigkeit zu erflehen.Nicht durch unsere Verdienste, sondern durch die G\u00fcte Deines m\u00fctterlichen Herzens erbitten wir Hilfe und Gnadenin der Gewissheit, &hellip; <a href=\"https:\/\/ecclesiae.de\/blog\/?page_id=10615\">Weiterlesen <span class=\"meta-nav\">&rarr;<\/span><\/a><\/p>\n","protected":false},"author":3,"featured_media":0,"parent":10583,"menu_order":0,"comment_status":"closed","ping_status":"closed","template":"","meta":{"footnotes":""},"class_list":["post-10615","page","type-page","status-publish","hentry"],"_links":{"self":[{"href":"https:\/\/ecclesiae.de\/blog\/index.php?rest_route=\/wp\/v2\/pages\/10615","targetHints":{"allow":["GET"]}}],"collection":[{"href":"https:\/\/ecclesiae.de\/blog\/index.php?rest_route=\/wp\/v2\/pages"}],"about":[{"href":"https:\/\/ecclesiae.de\/blog\/index.php?rest_route=\/wp\/v2\/types\/page"}],"author":[{"embeddable":true,"href":"https:\/\/ecclesiae.de\/blog\/index.php?rest_route=\/wp\/v2\/users\/3"}],"replies":[{"embeddable":true,"href":"https:\/\/ecclesiae.de\/blog\/index.php?rest_route=%2Fwp%2Fv2%2Fcomments&post=10615"}],"version-history":[{"count":1,"href":"https:\/\/ecclesiae.de\/blog\/index.php?rest_route=\/wp\/v2\/pages\/10615\/revisions"}],"predecessor-version":[{"id":10616,"href":"https:\/\/ecclesiae.de\/blog\/index.php?rest_route=\/wp\/v2\/pages\/10615\/revisions\/10616"}],"up":[{"embeddable":true,"href":"https:\/\/ecclesiae.de\/blog\/index.php?rest_route=\/wp\/v2\/pages\/10583"}],"wp:attachment":[{"href":"https:\/\/ecclesiae.de\/blog\/index.php?rest_route=%2Fwp%2Fv2%2Fmedia&parent=10615"}],"curies":[{"name":"wp","href":"https:\/\/api.w.org\/{rel}","templated":true}]}}