{"id":10617,"date":"2022-07-22T14:56:58","date_gmt":"2022-07-22T14:56:58","guid":{"rendered":"http:\/\/ecclesiae.de\/blog\/?page_id=10617"},"modified":"2022-07-22T14:56:58","modified_gmt":"2022-07-22T14:56:58","slug":"zur-mutter-vom-guten-rat","status":"publish","type":"page","link":"https:\/\/ecclesiae.de\/blog\/?page_id=10617","title":{"rendered":"Zur Mutter vom guten Rat"},"content":{"rendered":"\n<p><br>O Maria, Mutter vom guten Rat, du Ausspenderin aller Gnaden, du Zuflucht aller Armen! Dein Rat kann das Schlimmste zum Guten wenden und deine erbarmende Liebe st\u00f6\u00dft keinen S\u00fcnder zur\u00fcck. Blicke auf unsere Ratlosigkeit und erbitte uns die F\u00fclle die Gabe des Rates vom g\u00f6ttlichen Tr\u00f6stergeist. Habe Mitleid mit unserer Hilflosigkeit und wende alles zum Besten. Denn Du o Mutter vom guten Rat, hast noch keinen ohne Hilfe gelassen, der voll \u00a0Vertrauen zu Dir gerufen hat.<br><br>Gegr\u00fcsset seist du Maria&#8230;..Jesus: Maria, Mutter vom guten Rat, erteile uns in allem deinen Rat. Heilige Maria&#8230;.<br><br>Gegr\u00fcsset seist du Maria&#8230;.Jesus: Maria, Mutter vom Guten Rat, zu jedem Werk zu jeder Tat, gib uns deinen Rat. Heilige Maria&#8230;<br><br>Gegr\u00fcsset seist du Maria&#8230;.Jesus: Maria Mutter vom guten Rat, in Krankheit, Angst und Not, gib uns deinen Trost und Rat. Heilige Maria&#8230;.<br><br><br>Litanei:<br><br>Herr erbarme dich unser \u2013<br>Christus erbarme Dich unser<br>Herr erbarme Dich unser<br>Christus h\u00f6re uns<br>Christus erh\u00f6re uns<br>Gott Vater vom Himmel \u2013 erbarme Dich unser<br>Gott Sohn Erl\u00f6ser der Welt \u00a0&#8211; \u00a0<br>Gott Heiliger Geist \u2013<br>Heiligste Dreifaltigkeit, ein einiger Gott \u2013<br>\u00a0<br>Heilige Maria \u2013 Bitte f\u00fcr uns<br>Heilige Gottesmutter \u2013<br>Heilige Jungfrau \u00fcber allen Jungfrauen \u2013<br>Mutter Christi \u2013<br>Mutter des guten Rates \u2013<br>Du Tochter des himmlischen Vaters \u2013<br>Du Mutter des g\u00f6ttlichen Sohnes \u2013<br>Du Braut des Heiligen Geistes \u2013<br>Du Tempel der Heiligsten Dreifaltigkeit \u2013 \u00a0<br>Du Sitz der Weisheit \u2013 \u00a0<br>Du Arche des Bundes \u2013<br>Du K\u00f6nigin der Hl. Engel \u2013<br>Du Zierde der Propheten \u2013<br>Du Ratgeberin der Apostel \u2013 \u00a0<br>Du Ratgeberin der M\u00e4rtyrer \u2013<br>Du Ratgeberin der Bekenner \u2013 \u00a0<br>Du Ratgeberin der Jungfrauen \u2013<br>Du Ratgeberin aller Heiligen \u2013<br>Du Ratgeberin der Bedr\u00e4ngten \u2013<br>Du Ratgeberin der Betr\u00fcbten \u2013<br>Du Ratgeberin der Kranken \u2013<br>Du Ratgeberin der Armen &#8211;<br>Du Ratgeberin der Witwen und Waisen \u2013<br>Du Ratgeberin aller Notleidenden \u2013 \u00a0<br>Du Ratgeberin in allen Gefahren \u2013<br>Du Ratgeberin in allen Versuchungen \u2013<br>Du Ratgeberin in allen \u00c4ngsten und Zweifeln \u2013<br>Du Ratgeberin der Sterbenden \u2013<br>In allen N\u00f6ten und Anliegen \u2013 erteile uns guten Rat<br>In allen Zweifeln und Verwirrungen \u2013<br>In allen Betr\u00fcbnissen und Widerw\u00e4rtigkeiten &#8211; \u00a0<br>In allen Gefahren und Ungl\u00fccksf\u00e4llen \u2013<br>In allen Unternehmungen und Gesch\u00e4ften \u2013<br>In allen unseren Bed\u00fcrfnissen \u2013<br>Du Ratgeberin der sich bekehrenden S\u00fcnder \u2013<br>In jeder Ungewissheit und Unsicherheit \u2013<br>In allen Versuchungen und Nachstellungen<br>In Kreuz und Leiden \u2013 \u00a0<br>In allen Gefahren des Leibes und der Seele \u2013<br>In allen Vorf\u00e4llen dieses Lebens \u2013 \u00a0<br>In der Stunde unseres Todes \u2013 \u00a0<br>Heilige Maria, du Mutter des guten Rates \u2013 \u00a0<br><br>Lamm Gottes, Du nimmst hinweg die S\u00fcnden der Welt \u2013 verschone uns o Herr!<br>Lamm Gottes, Du nimmst hinweg die S\u00fcnden der Welt \u2013 erh\u00f6re uns o Herr!<br>Lamm Gottes, du nimmst hinweg die S\u00fcnden der Welt \u2013 erbarme Dich unser!<br>Bitte f\u00fcr uns, o Mutter des guten Rates \u2013 auf dass wir w\u00fcrdig werden der Verhei\u00dfungen Christi.<br>Lasset uns beten: Gott, Du hast die Mutter Deines geliebten Sohnes auch uns zur Mutter gegeben. Wir bitten Dich, gew\u00e4hre, dass wir in treuer Befolgung ihrer m\u00fctterlichen Ermahnungen nach Deinem Herzen leben und gl\u00fccklich zum himmlischen Vaterland gelangen, durch Christus unsern Herrn. Amen.<br><br><br>Mutter mit dem Jesuskinde,<br>Mutter du vom guten Rat,<br>wenn ich keinen Ausweg finde,<br>zeig du mir den rechten Pfad.<br><br>Und in den verschied\u00b4nen Lagen<br>meines Lebens steh mir bei,<br>dann vermag ich stets zu sagen,<br>dass ich gut beraten sei.<br><br>Doch vernimm jetzt meinen Willen, \u00a0<br>den ich zeige durch die Tat,<br>immer werde ich erf\u00fcllen,<br>Mutter, deinen guten Rat.<\/p>\n","protected":false},"excerpt":{"rendered":"<p>O Maria, Mutter vom guten Rat, du Ausspenderin aller Gnaden, du Zuflucht aller Armen! Dein Rat kann das Schlimmste zum Guten wenden und deine erbarmende Liebe st\u00f6\u00dft keinen S\u00fcnder zur\u00fcck. Blicke auf unsere Ratlosigkeit und erbitte uns die F\u00fclle die &hellip; <a href=\"https:\/\/ecclesiae.de\/blog\/?page_id=10617\">Weiterlesen <span class=\"meta-nav\">&rarr;<\/span><\/a><\/p>\n","protected":false},"author":3,"featured_media":0,"parent":10583,"menu_order":0,"comment_status":"closed","ping_status":"closed","template":"","meta":{"footnotes":""},"class_list":["post-10617","page","type-page","status-publish","hentry"],"_links":{"self":[{"href":"https:\/\/ecclesiae.de\/blog\/index.php?rest_route=\/wp\/v2\/pages\/10617","targetHints":{"allow":["GET"]}}],"collection":[{"href":"https:\/\/ecclesiae.de\/blog\/index.php?rest_route=\/wp\/v2\/pages"}],"about":[{"href":"https:\/\/ecclesiae.de\/blog\/index.php?rest_route=\/wp\/v2\/types\/page"}],"author":[{"embeddable":true,"href":"https:\/\/ecclesiae.de\/blog\/index.php?rest_route=\/wp\/v2\/users\/3"}],"replies":[{"embeddable":true,"href":"https:\/\/ecclesiae.de\/blog\/index.php?rest_route=%2Fwp%2Fv2%2Fcomments&post=10617"}],"version-history":[{"count":1,"href":"https:\/\/ecclesiae.de\/blog\/index.php?rest_route=\/wp\/v2\/pages\/10617\/revisions"}],"predecessor-version":[{"id":10618,"href":"https:\/\/ecclesiae.de\/blog\/index.php?rest_route=\/wp\/v2\/pages\/10617\/revisions\/10618"}],"up":[{"embeddable":true,"href":"https:\/\/ecclesiae.de\/blog\/index.php?rest_route=\/wp\/v2\/pages\/10583"}],"wp:attachment":[{"href":"https:\/\/ecclesiae.de\/blog\/index.php?rest_route=%2Fwp%2Fv2%2Fmedia&parent=10617"}],"curies":[{"name":"wp","href":"https:\/\/api.w.org\/{rel}","templated":true}]}}