{"id":10619,"date":"2022-07-22T14:58:02","date_gmt":"2022-07-22T14:58:02","guid":{"rendered":"http:\/\/ecclesiae.de\/blog\/?page_id=10619"},"modified":"2022-07-22T14:58:02","modified_gmt":"2022-07-22T14:58:02","slug":"gebet-um-gute-priester","status":"publish","type":"page","link":"https:\/\/ecclesiae.de\/blog\/?page_id=10619","title":{"rendered":"Gebet um gute Priester"},"content":{"rendered":"\n<p><br>Jesus, Du ewiger Hirte der Seelen, erh\u00f6re unser Gebet f\u00fcr unsere Priester. Du erh\u00f6rest ja darin Dein eigenes, unendliches Verlangen!<br>Ja, Dein Herz schl\u00e4gt am zartesten und hei\u00dfesten gerade f\u00fcr die Priester, in denen Du alle Seelen mit Deiner Liebe umf\u00e4ngst.<br>Wir bekennen es, dass wir unw\u00fcrdig sind, heilige Priester zu haben. Allein Dein Erbarmen ist unendlich gr\u00f6sser als unsere Torheit und Bosheit.<br>O Jesus, sorge Du selber daf\u00fcr, dass nur die zur W\u00fcrde des Priestertums emporsteigen, die von Dir dazu berufen sind. Erleuchte die Oberhirten bei ihrer Wahl,<br>erleuchte die Seelenf\u00fchrer bei ihrem Rate, die Erzieher bei Heranbildung ihrer Berufe. Gib uns Priester, die den Engeln gleich sind an Reinheit,<br>vollkommen in der Demut, gl\u00fchend von heiliger Liebe wie die Seraphim, heldenm\u00fctig im Opfergeist, voll von apostolischem Eifer f\u00fcr Deine Ehre, f\u00fcr Rettung und Heiligung der Seelen.<br>Erbarme Dich all der Unwissenden, denen die Priester Licht sein m\u00fcssen, habe Mitleid mit all den Arbeitern, die durch sie vor Bet\u00f6rung gesch\u00fctzt,<br>in Deinem Namen gerettet werden sollen, erbarme Dich all der Kinder und all der jungen Leute, die da einen suchen, der sie retten und zu Dir hinf\u00fchre,<br>erbarme Dich all der Leidenden, die eines Tr\u00f6sters bed\u00fcrfen, der sie in Deinem Herzen tr\u00f6ste.<br>Bedenke, wie viele Seelen durch das Wirken wahrhaft heiligm\u00e4\u00dfiger Priester zur Vollkommenheit gelangen k\u00f6nnen.<br>Darum, o Jesus, lass Dich noch einmal von Mitleid r\u00fchren durch die Scharen des Volkes, die das hungern und d\u00fcrsten!<br>Gib, dass Deine Priester die ganze kranke Menschheit Dir zuf\u00fchren, auf dass durch sie noch einmal die Erde erneuert,<br>Deine Kirche erh\u00f6ht und das Reich Deines Herzens im Frieden begr\u00fcndet werde.<br>Unbefleckte Jungfrau, Mutter des ewigen Priesters und selber Opferpriesterin und Opferaltar unter dem Kreuze, wo du den Lieblingspriester Jesu,<br>den heiligen Johannes, zu deinem ersten Sohn annahmst, der dann im Abendmahlsaal dir, der Lehrerin und K\u00f6nigin der Apostel, zur Seite stand,<br>nimm auf deine heiligsten Lippen unser dem\u00fctiges Flehen, lass dasselbe widerhallen im Herzen deines g\u00f6ttlichen Sohnes<br>und erwirke mit deiner bittenden Allmacht der Kirche deines Jesus ein stets sich erneuerndes Pfingstfest. Amen.<br>Q: von einem Gebetszettel von 1907<\/p>\n","protected":false},"excerpt":{"rendered":"<p>Jesus, Du ewiger Hirte der Seelen, erh\u00f6re unser Gebet f\u00fcr unsere Priester. Du erh\u00f6rest ja darin Dein eigenes, unendliches Verlangen!Ja, Dein Herz schl\u00e4gt am zartesten und hei\u00dfesten gerade f\u00fcr die Priester, in denen Du alle Seelen mit Deiner Liebe umf\u00e4ngst.Wir &hellip; <a href=\"https:\/\/ecclesiae.de\/blog\/?page_id=10619\">Weiterlesen <span class=\"meta-nav\">&rarr;<\/span><\/a><\/p>\n","protected":false},"author":3,"featured_media":0,"parent":10545,"menu_order":0,"comment_status":"closed","ping_status":"closed","template":"","meta":{"footnotes":""},"class_list":["post-10619","page","type-page","status-publish","hentry"],"_links":{"self":[{"href":"https:\/\/ecclesiae.de\/blog\/index.php?rest_route=\/wp\/v2\/pages\/10619","targetHints":{"allow":["GET"]}}],"collection":[{"href":"https:\/\/ecclesiae.de\/blog\/index.php?rest_route=\/wp\/v2\/pages"}],"about":[{"href":"https:\/\/ecclesiae.de\/blog\/index.php?rest_route=\/wp\/v2\/types\/page"}],"author":[{"embeddable":true,"href":"https:\/\/ecclesiae.de\/blog\/index.php?rest_route=\/wp\/v2\/users\/3"}],"replies":[{"embeddable":true,"href":"https:\/\/ecclesiae.de\/blog\/index.php?rest_route=%2Fwp%2Fv2%2Fcomments&post=10619"}],"version-history":[{"count":1,"href":"https:\/\/ecclesiae.de\/blog\/index.php?rest_route=\/wp\/v2\/pages\/10619\/revisions"}],"predecessor-version":[{"id":10620,"href":"https:\/\/ecclesiae.de\/blog\/index.php?rest_route=\/wp\/v2\/pages\/10619\/revisions\/10620"}],"up":[{"embeddable":true,"href":"https:\/\/ecclesiae.de\/blog\/index.php?rest_route=\/wp\/v2\/pages\/10545"}],"wp:attachment":[{"href":"https:\/\/ecclesiae.de\/blog\/index.php?rest_route=%2Fwp%2Fv2%2Fmedia&parent=10619"}],"curies":[{"name":"wp","href":"https:\/\/api.w.org\/{rel}","templated":true}]}}