{"id":10625,"date":"2022-07-22T15:00:38","date_gmt":"2022-07-22T15:00:38","guid":{"rendered":"http:\/\/ecclesiae.de\/blog\/?page_id=10625"},"modified":"2022-07-22T15:00:38","modified_gmt":"2022-07-22T15:00:38","slug":"gebet-einer-gesegneten-mutter","status":"publish","type":"page","link":"https:\/\/ecclesiae.de\/blog\/?page_id=10625","title":{"rendered":"Gebet einer gesegneten Mutter"},"content":{"rendered":"\n<p><br><br>Euch, ihr lieben, heiligen Engel, bitte ich um euren Schutz und Beistand.<br>Geleitet mich und mein Kind nach Gottes Willen durch dieses Leben und seid unsere F\u00fcrsprecher am Throne Gottes!<br>Der Segen des allm\u00e4chtigen Gottes, des Vaters und des Sohnes und des Heiligen Geistes, komme \u00fcber mich und mein Kind. Amen<br>Maria mit dem Kinde lieb<br>uns allen deinen Segen gib!<br><br>Allm\u00e4chtiger Gott! Du hast einst den Leib und die Seele der allerheiligsten Jungfrau zu einer w\u00fcrdigen Wohnstatt deines Sohnes bereitet.<br>Nun hast du auch meinen Leib gesegnet und zum Werkzeug deines Sch\u00f6pferwillens gemacht.<br>In dankbarer Freude weihe ich mich ganz deinem heiligen Walten.<br>Auch das Kind, das du mir geschenkt hast, sei ganz dir geweiht.<br>Beh\u00fcte und bewahre dieses Leben, lass es gl\u00fccklich das Tageslicht erblicken und in der heiligen Taufe ein Gotteskind werden.<br>Schirme auch sein ferneres Leben, lass es in Treue deine Wege gehen und das ewige Leben erlangen.<br>Du hast aber, g\u00fctiger Gott, dieses werdende Leben meiner Hut, meiner Verantwortung anvertraut.<br>Darum bitte ich dich, lass mich gesund bleiben an Leib und Seele, an Herz und Gem\u00fct,<br>dass ich dem Kinde keine schlechten und gef\u00e4hrlichen Anlagen, sondern nur gute Gaben mit ins Leben gebe.<br><br>Hilf mir, himmlische Mutter, dass ich in diesen Monaten recht viel reine Freude im Herzen trage<br>und davon auch anderen Menschen mitteilen darf.<br>Gott und meinem Kinde zuliebe, will ich mich nicht niederdr\u00fccken lassen,<br>wenn jetzt oder in der schweren Stunde die Last allzu schwer werden m\u00f6chte.<br>Deine Schmerzen, Mutter, und die Leiden deines lieben Sohnes m\u00f6gen mir die Kraft dazu verleihen.<br>Ich bitte auch um den Segen deines Br\u00e4utigams, des heiligen Joseph, f\u00fcr mich, f\u00fcr das Kind und seinen Vater.<br>Unter seinem Schutz wollen wir eine heilige Familie werden, in Gottes Frieden und Eintracht leben.<br>Mit freundlicher Genehmigung v. P. Bernhard K.<\/p>\n","protected":false},"excerpt":{"rendered":"<p>Euch, ihr lieben, heiligen Engel, bitte ich um euren Schutz und Beistand.Geleitet mich und mein Kind nach Gottes Willen durch dieses Leben und seid unsere F\u00fcrsprecher am Throne Gottes!Der Segen des allm\u00e4chtigen Gottes, des Vaters und des Sohnes und des &hellip; <a href=\"https:\/\/ecclesiae.de\/blog\/?page_id=10625\">Weiterlesen <span class=\"meta-nav\">&rarr;<\/span><\/a><\/p>\n","protected":false},"author":3,"featured_media":0,"parent":10545,"menu_order":0,"comment_status":"closed","ping_status":"closed","template":"","meta":{"footnotes":""},"class_list":["post-10625","page","type-page","status-publish","hentry"],"_links":{"self":[{"href":"https:\/\/ecclesiae.de\/blog\/index.php?rest_route=\/wp\/v2\/pages\/10625","targetHints":{"allow":["GET"]}}],"collection":[{"href":"https:\/\/ecclesiae.de\/blog\/index.php?rest_route=\/wp\/v2\/pages"}],"about":[{"href":"https:\/\/ecclesiae.de\/blog\/index.php?rest_route=\/wp\/v2\/types\/page"}],"author":[{"embeddable":true,"href":"https:\/\/ecclesiae.de\/blog\/index.php?rest_route=\/wp\/v2\/users\/3"}],"replies":[{"embeddable":true,"href":"https:\/\/ecclesiae.de\/blog\/index.php?rest_route=%2Fwp%2Fv2%2Fcomments&post=10625"}],"version-history":[{"count":1,"href":"https:\/\/ecclesiae.de\/blog\/index.php?rest_route=\/wp\/v2\/pages\/10625\/revisions"}],"predecessor-version":[{"id":10626,"href":"https:\/\/ecclesiae.de\/blog\/index.php?rest_route=\/wp\/v2\/pages\/10625\/revisions\/10626"}],"up":[{"embeddable":true,"href":"https:\/\/ecclesiae.de\/blog\/index.php?rest_route=\/wp\/v2\/pages\/10545"}],"wp:attachment":[{"href":"https:\/\/ecclesiae.de\/blog\/index.php?rest_route=%2Fwp%2Fv2%2Fmedia&parent=10625"}],"curies":[{"name":"wp","href":"https:\/\/api.w.org\/{rel}","templated":true}]}}